{"id":423,"date":"2018-10-25T20:47:40","date_gmt":"2018-10-25T20:47:40","guid":{"rendered":"http:\/\/santotomasdeaquino-torrent.es\/?page_id=423"},"modified":"2019-10-06T22:11:48","modified_gmt":"2019-10-06T20:11:48","slug":"quienes-somos","status":"publish","type":"page","link":"https:\/\/albertogarel.es\/satoa\/quienes-somos\/","title":{"rendered":"\u00bfQuienes somos?"},"content":{"rendered":"<div id=\"pl-423\"  class=\"panel-layout\" ><div id=\"pg-423-0\"  class=\"panel-grid panel-has-style\" ><div class=\"siteorigin-panels-stretch panel-row-style panel-row-style-for-423-0\" data-stretch-type=\"full-stretched\" ><div id=\"pgc-423-0-0\"  class=\"panel-grid-cell\" ><div id=\"panel-423-0-0-0\" class=\"so-panel widget widget_sow-headline panel-first-child panel-last-child\" data-index=\"0\" ><div class=\"panel-widget-style panel-widget-style-for-423-0-0-0\" ><div\n\t\t\t\n\t\t\tclass=\"so-widget-sow-headline so-widget-sow-headline-default-1ac82e701c66-423 so-widget-fittext-wrapper\"\n\t\t\t data-fit-text-compressor=\"0.85\"\n\t\t><div class=\"sow-headline-container \">\n\t<h1 class='sow-headline'>\u00bfQUIENES SOMOS?<\/h1>\t\t\t\t\t<div class=\"decoration\">\n\t\t\t\t\t\t<div class=\"decoration-inside\"><\/div>\n\t\t\t\t\t<\/div>\n\t\t\t\t\t<\/div><\/div><\/div><\/div><\/div><\/div><\/div><div id=\"pg-423-1\"  class=\"panel-grid panel-no-style\" ><div id=\"pgc-423-1-0\"  class=\"panel-grid-cell panel-grid-cell-empty\" ><\/div><div id=\"pgc-423-1-1\"  class=\"panel-grid-cell panel-grid-cell-mobile-last\" ><div id=\"panel-423-1-1-0\" class=\"so-panel widget widget_bcn_widget widget_breadcrumb_navxt panel-first-child panel-last-child\" data-index=\"1\" ><div class=\"panel-widget-style panel-widget-style-for-423-1-1-0\" ><div class=\"breadcrumbs\" vocab=\"https:\/\/schema.org\/\" typeof=\"BreadcrumbList\"><!-- Breadcrumb NavXT 7.1.0 -->\n<span property=\"itemListElement\" typeof=\"ListItem\"><a property=\"item\" typeof=\"WebPage\" title=\"Ir a multi Sites.\" href=\"https:\/\/albertogarel.es\" class=\"main-home\" ><span property=\"name\">multi Sites<\/span><\/a><meta property=\"position\" content=\"1\"><\/span> &gt; <span property=\"itemListElement\" typeof=\"ListItem\"><a property=\"item\" typeof=\"WebPage\" title=\"Ir a Colegio Santo Tom\u00e1s de Aquino.\" href=\"https:\/\/albertogarel.es\/satoa\" class=\"home\" aria-current=\"page\"><span property=\"name\">Colegio Santo Tom\u00e1s de Aquino<\/span><\/a><meta property=\"position\" content=\"2\"><\/span><\/div><\/div><\/div><\/div><div id=\"pgc-423-1-2\"  class=\"panel-grid-cell panel-grid-cell-empty\" ><\/div><\/div><div id=\"pg-423-2\"  class=\"panel-grid panel-has-style\" ><div class=\"panel-row-style panel-row-style-for-423-2\" ><div id=\"pgc-423-2-0\"  class=\"panel-grid-cell panel-grid-cell-empty\" ><\/div><div id=\"pgc-423-2-1\"  class=\"panel-grid-cell\" ><div id=\"panel-423-2-1-0\" class=\"so-panel widget widget_sow-image panel-first-child\" data-index=\"2\" ><div class=\"panel-widget-style panel-widget-style-for-423-2-1-0\" ><div\n\t\t\t\n\t\t\tclass=\"so-widget-sow-image so-widget-sow-image-default-7877d6771435-423\"\n\t\t\t\n\t\t>\n\n<div class=\"sow-image-container\">\n\t\t<img src=\"https:\/\/albertogarel.es\/satoa\/wp-content\/uploads\/sites\/5\/2018\/12\/portadapintura.jpg\" width=\"1280\" height=\"640\" srcset=\"https:\/\/albertogarel.es\/satoa\/wp-content\/uploads\/sites\/5\/2018\/12\/portadapintura.jpg 1280w, https:\/\/albertogarel.es\/satoa\/wp-content\/uploads\/sites\/5\/2018\/12\/portadapintura-300x150.jpg 300w, https:\/\/albertogarel.es\/satoa\/wp-content\/uploads\/sites\/5\/2018\/12\/portadapintura-768x384.jpg 768w, https:\/\/albertogarel.es\/satoa\/wp-content\/uploads\/sites\/5\/2018\/12\/portadapintura-1024x512.jpg 1024w\" sizes=\"(max-width: 1280px) 100vw, 1280px\" alt=\"imagen representativa del colegio\" loading=\"lazy\" \t\tclass=\"so-widget-image\"\/>\n\t<\/div>\n\n<\/div><\/div><\/div><div id=\"panel-423-2-1-1\" class=\"so-panel widget widget_sow-editor panel-last-child\" data-index=\"3\" ><div\n\t\t\t\n\t\t\tclass=\"so-widget-sow-editor so-widget-sow-editor-base\"\n\t\t\t\n\t\t>\n<div class=\"siteorigin-widget-tinymce textwidget\">\n\t<h1 style=\"text-align: left;\">Quienes somos<\/h1>\n<hr \/>\n<p>&nbsp;<\/p>\n<p>Con una historia de m\u00e1s de 70 a\u00f1os existe en la ciudad de Torrente un centro educativo de gran arraigo social por las muchas generaciones de personas que han pasado por sus aulas.<\/p>\n<p>El Colegio Santo Tom\u00e1s de Aquino fue fundado por D. Enrique Miquel Mossi y D. Fernando Furi\u00f3 Roca, en el a\u00f1o 1945, en un primer piso de una casa de la avenida torrentina.<\/p>\n<p>Posteriormente se traslad\u00f3 a otros locales en la misma avenida, impartiendo ya clases de Primera y Segunda Ense\u00f1anza, Secretariado, Labores, Dibujo y Hogar. En 1966 ampl\u00eda locales en la calle Padre M\u00e9ndez. En 1973 se inaugur\u00f3 el nuevo centro de la calle Cam\u00ed Reial, donde se concentraron todas sus ense\u00f1anzas y desde continua en la actualidad impartiendo docencia.<\/p>\n<p>El colegio\u00a0<strong>Santo Tom\u00e1s de Aquino<\/strong>\u00a0quiere caracterizarse y configurarse de acuerdo con los\u00a0<strong>valores de la constituci\u00f3n<\/strong>\u00a0y desde el respeto a los derechos y libertades reconocidos en ella. Manteniendo las\u00a0<em>ra\u00edces cristianas<\/em>\u00a0y la fidelidad a los principios transmitidos por los fundadores, adapt\u00e1ndolos al momento social.<\/p>\n<p>Nuestra finalidad es la\u00a0<em>educaci\u00f3n integral de los alumnos\/as<\/em>, desde la\u00a0<em>diversidad<\/em>, orient\u00e1ndolos para que\u00a0<em>desarrollen<\/em>\u00a0al m\u00e1ximo sus\u00a0<em>capacidades<\/em>, y\u00a0<em>alcancen con \u00e9xito su integraci\u00f3n en la sociedad<\/em>.<\/p>\n<p>Inculcamos la importancia de la responsabilidad tanto en el esfuerzo en el trabajo como en todas las actuaciones en el d\u00eda a d\u00eda.\u00a0<strong>Formamos a nuestros alumnos y alumnas<\/strong>\u00a0en el desarrollo de su autonom\u00eda personal para que todas las ense\u00f1anzas que reciben\u00a0<strong>sepan aplicarlas en las situaciones reales que viven, en todo \u00e1mbito y circunstancia<\/strong>. Asimismo\u00a0<strong>potenciamos el respeto<\/strong>\u00a0a las\u00a0<em>diferentes cultura<\/em>s y\u00a0<em>diferencias individuales<\/em>\u00a0como tambi\u00e9n el inter\u00e9s por\u00a0<em>preservar y mantener las singularidades de la ciudad de Torrent.<\/em><\/p>\n<p>&nbsp;<\/p>\n<\/div>\n<\/div><\/div><\/div><div id=\"pgc-423-2-2\"  class=\"panel-grid-cell panel-grid-cell-mobile-last\" ><div class=\"panel-cell-style panel-cell-style-for-423-2-2\" ><div id=\"panel-423-2-2-0\" class=\"so-panel widget widget_sow-image panel-first-child\" data-index=\"4\" ><div class=\"imgn panel-widget-style panel-widget-style-for-423-2-2-0\" ><div\n\t\t\t\n\t\t\tclass=\"so-widget-sow-image so-widget-sow-image-default-17bc2272b535-423\"\n\t\t\t\n\t\t>\n\n<div class=\"sow-image-container\">\n\t\t\t<a href=\"https:\/\/albertogarel.es\/satoa\/quienes-somos\/proyecto-educativo\/\"\n\t\t\t\t\t>\n\t\t\t<img src=\"https:\/\/albertogarel.es\/satoa\/wp-content\/uploads\/sites\/5\/2018\/11\/PROYECTOEDUCATIVO.jpg\" width=\"1920\" height=\"1080\" srcset=\"https:\/\/albertogarel.es\/satoa\/wp-content\/uploads\/sites\/5\/2018\/11\/PROYECTOEDUCATIVO.jpg 1920w, https:\/\/albertogarel.es\/satoa\/wp-content\/uploads\/sites\/5\/2018\/11\/PROYECTOEDUCATIVO-300x169.jpg 300w, https:\/\/albertogarel.es\/satoa\/wp-content\/uploads\/sites\/5\/2018\/11\/PROYECTOEDUCATIVO-768x432.jpg 768w, https:\/\/albertogarel.es\/satoa\/wp-content\/uploads\/sites\/5\/2018\/11\/PROYECTOEDUCATIVO-1024x576.jpg 1024w\" sizes=\"(max-width: 1920px) 100vw, 1920px\" alt=\"\" loading=\"lazy\" \t\tclass=\"so-widget-image\"\/>\n\t<\/a><\/div>\n\n<\/div><\/div><\/div><div id=\"panel-423-2-2-1\" class=\"so-panel widget widget_sow-image\" data-index=\"5\" ><div class=\"imgn panel-widget-style panel-widget-style-for-423-2-2-1\" ><div\n\t\t\t\n\t\t\tclass=\"so-widget-sow-image so-widget-sow-image-default-17bc2272b535-423\"\n\t\t\t\n\t\t>\n\n<div class=\"sow-image-container\">\n\t\t\t<a href=\"https:\/\/albertogarel.es\/satoa\/quienes-somos\/el-colegio\/\"\n\t\t\t\t\t>\n\t\t\t<img src=\"https:\/\/albertogarel.es\/satoa\/wp-content\/uploads\/sites\/5\/2018\/11\/elcolegio.jpg\" width=\"1920\" height=\"1080\" srcset=\"https:\/\/albertogarel.es\/satoa\/wp-content\/uploads\/sites\/5\/2018\/11\/elcolegio.jpg 1920w, https:\/\/albertogarel.es\/satoa\/wp-content\/uploads\/sites\/5\/2018\/11\/elcolegio-300x169.jpg 300w, https:\/\/albertogarel.es\/satoa\/wp-content\/uploads\/sites\/5\/2018\/11\/elcolegio-768x432.jpg 768w, https:\/\/albertogarel.es\/satoa\/wp-content\/uploads\/sites\/5\/2018\/11\/elcolegio-1024x576.jpg 1024w\" sizes=\"(max-width: 1920px) 100vw, 1920px\" alt=\"\" loading=\"lazy\" \t\tclass=\"so-widget-image\"\/>\n\t<\/a><\/div>\n\n<\/div><\/div><\/div><div id=\"panel-423-2-2-2\" class=\"so-panel widget widget_sow-image\" data-index=\"6\" ><div class=\"imgn panel-widget-style panel-widget-style-for-423-2-2-2\" ><div\n\t\t\t\n\t\t\tclass=\"so-widget-sow-image so-widget-sow-image-default-17bc2272b535-423\"\n\t\t\t\n\t\t>\n\n<div class=\"sow-image-container\">\n\t\t\t<a href=\"https:\/\/albertogarel.es\/satoa\/quienes-somos\/donde-estamos\/\"\n\t\t\t\t\t>\n\t\t\t<img src=\"https:\/\/albertogarel.es\/satoa\/wp-content\/uploads\/sites\/5\/2018\/11\/quienessomos-compressor.jpg\" width=\"1920\" height=\"1080\" srcset=\"https:\/\/albertogarel.es\/satoa\/wp-content\/uploads\/sites\/5\/2018\/11\/quienessomos-compressor.jpg 1920w, https:\/\/albertogarel.es\/satoa\/wp-content\/uploads\/sites\/5\/2018\/11\/quienessomos-compressor-300x169.jpg 300w, https:\/\/albertogarel.es\/satoa\/wp-content\/uploads\/sites\/5\/2018\/11\/quienessomos-compressor-768x432.jpg 768w, https:\/\/albertogarel.es\/satoa\/wp-content\/uploads\/sites\/5\/2018\/11\/quienessomos-compressor-1024x576.jpg 1024w\" sizes=\"(max-width: 1920px) 100vw, 1920px\" alt=\"\" loading=\"lazy\" \t\tclass=\"so-widget-image\"\/>\n\t<\/a><\/div>\n\n<\/div><\/div><\/div><div id=\"panel-423-2-2-3\" class=\"so-panel widget widget_sow-image\" data-index=\"7\" ><div class=\"imgn panel-widget-style panel-widget-style-for-423-2-2-3\" ><div\n\t\t\t\n\t\t\tclass=\"so-widget-sow-image so-widget-sow-image-default-17bc2272b535-423\"\n\t\t\t\n\t\t>\n\n<div class=\"sow-image-container\">\n\t\t\t<a href=\"https:\/\/albertogarel.es\/satoa\/quienes-somos\/satoa-coop\/\"\n\t\t\t\t\t>\n\t\t\t<img src=\"https:\/\/albertogarel.es\/satoa\/wp-content\/uploads\/sites\/5\/2018\/11\/satoacoop.jpg\" width=\"1920\" height=\"1080\" srcset=\"https:\/\/albertogarel.es\/satoa\/wp-content\/uploads\/sites\/5\/2018\/11\/satoacoop.jpg 1920w, https:\/\/albertogarel.es\/satoa\/wp-content\/uploads\/sites\/5\/2018\/11\/satoacoop-300x169.jpg 300w, https:\/\/albertogarel.es\/satoa\/wp-content\/uploads\/sites\/5\/2018\/11\/satoacoop-768x432.jpg 768w, https:\/\/albertogarel.es\/satoa\/wp-content\/uploads\/sites\/5\/2018\/11\/satoacoop-1024x576.jpg 1024w\" sizes=\"(max-width: 1920px) 100vw, 1920px\" alt=\"\" loading=\"lazy\" \t\tclass=\"so-widget-image\"\/>\n\t<\/a><\/div>\n\n<\/div><\/div><\/div><div id=\"panel-423-2-2-4\" class=\"so-panel widget widget_sow-image\" data-index=\"8\" ><div class=\"imgn panel-widget-style panel-widget-style-for-423-2-2-4\" ><div\n\t\t\t\n\t\t\tclass=\"so-widget-sow-image so-widget-sow-image-default-17bc2272b535-423\"\n\t\t\t\n\t\t>\n\n<div class=\"sow-image-container\">\n\t\t\t<a href=\"https:\/\/albertogarel.es\/satoa\/quienes-somos\/historia-del-centro\/\"\n\t\t\t\t\t>\n\t\t\t<img src=\"https:\/\/albertogarel.es\/satoa\/wp-content\/uploads\/sites\/5\/2018\/11\/historia.jpg\" width=\"1920\" height=\"1080\" srcset=\"https:\/\/albertogarel.es\/satoa\/wp-content\/uploads\/sites\/5\/2018\/11\/historia.jpg 1920w, https:\/\/albertogarel.es\/satoa\/wp-content\/uploads\/sites\/5\/2018\/11\/historia-300x169.jpg 300w, https:\/\/albertogarel.es\/satoa\/wp-content\/uploads\/sites\/5\/2018\/11\/historia-768x432.jpg 768w, https:\/\/albertogarel.es\/satoa\/wp-content\/uploads\/sites\/5\/2018\/11\/historia-1024x576.jpg 1024w\" sizes=\"(max-width: 1920px) 100vw, 1920px\" alt=\"\" loading=\"lazy\" \t\tclass=\"so-widget-image\"\/>\n\t<\/a><\/div>\n\n<\/div><\/div><\/div><div id=\"panel-423-2-2-5\" class=\"so-panel widget widget_sow-image panel-last-child\" data-index=\"9\" ><div class=\"imgn panel-widget-style panel-widget-style-for-423-2-2-5\" ><div\n\t\t\t\n\t\t\tclass=\"so-widget-sow-image so-widget-sow-image-default-17bc2272b535-423\"\n\t\t\t\n\t\t>\n\n<div class=\"sow-image-container\">\n\t\t\t<a href=\"https:\/\/albertogarel.es\/satoa\/quienes-somos\/identidad\/\"\n\t\t\t\t\t>\n\t\t\t<img src=\"https:\/\/albertogarel.es\/satoa\/wp-content\/uploads\/sites\/5\/2018\/11\/identtidad.jpg\" width=\"1920\" height=\"1080\" srcset=\"https:\/\/albertogarel.es\/satoa\/wp-content\/uploads\/sites\/5\/2018\/11\/identtidad.jpg 1920w, https:\/\/albertogarel.es\/satoa\/wp-content\/uploads\/sites\/5\/2018\/11\/identtidad-300x169.jpg 300w, https:\/\/albertogarel.es\/satoa\/wp-content\/uploads\/sites\/5\/2018\/11\/identtidad-768x432.jpg 768w, https:\/\/albertogarel.es\/satoa\/wp-content\/uploads\/sites\/5\/2018\/11\/identtidad-1024x576.jpg 1024w\" sizes=\"(max-width: 1920px) 100vw, 1920px\" alt=\"\" loading=\"lazy\" \t\tclass=\"so-widget-image\"\/>\n\t<\/a><\/div>\n\n<\/div><\/div><\/div><\/div><\/div><div id=\"pgc-423-2-3\"  class=\"panel-grid-cell panel-grid-cell-empty\" ><\/div><\/div><\/div><div id=\"pg-423-3\"  class=\"panel-grid panel-no-style\" ><div id=\"pgc-423-3-0\"  class=\"panel-grid-cell panel-grid-cell-empty\" ><\/div><div id=\"pgc-423-3-1\"  class=\"panel-grid-cell panel-grid-cell-mobile-last\" ><div id=\"panel-423-3-1-0\" class=\"so-panel widget widget_sow-image panel-first-child panel-last-child\" data-index=\"10\" ><div\n\t\t\t\n\t\t\tclass=\"so-widget-sow-image so-widget-sow-image-default-7877d6771435-423\"\n\t\t\t\n\t\t>\n\n<div class=\"sow-image-container\">\n\t\t<img src=\"https:\/\/albertogarel.es\/satoa\/wp-content\/uploads\/sites\/5\/2018\/12\/estrellascolorcorporativo.png\" width=\"1280\" height=\"320\" srcset=\"https:\/\/albertogarel.es\/satoa\/wp-content\/uploads\/sites\/5\/2018\/12\/estrellascolorcorporativo.png 1280w, https:\/\/albertogarel.es\/satoa\/wp-content\/uploads\/sites\/5\/2018\/12\/estrellascolorcorporativo-300x75.png 300w, https:\/\/albertogarel.es\/satoa\/wp-content\/uploads\/sites\/5\/2018\/12\/estrellascolorcorporativo-768x192.png 768w, https:\/\/albertogarel.es\/satoa\/wp-content\/uploads\/sites\/5\/2018\/12\/estrellascolorcorporativo-1024x256.png 1024w\" sizes=\"(max-width: 1280px) 100vw, 1280px\" alt=\"estrellas decorativas\" loading=\"lazy\" \t\tclass=\"so-widget-image\"\/>\n\t<\/div>\n\n<\/div><\/div><\/div><div id=\"pgc-423-3-2\"  class=\"panel-grid-cell panel-grid-cell-empty\" ><\/div><\/div><div id=\"pg-423-4\"  class=\"panel-grid panel-has-style\" ><div class=\"siteorigin-panels-stretch panel-row-style panel-row-style-for-423-4\" data-stretch-type=\"full\" ><div id=\"pgc-423-4-0\"  class=\"panel-grid-cell\" ><div id=\"panel-423-4-0-0\" class=\"so-panel widget widget_sow-headline panel-first-child panel-last-child\" data-index=\"11\" ><div\n\t\t\t\n\t\t\tclass=\"so-widget-sow-headline so-widget-sow-headline-default-d84ffd1d5be4-423\"\n\t\t\t\n\t\t><div class=\"sow-headline-container \">\n\t\t\t\t\t\t<div class=\"decoration\">\n\t\t\t\t\t\t<div class=\"decoration-inside\"><\/div>\n\t\t\t\t\t<\/div>\n\t\t\t\t\t<\/div><\/div><\/div><\/div><\/div><\/div><\/div>","protected":false},"excerpt":{"rendered":"<p>\u00bfQUIENES SOMOS? multi Sites &gt; Colegio Santo Tom\u00e1s de Aquino Quienes somos &nbsp; Con una historia de m\u00e1s de 70 a\u00f1os existe en la ciudad de Torrente un centro educativo de gran arraigo social por las muchas generaciones de personas que han pasado por sus aulas. El Colegio Santo Tom\u00e1s [&hellip;]<\/p>\n","protected":false},"author":6,"featured_media":0,"parent":0,"menu_order":0,"comment_status":"closed","ping_status":"closed","template":"template-fullwidth.php","meta":[],"acf":[],"_links":{"self":[{"href":"https:\/\/albertogarel.es\/satoa\/wp-json\/wp\/v2\/pages\/423"}],"collection":[{"href":"https:\/\/albertogarel.es\/satoa\/wp-json\/wp\/v2\/pages"}],"about":[{"href":"https:\/\/albertogarel.es\/satoa\/wp-json\/wp\/v2\/types\/page"}],"author":[{"embeddable":true,"href":"https:\/\/albertogarel.es\/satoa\/wp-json\/wp\/v2\/users\/6"}],"replies":[{"embeddable":true,"href":"https:\/\/albertogarel.es\/satoa\/wp-json\/wp\/v2\/comments?post=423"}],"version-history":[{"count":0,"href":"https:\/\/albertogarel.es\/satoa\/wp-json\/wp\/v2\/pages\/423\/revisions"}],"wp:attachment":[{"href":"https:\/\/albertogarel.es\/satoa\/wp-json\/wp\/v2\/media?parent=423"}],"curies":[{"name":"wp","href":"https:\/\/api.w.org\/{rel}","templated":true}]}}