{"id":427,"date":"2018-10-25T20:48:23","date_gmt":"2018-10-25T20:48:23","guid":{"rendered":"http:\/\/santotomasdeaquino-torrent.es\/?page_id=427"},"modified":"2022-10-10T03:06:43","modified_gmt":"2022-10-10T01:06:43","slug":"oferta-educativa","status":"publish","type":"page","link":"https:\/\/albertogarel.es\/satoa\/oferta-educativa\/","title":{"rendered":"Oferta educativa"},"content":{"rendered":"<div id=\"pl-427\"  class=\"panel-layout\" ><div id=\"pg-427-0\"  class=\"panel-grid panel-has-style\" ><div class=\"siteorigin-panels-stretch panel-row-style panel-row-style-for-427-0\" data-stretch-type=\"full-stretched\" ><div id=\"pgc-427-0-0\"  class=\"panel-grid-cell\" ><div id=\"panel-427-0-0-0\" class=\"so-panel widget widget_sow-headline panel-first-child panel-last-child\" data-index=\"0\" ><div class=\"panel-widget-style panel-widget-style-for-427-0-0-0\" ><div\n\t\t\t\n\t\t\tclass=\"so-widget-sow-headline so-widget-sow-headline-default-1ac82e701c66-427 so-widget-fittext-wrapper\"\n\t\t\t data-fit-text-compressor=\"0.85\"\n\t\t><div class=\"sow-headline-container \">\n\t<h1 class='sow-headline'>OFERTA EDUCATIVA<\/h1>\t\t\t\t\t<div class=\"decoration\">\n\t\t\t\t\t\t<div class=\"decoration-inside\"><\/div>\n\t\t\t\t\t<\/div>\n\t\t\t\t\t<\/div><\/div><\/div><\/div><\/div><\/div><\/div><div id=\"pg-427-1\"  class=\"panel-grid panel-has-style\" ><div class=\"panel-row-style panel-row-style-for-427-1\" ><div id=\"pgc-427-1-0\"  class=\"panel-grid-cell panel-grid-cell-empty\" ><\/div><div id=\"pgc-427-1-1\"  class=\"panel-grid-cell panel-grid-cell-mobile-last\" ><div id=\"panel-427-1-1-0\" class=\"so-panel widget widget_bcn_widget widget_breadcrumb_navxt panel-first-child panel-last-child\" data-index=\"1\" ><div class=\"panel-widget-style panel-widget-style-for-427-1-1-0\" ><div class=\"breadcrumbs\" vocab=\"https:\/\/schema.org\/\" typeof=\"BreadcrumbList\"><!-- Breadcrumb NavXT 7.1.0 -->\n<span property=\"itemListElement\" typeof=\"ListItem\"><a property=\"item\" typeof=\"WebPage\" title=\"Ir a multi Sites.\" href=\"https:\/\/albertogarel.es\" class=\"main-home\" ><span property=\"name\">multi Sites<\/span><\/a><meta property=\"position\" content=\"1\"><\/span> &gt; <span property=\"itemListElement\" typeof=\"ListItem\"><a property=\"item\" typeof=\"WebPage\" title=\"Ir a Colegio Santo Tom\u00e1s de Aquino.\" href=\"https:\/\/albertogarel.es\/satoa\" class=\"home\" aria-current=\"page\"><span property=\"name\">Colegio Santo Tom\u00e1s de Aquino<\/span><\/a><meta property=\"position\" content=\"2\"><\/span><\/div><\/div><\/div><\/div><div id=\"pgc-427-1-2\"  class=\"panel-grid-cell panel-grid-cell-empty\" ><\/div><\/div><\/div><div id=\"pg-427-2\"  class=\"panel-grid panel-has-style\" ><div class=\"panel-row-style panel-row-style-for-427-2\" ><div id=\"pgc-427-2-0\"  class=\"panel-grid-cell panel-grid-cell-empty\" ><\/div><div id=\"pgc-427-2-1\"  class=\"panel-grid-cell\" ><div id=\"panel-427-2-1-0\" class=\"so-panel widget widget_sow-image panel-first-child\" data-index=\"2\" ><div class=\"imgnbox panel-widget-style panel-widget-style-for-427-2-1-0\" ><div\n\t\t\t\n\t\t\tclass=\"so-widget-sow-image so-widget-sow-image-default-d6014b76747a-427\"\n\t\t\t\n\t\t>\n\n<div class=\"sow-image-container\">\n\t\t\t<a href=\"https:\/\/albertogarel.es\/satoa\/oferta-educativa\/educacion-infantil\/\"\n\t\t\t\t\t>\n\t\t\t<img src=\"https:\/\/albertogarel.es\/satoa\/wp-content\/uploads\/sites\/5\/2018\/11\/EDUCACIONINFANTIL.jpg\" width=\"1280\" height=\"853\" srcset=\"https:\/\/albertogarel.es\/satoa\/wp-content\/uploads\/sites\/5\/2018\/11\/EDUCACIONINFANTIL.jpg 1280w, https:\/\/albertogarel.es\/satoa\/wp-content\/uploads\/sites\/5\/2018\/11\/EDUCACIONINFANTIL-300x200.jpg 300w, https:\/\/albertogarel.es\/satoa\/wp-content\/uploads\/sites\/5\/2018\/11\/EDUCACIONINFANTIL-768x512.jpg 768w, https:\/\/albertogarel.es\/satoa\/wp-content\/uploads\/sites\/5\/2018\/11\/EDUCACIONINFANTIL-1024x682.jpg 1024w, https:\/\/albertogarel.es\/satoa\/wp-content\/uploads\/sites\/5\/2018\/11\/EDUCACIONINFANTIL-272x182.jpg 272w\" sizes=\"(max-width: 1280px) 100vw, 1280px\" alt=\"\" loading=\"lazy\" \t\tclass=\"so-widget-image\"\/>\n\t<\/a><\/div>\n\n<\/div><\/div><\/div><div id=\"panel-427-2-1-1\" class=\"so-panel widget widget_sow-image panel-last-child\" data-index=\"3\" ><div\n\t\t\t\n\t\t\tclass=\"so-widget-sow-image so-widget-sow-image-default-2ec334f0a340-427\"\n\t\t\t\n\t\t>\n\n<div class=\"sow-image-container\">\n\t\t<img src=\"https:\/\/albertogarel.es\/satoa\/wp-content\/uploads\/sites\/5\/2018\/11\/FLECHAIZDA-300x150.png\" width=\"300\" height=\"150\" srcset=\"https:\/\/albertogarel.es\/satoa\/wp-content\/uploads\/sites\/5\/2018\/11\/FLECHAIZDA-300x150.png 300w, https:\/\/albertogarel.es\/satoa\/wp-content\/uploads\/sites\/5\/2018\/11\/FLECHAIZDA.png 640w\" sizes=\"(max-width: 300px) 100vw, 300px\" alt=\"\" loading=\"lazy\" \t\tclass=\"so-widget-image\"\/>\n\t<\/div>\n\n<\/div><\/div><\/div><div id=\"pgc-427-2-2\"  class=\"panel-grid-cell panel-grid-cell-mobile-last\" ><div id=\"panel-427-2-2-0\" class=\"so-panel widget widget_sow-editor panel-first-child panel-last-child\" data-index=\"4\" ><div class=\"panel-widget-style panel-widget-style-for-427-2-2-0\" ><div\n\t\t\t\n\t\t\tclass=\"so-widget-sow-editor so-widget-sow-editor-base\"\n\t\t\t\n\t\t>\n<div class=\"siteorigin-widget-tinymce textwidget\">\n\t<h2>Primeros pasos<\/h2>\n<p>La infancia es la etapa m\u00e1s importante de la vida, pues es en estos primeros pasos es donde se sentar\u00e1n las bases que determinar\u00e1n nuestra conducta. Por eso es important\u00edsimo una educaci\u00f3n temprana de calidad, donde aprendizaje y conducta deben ir de la mano para que adquieran buenos valores para la formaci\u00f3n de su personalidad, car\u00e1cter e identidad.<\/p>\n<\/div>\n<\/div><\/div><\/div><\/div><div id=\"pgc-427-2-3\"  class=\"panel-grid-cell panel-grid-cell-empty\" ><\/div><\/div><\/div><div id=\"pg-427-3\"  class=\"panel-grid panel-has-style\" ><div class=\"panel-row-style panel-row-style-for-427-3\" ><div id=\"pgc-427-3-0\"  class=\"panel-grid-cell panel-grid-cell-empty\" ><\/div><div id=\"pgc-427-3-1\"  class=\"panel-grid-cell\" ><div id=\"panel-427-3-1-0\" class=\"so-panel widget widget_sow-editor panel-first-child panel-last-child\" data-index=\"5\" ><div class=\"panel-widget-style panel-widget-style-for-427-3-1-0\" ><div\n\t\t\t\n\t\t\tclass=\"so-widget-sow-editor so-widget-sow-editor-base\"\n\t\t\t\n\t\t>\n<div class=\"siteorigin-widget-tinymce textwidget\">\n\t<h2>El objetivo<\/h2>\n<p>La finalidad de la Educaci\u00f3n Primaria en Espa\u00f1a es facilitar a los alumnos y alumnas los aprendizajes de la expresi\u00f3n y comprensi\u00f3n oral, la lectura, la escritura, la aritm\u00e9tica, la adquisici\u00f3n de nociones b\u00e1sicas de cultura y ciencia, y el h\u00e1bito de convivencia as\u00ed como los de estudio y trabajo, el sentido art\u00edstico, la creatividad y la afectividad, con el fin de garantizar una formaci\u00f3n integral que contribuya al pleno desarrollo de la personalidad de los alumnos y alumnas y de prepararlos para cursar con aprovechamiento la Educaci\u00f3n Secundaria Obligatoria.<\/p>\n<\/div>\n<\/div><\/div><\/div><\/div><div id=\"pgc-427-3-2\"  class=\"panel-grid-cell panel-grid-cell-mobile-last\" ><div id=\"panel-427-3-2-0\" class=\"so-panel widget widget_sow-image panel-first-child\" data-index=\"6\" ><div class=\"imgnbox panel-widget-style panel-widget-style-for-427-3-2-0\" ><div\n\t\t\t\n\t\t\tclass=\"so-widget-sow-image so-widget-sow-image-default-3b7bf7f7ae5d-427\"\n\t\t\t\n\t\t>\n\n<div class=\"sow-image-container\">\n\t\t\t<a href=\"https:\/\/albertogarel.es\/satoa\/oferta-educativa\/educacion-primaria\/\"\n\t\t\t\t\t>\n\t\t\t<img src=\"https:\/\/albertogarel.es\/satoa\/wp-content\/uploads\/sites\/5\/2022\/10\/EDUCACIONPRIMARIA-1024x682-1.jpg\" width=\"1024\" height=\"682\" srcset=\"https:\/\/albertogarel.es\/satoa\/wp-content\/uploads\/sites\/5\/2022\/10\/EDUCACIONPRIMARIA-1024x682-1.jpg 1024w, https:\/\/albertogarel.es\/satoa\/wp-content\/uploads\/sites\/5\/2022\/10\/EDUCACIONPRIMARIA-1024x682-1-300x200.jpg 300w, https:\/\/albertogarel.es\/satoa\/wp-content\/uploads\/sites\/5\/2022\/10\/EDUCACIONPRIMARIA-1024x682-1-768x512.jpg 768w, https:\/\/albertogarel.es\/satoa\/wp-content\/uploads\/sites\/5\/2022\/10\/EDUCACIONPRIMARIA-1024x682-1-272x182.jpg 272w\" sizes=\"(max-width: 1024px) 100vw, 1024px\" title=\"EDUCACIONPRIMARIA-1024&#215;682\" alt=\"IMAGEN EDUCACI\u00d3N PRIMARIA\" loading=\"lazy\" \t\tclass=\"so-widget-image\"\/>\n\t<\/a><\/div>\n\n<\/div><\/div><\/div><div id=\"panel-427-3-2-1\" class=\"so-panel widget widget_sow-image panel-last-child\" data-index=\"7\" ><div\n\t\t\t\n\t\t\tclass=\"so-widget-sow-image so-widget-sow-image-default-a5258576d588-427\"\n\t\t\t\n\t\t>\n\n<div class=\"sow-image-container\">\n\t\t<img src=\"https:\/\/albertogarel.es\/satoa\/wp-content\/uploads\/sites\/5\/2018\/11\/FLECHADCHA-300x150.png\" width=\"300\" height=\"150\" srcset=\"https:\/\/albertogarel.es\/satoa\/wp-content\/uploads\/sites\/5\/2018\/11\/FLECHADCHA-300x150.png 300w, https:\/\/albertogarel.es\/satoa\/wp-content\/uploads\/sites\/5\/2018\/11\/FLECHADCHA.png 640w\" sizes=\"(max-width: 300px) 100vw, 300px\" alt=\"\" loading=\"lazy\" \t\tclass=\"so-widget-image\"\/>\n\t<\/div>\n\n<\/div><\/div><\/div><div id=\"pgc-427-3-3\"  class=\"panel-grid-cell panel-grid-cell-empty\" ><\/div><\/div><\/div><div id=\"pg-427-4\"  class=\"panel-grid panel-no-style\" ><div id=\"pgc-427-4-0\"  class=\"panel-grid-cell panel-grid-cell-empty\" ><\/div><div id=\"pgc-427-4-1\"  class=\"panel-grid-cell panel-grid-cell-mobile-last\" ><div id=\"panel-427-4-1-0\" class=\"so-panel widget widget_sow-image panel-first-child panel-last-child\" data-index=\"8\" ><div\n\t\t\t\n\t\t\tclass=\"so-widget-sow-image so-widget-sow-image-default-17bc2272b535-427\"\n\t\t\t\n\t\t>\n\n<div class=\"sow-image-container\">\n\t\t<img src=\"https:\/\/albertogarel.es\/satoa\/wp-content\/uploads\/sites\/5\/2018\/11\/PAJARITOS-300x197.png\" width=\"300\" height=\"197\" srcset=\"https:\/\/albertogarel.es\/satoa\/wp-content\/uploads\/sites\/5\/2018\/11\/PAJARITOS-300x197.png 300w, https:\/\/albertogarel.es\/satoa\/wp-content\/uploads\/sites\/5\/2018\/11\/PAJARITOS-768x505.png 768w, https:\/\/albertogarel.es\/satoa\/wp-content\/uploads\/sites\/5\/2018\/11\/PAJARITOS-1024x673.png 1024w, https:\/\/albertogarel.es\/satoa\/wp-content\/uploads\/sites\/5\/2018\/11\/PAJARITOS.png 1280w\" sizes=\"(max-width: 300px) 100vw, 300px\" alt=\"\" loading=\"lazy\" \t\tclass=\"so-widget-image\"\/>\n\t<\/div>\n\n<\/div><\/div><\/div><div id=\"pgc-427-4-2\"  class=\"panel-grid-cell panel-grid-cell-empty\" ><\/div><\/div><div id=\"pg-427-5\"  class=\"panel-grid panel-has-style\" ><div class=\"siteorigin-panels-stretch panel-row-style panel-row-style-for-427-5\" data-stretch-type=\"full\" ><div id=\"pgc-427-5-0\"  class=\"panel-grid-cell\" ><div id=\"panel-427-5-0-0\" class=\"so-panel widget widget_sow-headline panel-first-child panel-last-child\" data-index=\"9\" ><div\n\t\t\t\n\t\t\tclass=\"so-widget-sow-headline so-widget-sow-headline-default-748fecd1da0e-427 so-widget-fittext-wrapper\"\n\t\t\t data-fit-text-compressor=\"0.85\"\n\t\t><div class=\"sow-headline-container \">\n\t\t\t\t\t\t<div class=\"decoration\">\n\t\t\t\t\t\t<div class=\"decoration-inside\"><\/div>\n\t\t\t\t\t<\/div>\n\t\t\t\t\t<\/div><\/div><\/div><\/div><\/div><\/div><\/div>","protected":false},"excerpt":{"rendered":"<p>OFERTA EDUCATIVA multi Sites &gt; Colegio Santo Tom\u00e1s de Aquino Primeros pasos La infancia es la etapa m\u00e1s importante de la vida, pues es en estos primeros pasos es donde se sentar\u00e1n las bases que determinar\u00e1n nuestra conducta. Por eso es important\u00edsimo una educaci\u00f3n temprana de calidad, donde aprendizaje y [&hellip;]<\/p>\n","protected":false},"author":6,"featured_media":0,"parent":0,"menu_order":0,"comment_status":"closed","ping_status":"closed","template":"template-fullwidth.php","meta":[],"acf":[],"_links":{"self":[{"href":"https:\/\/albertogarel.es\/satoa\/wp-json\/wp\/v2\/pages\/427"}],"collection":[{"href":"https:\/\/albertogarel.es\/satoa\/wp-json\/wp\/v2\/pages"}],"about":[{"href":"https:\/\/albertogarel.es\/satoa\/wp-json\/wp\/v2\/types\/page"}],"author":[{"embeddable":true,"href":"https:\/\/albertogarel.es\/satoa\/wp-json\/wp\/v2\/users\/6"}],"replies":[{"embeddable":true,"href":"https:\/\/albertogarel.es\/satoa\/wp-json\/wp\/v2\/comments?post=427"}],"version-history":[{"count":5,"href":"https:\/\/albertogarel.es\/satoa\/wp-json\/wp\/v2\/pages\/427\/revisions"}],"predecessor-version":[{"id":8333,"href":"https:\/\/albertogarel.es\/satoa\/wp-json\/wp\/v2\/pages\/427\/revisions\/8333"}],"wp:attachment":[{"href":"https:\/\/albertogarel.es\/satoa\/wp-json\/wp\/v2\/media?parent=427"}],"curies":[{"name":"wp","href":"https:\/\/api.w.org\/{rel}","templated":true}]}}