{"id":429,"date":"2018-10-25T20:48:45","date_gmt":"2018-10-25T20:48:45","guid":{"rendered":"http:\/\/santotomasdeaquino-torrent.es\/?page_id=429"},"modified":"2018-12-26T21:02:57","modified_gmt":"2018-12-26T20:02:57","slug":"servicios","status":"publish","type":"page","link":"https:\/\/albertogarel.es\/satoa\/servicios\/","title":{"rendered":"Servicios"},"content":{"rendered":"<div id=\"pl-429\"  class=\"panel-layout\" ><div id=\"pg-429-0\"  class=\"panel-grid panel-has-style\" ><div class=\"siteorigin-panels-stretch panel-row-style panel-row-style-for-429-0\" data-stretch-type=\"full-stretched\" ><div id=\"pgc-429-0-0\"  class=\"panel-grid-cell\" ><div id=\"panel-429-0-0-0\" class=\"so-panel widget widget_sow-headline panel-first-child panel-last-child\" data-index=\"0\" ><div class=\"panel-widget-style panel-widget-style-for-429-0-0-0\" ><div\n\t\t\t\n\t\t\tclass=\"so-widget-sow-headline so-widget-sow-headline-default-1ac82e701c66-429 so-widget-fittext-wrapper\"\n\t\t\t data-fit-text-compressor=\"0.85\"\n\t\t><div class=\"sow-headline-container \">\n\t<h1 class='sow-headline'>SERVICIOS<\/h1>\t\t\t\t\t<div class=\"decoration\">\n\t\t\t\t\t\t<div class=\"decoration-inside\"><\/div>\n\t\t\t\t\t<\/div>\n\t\t\t\t\t<\/div><\/div><\/div><\/div><\/div><\/div><\/div><div id=\"pg-429-1\"  class=\"panel-grid panel-has-style\" ><div class=\"panel-row-style panel-row-style-for-429-1\" ><div id=\"pgc-429-1-0\"  class=\"panel-grid-cell panel-grid-cell-empty\" ><\/div><div id=\"pgc-429-1-1\"  class=\"panel-grid-cell panel-grid-cell-mobile-last\" ><div id=\"panel-429-1-1-0\" class=\"so-panel widget widget_bcn_widget widget_breadcrumb_navxt panel-first-child panel-last-child\" data-index=\"1\" ><div class=\"panel-widget-style panel-widget-style-for-429-1-1-0\" ><div class=\"breadcrumbs\" vocab=\"https:\/\/schema.org\/\" typeof=\"BreadcrumbList\"><!-- Breadcrumb NavXT 7.1.0 -->\n<span property=\"itemListElement\" typeof=\"ListItem\"><a property=\"item\" typeof=\"WebPage\" title=\"Ir a multi Sites.\" href=\"https:\/\/albertogarel.es\" class=\"main-home\" ><span property=\"name\">multi Sites<\/span><\/a><meta property=\"position\" content=\"1\"><\/span> &gt; <span property=\"itemListElement\" typeof=\"ListItem\"><a property=\"item\" typeof=\"WebPage\" title=\"Ir a Colegio Santo Tom\u00e1s de Aquino.\" href=\"https:\/\/albertogarel.es\/satoa\" class=\"home\" aria-current=\"page\"><span property=\"name\">Colegio Santo Tom\u00e1s de Aquino<\/span><\/a><meta property=\"position\" content=\"2\"><\/span><\/div><\/div><\/div><\/div><div id=\"pgc-429-1-2\"  class=\"panel-grid-cell panel-grid-cell-empty\" ><\/div><\/div><\/div><div id=\"pg-429-2\"  class=\"panel-grid panel-has-style\" ><div class=\"panel-row-style panel-row-style-for-429-2\" ><div id=\"pgc-429-2-0\"  class=\"panel-grid-cell panel-grid-cell-empty\" ><\/div><div id=\"pgc-429-2-1\"  class=\"panel-grid-cell panel-grid-cell-mobile-last\" ><div id=\"panel-429-2-1-0\" class=\"so-panel widget widget_sow-editor panel-first-child panel-last-child\" data-index=\"2\" ><div class=\"panel-widget-style panel-widget-style-for-429-2-1-0\" ><div\n\t\t\t\n\t\t\tclass=\"so-widget-sow-editor so-widget-sow-editor-base\"\n\t\t\t\n\t\t>\n<div class=\"siteorigin-widget-tinymce textwidget\">\n\t<h2>\u00bf Qu\u00e9 servicios podemos ofrecerte?<\/h2>\n<p>Disponemos de varios servicios, algunos de ellos muy flexibles, para que puedas seguir tu ritmo sin que nada te perturbe. \u00bf Necesitas traer antes a los peques o recogerlos m\u00e1s tarde? consulta nuestro servicio \"Matinera\" y \"Tardana\" para aquellos pap\u00e1s que empiezan pronto su d\u00eda a d\u00eda o necesitan un poco m\u00e1s de tiempo para recoger a los reyes de la casa.<\/p>\n<p>\u00bfPrefieres controlar directamente la alimentaci\u00f3n de tu hijo? Consulta la secci\u00f3n \"comedor\" para conocer c\u00f3mo traer la comida de casa y te explicamos c\u00f3mo procederemos hasta que se sirva en la mesa.<\/p>\n<p>Puedes encontrar m\u00e1s servicios haciendo \"click\" en los iconos correspondientes de m\u00e1s abajo. Si no encontraras aquello que necesitases, por favor, haznoslo saber.<\/p>\n<\/div>\n<\/div><\/div><\/div><\/div><div id=\"pgc-429-2-2\"  class=\"panel-grid-cell panel-grid-cell-empty\" ><\/div><\/div><\/div><div id=\"pg-429-3\"  class=\"panel-grid panel-has-style\" ><div class=\"panel-row-style panel-row-style-for-429-3\" ><div id=\"pgc-429-3-0\"  class=\"panel-grid-cell panel-grid-cell-empty\" ><div class=\"panel-cell-style panel-cell-style-for-429-3-0\" ><\/div><\/div><div id=\"pgc-429-3-1\"  class=\"panel-grid-cell panel-grid-cell-mobile-last\" ><div id=\"panel-429-3-1-0\" class=\"so-panel widget widget_sow-features panel-first-child panel-last-child\" data-index=\"3\" ><div class=\"panel-widget-style panel-widget-style-for-429-3-1-0\" ><div\n\t\t\t\n\t\t\tclass=\"so-widget-sow-features so-widget-sow-features-default-dfa8c794a889-429\"\n\t\t\t\n\t\t>\n<div class=\"sow-features-list sow-features-responsive\">\n\n\t\t\t\t\t\t\t\t\t<div\n\t\t\t\tclass=\"sow-features-feature sow-icon-container-position-top \"\n\t\t\t\tstyle=\"display: flex; flex-direction: column; float: left; width: 50%;\"\n\t\t\t>\n\t\t\t\n\t\t\t\t\t\t\t\t\t<a\n\t\t\t\t\t\thref=\"https:\/\/albertogarel.es\/satoa\/servicios\/horarios\/\"\n\t\t\t\t\t\t\t\t\t\t\t>\n\t\t\t\t\t\t\t\t<div\n\t\t\t\t\tclass=\"sow-icon-container sow-container-none\"\n\t\t\t\t\tstyle=\"color: #404040; \"\n\t\t\t\t\t>\n\t\t\t\t\t<div class=\"sow-icon-image\" style=\"background-image: url(https:\/\/albertogarel.es\/satoa\/wp-content\/uploads\/sites\/5\/2018\/11\/FontAwesome_f0f30_256.png); font-size: 24px\"><\/div>\t\t\t\t<\/div>\n\t\t\t\t\t\t\t\t\t<\/a>\n\t\t\t\t\n\t\t\t\t<div class=\"textwidget\">\n\t\t\t\t\t\n\t\t\t\t\t\t\t\t\t\t\t<h5>\n\t\t\t\t\t\t\t\t\t\t\t\t\t\t\t<a\n\t\t\t\t\t\t\t\t\thref=\"https:\/\/albertogarel.es\/satoa\/servicios\/horarios\/\"\n\t\t\t\t\t\t\t\t\t\t\t\t\t\t\t\t\t>\n\t\t\t\t\t\t\t\n\t\t\t\t\t\t\tHORARIOS\t\t\t\t\t\t\t\t\t\t\t\t\t\t\t<\/a>\n\t\t\t\t\t\t\t\t\t\t\t\t\t<\/h5>\n\t\t\t\t\t\n\t\t\t\t\t\n\t\t\t\t\t\t\t\t\t<\/div>\n\t\t\t\t\t\t\t\t\n\t\t\t\t\t\t\t<\/div>\n\n\t\t\t\t\t\t\t\t<div\n\t\t\t\tclass=\"sow-features-feature sow-icon-container-position-top \"\n\t\t\t\tstyle=\"display: flex; flex-direction: column; float: left; width: 50%;\"\n\t\t\t>\n\t\t\t\n\t\t\t\t\t\t\t\t\t<a\n\t\t\t\t\t\thref=\"https:\/\/albertogarel.es\/satoa\/servicios\/calendario-escolar\/\"\n\t\t\t\t\t\t\t\t\t\t\t>\n\t\t\t\t\t\t\t\t<div\n\t\t\t\t\tclass=\"sow-icon-container sow-container-none\"\n\t\t\t\t\tstyle=\"color: #404040; \"\n\t\t\t\t\t>\n\t\t\t\t\t<div class=\"sow-icon-image\" style=\"background-image: url(https:\/\/albertogarel.es\/satoa\/wp-content\/uploads\/sites\/5\/2018\/11\/FontAwesome_f0731_256.png); font-size: 24px\"><\/div>\t\t\t\t<\/div>\n\t\t\t\t\t\t\t\t\t<\/a>\n\t\t\t\t\n\t\t\t\t<div class=\"textwidget\">\n\t\t\t\t\t\n\t\t\t\t\t\t\t\t\t\t\t<h5>\n\t\t\t\t\t\t\t\t\t\t\t\t\t\t\t<a\n\t\t\t\t\t\t\t\t\thref=\"https:\/\/albertogarel.es\/satoa\/servicios\/calendario-escolar\/\"\n\t\t\t\t\t\t\t\t\t\t\t\t\t\t\t\t\t>\n\t\t\t\t\t\t\t\n\t\t\t\t\t\t\tCALENDARIO ESCOLAR\t\t\t\t\t\t\t\t\t\t\t\t\t\t\t<\/a>\n\t\t\t\t\t\t\t\t\t\t\t\t\t<\/h5>\n\t\t\t\t\t\n\t\t\t\t\t\n\t\t\t\t\t\t\t\t\t<\/div>\n\t\t\t\t\t\t\t\t\n\t\t\t\t\t\t\t<\/div>\n\n\t\t\t\t\t\t\t\t<div\n\t\t\t\tclass=\"sow-features-feature sow-icon-container-position-top \"\n\t\t\t\tstyle=\"display: flex; flex-direction: column; float: left; width: 50%;\"\n\t\t\t>\n\t\t\t\n\t\t\t\t\t\t\t\t\t<a\n\t\t\t\t\t\thref=\"https:\/\/albertogarel.es\/satoa\/servicios\/secretaria\/\"\n\t\t\t\t\t\t\t\t\t\t\t>\n\t\t\t\t\t\t\t\t<div\n\t\t\t\t\tclass=\"sow-icon-container sow-container-none\"\n\t\t\t\t\tstyle=\"color: #404040; \"\n\t\t\t\t\t>\n\t\t\t\t\t<div class=\"sow-icon-image\" style=\"background-image: url(https:\/\/albertogarel.es\/satoa\/wp-content\/uploads\/sites\/5\/2018\/10\/FontAwesome_f0b11_256.png); font-size: 24px\"><\/div>\t\t\t\t<\/div>\n\t\t\t\t\t\t\t\t\t<\/a>\n\t\t\t\t\n\t\t\t\t<div class=\"textwidget\">\n\t\t\t\t\t\n\t\t\t\t\t\t\t\t\t\t\t<h5>\n\t\t\t\t\t\t\t\t\t\t\t\t\t\t\t<a\n\t\t\t\t\t\t\t\t\thref=\"https:\/\/albertogarel.es\/satoa\/servicios\/secretaria\/\"\n\t\t\t\t\t\t\t\t\t\t\t\t\t\t\t\t\t>\n\t\t\t\t\t\t\t\n\t\t\t\t\t\t\tSECRETAR\u00cdA\t\t\t\t\t\t\t\t\t\t\t\t\t\t\t<\/a>\n\t\t\t\t\t\t\t\t\t\t\t\t\t<\/h5>\n\t\t\t\t\t\n\t\t\t\t\t\n\t\t\t\t\t\t\t\t\t<\/div>\n\t\t\t\t\t\t\t\t\n\t\t\t\t\t\t\t<\/div>\n\n\t\t\t\t\t\t\t\t<div\n\t\t\t\tclass=\"sow-features-feature sow-icon-container-position-top \"\n\t\t\t\tstyle=\"display: flex; flex-direction: column; float: left; width: 50%;\"\n\t\t\t>\n\t\t\t\n\t\t\t\t\t\t\t\t\t<a\n\t\t\t\t\t\thref=\"https:\/\/albertogarel.es\/satoa\/servicios\/comedor\/\"\n\t\t\t\t\t\t\t\t\t\t\t>\n\t\t\t\t\t\t\t\t<div\n\t\t\t\t\tclass=\"sow-icon-container sow-container-none\"\n\t\t\t\t\tstyle=\"color: #404040; \"\n\t\t\t\t\t>\n\t\t\t\t\t<div class=\"sow-icon-image\" style=\"background-image: url(https:\/\/albertogarel.es\/satoa\/wp-content\/uploads\/sites\/5\/2018\/10\/FontAwesome_f0f54_256.png); font-size: 24px\"><\/div>\t\t\t\t<\/div>\n\t\t\t\t\t\t\t\t\t<\/a>\n\t\t\t\t\n\t\t\t\t<div class=\"textwidget\">\n\t\t\t\t\t\n\t\t\t\t\t\t\t\t\t\t\t<h5>\n\t\t\t\t\t\t\t\t\t\t\t\t\t\t\t<a\n\t\t\t\t\t\t\t\t\thref=\"https:\/\/albertogarel.es\/satoa\/servicios\/comedor\/\"\n\t\t\t\t\t\t\t\t\t\t\t\t\t\t\t\t\t>\n\t\t\t\t\t\t\t\n\t\t\t\t\t\t\tCOMEDOR\t\t\t\t\t\t\t\t\t\t\t\t\t\t\t<\/a>\n\t\t\t\t\t\t\t\t\t\t\t\t\t<\/h5>\n\t\t\t\t\t\n\t\t\t\t\t\n\t\t\t\t\t\t\t\t\t<\/div>\n\t\t\t\t\t\t\t\t\n\t\t\t\t\t\t\t<\/div>\n\n\t\t\t\t\t\t\t\t<div\n\t\t\t\tclass=\"sow-features-feature sow-icon-container-position-top \"\n\t\t\t\tstyle=\"display: flex; flex-direction: column; float: left; width: 50%;\"\n\t\t\t>\n\t\t\t\n\t\t\t\t\t\t\t\t\t<a\n\t\t\t\t\t\thref=\"https:\/\/albertogarel.es\/satoa\/servicios\/libros-de-texto\/\"\n\t\t\t\t\t\t\t\t\t\t\t>\n\t\t\t\t\t\t\t\t<div\n\t\t\t\t\tclass=\"sow-icon-container sow-container-none\"\n\t\t\t\t\tstyle=\"color: #404040; \"\n\t\t\t\t\t>\n\t\t\t\t\t<div class=\"sow-icon-image\" style=\"background-image: url(https:\/\/albertogarel.es\/satoa\/wp-content\/uploads\/sites\/5\/2018\/10\/FontAwesome_f02d5_256.png); font-size: 24px\"><\/div>\t\t\t\t<\/div>\n\t\t\t\t\t\t\t\t\t<\/a>\n\t\t\t\t\n\t\t\t\t<div class=\"textwidget\">\n\t\t\t\t\t\n\t\t\t\t\t\t\t\t\t\t\t<h5>\n\t\t\t\t\t\t\t\t\t\t\t\t\t\t\t<a\n\t\t\t\t\t\t\t\t\thref=\"https:\/\/albertogarel.es\/satoa\/servicios\/libros-de-texto\/\"\n\t\t\t\t\t\t\t\t\t\t\t\t\t\t\t\t\t>\n\t\t\t\t\t\t\t\n\t\t\t\t\t\t\tLIBROS DE TEXTO\t\t\t\t\t\t\t\t\t\t\t\t\t\t\t<\/a>\n\t\t\t\t\t\t\t\t\t\t\t\t\t<\/h5>\n\t\t\t\t\t\n\t\t\t\t\t\n\t\t\t\t\t\t\t\t\t<\/div>\n\t\t\t\t\t\t\t\t\n\t\t\t\t\t\t\t<\/div>\n\n\t\t\t\t\t\t\t\t<div\n\t\t\t\tclass=\"sow-features-feature sow-icon-container-position-top \"\n\t\t\t\tstyle=\"display: flex; flex-direction: column; float: left; width: 50%;\"\n\t\t\t>\n\t\t\t\n\t\t\t\t\t\t\t\t\t<a\n\t\t\t\t\t\thref=\"https:\/\/albertogarel.es\/satoa\/servicios\/uniformes\/\"\n\t\t\t\t\t\t\t\t\t\t\t>\n\t\t\t\t\t\t\t\t<div\n\t\t\t\t\tclass=\"sow-icon-container sow-container-none\"\n\t\t\t\t\tstyle=\"color: #404040; \"\n\t\t\t\t\t>\n\t\t\t\t\t<div class=\"sow-icon-image\" style=\"background-image: url(https:\/\/albertogarel.es\/satoa\/wp-content\/uploads\/sites\/5\/2018\/10\/linecons_e0276_256.png); font-size: 24px\"><\/div>\t\t\t\t<\/div>\n\t\t\t\t\t\t\t\t\t<\/a>\n\t\t\t\t\n\t\t\t\t<div class=\"textwidget\">\n\t\t\t\t\t\n\t\t\t\t\t\t\t\t\t\t\t<h5>\n\t\t\t\t\t\t\t\t\t\t\t\t\t\t\t<a\n\t\t\t\t\t\t\t\t\thref=\"https:\/\/albertogarel.es\/satoa\/servicios\/uniformes\/\"\n\t\t\t\t\t\t\t\t\t\t\t\t\t\t\t\t\t>\n\t\t\t\t\t\t\t\n\t\t\t\t\t\t\tUNIFORMES\t\t\t\t\t\t\t\t\t\t\t\t\t\t\t<\/a>\n\t\t\t\t\t\t\t\t\t\t\t\t\t<\/h5>\n\t\t\t\t\t\n\t\t\t\t\t\n\t\t\t\t\t\t\t\t\t<\/div>\n\t\t\t\t\t\t\t\t\n\t\t\t\t\t\t\t<\/div>\n\n\t\t\t\t\t\t\t\t<div\n\t\t\t\tclass=\"sow-features-feature sow-icon-container-position-top \"\n\t\t\t\tstyle=\"display: flex; flex-direction: column; float: left; width: 50%;\"\n\t\t\t>\n\t\t\t\n\t\t\t\t\t\t\t\t\t<a\n\t\t\t\t\t\thref=\"https:\/\/albertogarel.es\/satoa\/servicios\/orientacion-psicopedagogica\/\"\n\t\t\t\t\t\t\t\t\t\t\t>\n\t\t\t\t\t\t\t\t<div\n\t\t\t\t\tclass=\"sow-icon-container sow-container-none\"\n\t\t\t\t\tstyle=\"color: #404040; \"\n\t\t\t\t\t>\n\t\t\t\t\t<div class=\"sow-icon-image\" style=\"background-image: url(https:\/\/albertogarel.es\/satoa\/wp-content\/uploads\/sites\/5\/2018\/10\/Entypo_e7233_256.png); font-size: 24px\"><\/div>\t\t\t\t<\/div>\n\t\t\t\t\t\t\t\t\t<\/a>\n\t\t\t\t\n\t\t\t\t<div class=\"textwidget\">\n\t\t\t\t\t\n\t\t\t\t\t\t\t\t\t\t\t<h5>\n\t\t\t\t\t\t\t\t\t\t\t\t\t\t\t<a\n\t\t\t\t\t\t\t\t\thref=\"https:\/\/albertogarel.es\/satoa\/servicios\/orientacion-psicopedagogica\/\"\n\t\t\t\t\t\t\t\t\t\t\t\t\t\t\t\t\t>\n\t\t\t\t\t\t\t\n\t\t\t\t\t\t\tORIENTACI\u00d3N PSICOPEDAG\u00d3GICA\t\t\t\t\t\t\t\t\t\t\t\t\t\t\t<\/a>\n\t\t\t\t\t\t\t\t\t\t\t\t\t<\/h5>\n\t\t\t\t\t\n\t\t\t\t\t\n\t\t\t\t\t\t\t\t\t<\/div>\n\t\t\t\t\t\t\t\t\n\t\t\t\t\t\t\t<\/div>\n\n\t\t\t\t\t\t\t\t<div\n\t\t\t\tclass=\"sow-features-feature sow-icon-container-position-top \"\n\t\t\t\tstyle=\"display: flex; flex-direction: column; float: left; width: 50%;\"\n\t\t\t>\n\t\t\t\n\t\t\t\t\t\t\t\t\t<a\n\t\t\t\t\t\thref=\"https:\/\/albertogarel.es\/satoa\/servicios\/escuela-de-verano\/\"\n\t\t\t\t\t\t\t\t\t\t\t>\n\t\t\t\t\t\t\t\t<div\n\t\t\t\t\tclass=\"sow-icon-container sow-container-none\"\n\t\t\t\t\tstyle=\"color: #404040; \"\n\t\t\t\t\t>\n\t\t\t\t\t<div class=\"sow-icon-image\" style=\"background-image: url(https:\/\/albertogarel.es\/satoa\/wp-content\/uploads\/sites\/5\/2018\/10\/FontAwesome_f1852_256.png); font-size: 24px\"><\/div>\t\t\t\t<\/div>\n\t\t\t\t\t\t\t\t\t<\/a>\n\t\t\t\t\n\t\t\t\t<div class=\"textwidget\">\n\t\t\t\t\t\n\t\t\t\t\t\t\t\t\t\t\t<h5>\n\t\t\t\t\t\t\t\t\t\t\t\t\t\t\t<a\n\t\t\t\t\t\t\t\t\thref=\"https:\/\/albertogarel.es\/satoa\/servicios\/escuela-de-verano\/\"\n\t\t\t\t\t\t\t\t\t\t\t\t\t\t\t\t\t>\n\t\t\t\t\t\t\t\n\t\t\t\t\t\t\tESCUELA DE VERANO\t\t\t\t\t\t\t\t\t\t\t\t\t\t\t<\/a>\n\t\t\t\t\t\t\t\t\t\t\t\t\t<\/h5>\n\t\t\t\t\t\n\t\t\t\t\t\n\t\t\t\t\t\t\t\t\t<\/div>\n\t\t\t\t\t\t\t\t\n\t\t\t\t\t\t\t<\/div>\n\n\t\t\t\t\t\t\t\t<div\n\t\t\t\tclass=\"sow-features-feature sow-icon-container-position-top sow-features-feature-last-row\"\n\t\t\t\tstyle=\"display: flex; flex-direction: column; float: left; width: 50%;\"\n\t\t\t>\n\t\t\t\n\t\t\t\t\t\t\t\t\t<a\n\t\t\t\t\t\thref=\"https:\/\/albertogarel.es\/satoa\/servicios\/atencion-matinera-y-tardana\/\"\n\t\t\t\t\t\t\t\t\t\t\t>\n\t\t\t\t\t\t\t\t<div\n\t\t\t\t\tclass=\"sow-icon-container sow-container-none\"\n\t\t\t\t\tstyle=\"color: #404040; \"\n\t\t\t\t\t>\n\t\t\t\t\t<div class=\"sow-icon-image\" style=\"background-image: url(https:\/\/albertogarel.es\/satoa\/wp-content\/uploads\/sites\/5\/2018\/10\/Entypo_e7233_256.png); font-size: 24px\"><\/div>\t\t\t\t<\/div>\n\t\t\t\t\t\t\t\t\t<\/a>\n\t\t\t\t\n\t\t\t\t<div class=\"textwidget\">\n\t\t\t\t\t\n\t\t\t\t\t\t\t\t\t\t\t<h5>\n\t\t\t\t\t\t\t\t\t\t\t\t\t\t\t<a\n\t\t\t\t\t\t\t\t\thref=\"https:\/\/albertogarel.es\/satoa\/servicios\/atencion-matinera-y-tardana\/\"\n\t\t\t\t\t\t\t\t\t\t\t\t\t\t\t\t\t>\n\t\t\t\t\t\t\t\n\t\t\t\t\t\t\t\"MATINERA\" Y \"TARDANA\"\t\t\t\t\t\t\t\t\t\t\t\t\t\t\t<\/a>\n\t\t\t\t\t\t\t\t\t\t\t\t\t<\/h5>\n\t\t\t\t\t\n\t\t\t\t\t\n\t\t\t\t\t\t\t\t\t<\/div>\n\t\t\t\t\t\t\t\t\n\t\t\t\t\t\t\t<\/div>\n\n\t\t\t\t\t\t\t\t<div\n\t\t\t\tclass=\"sow-features-feature sow-icon-container-position-top sow-features-feature-last-row\"\n\t\t\t\tstyle=\"display: flex; flex-direction: column; float: left; width: 50%;\"\n\t\t\t>\n\t\t\t\n\t\t\t\t\t\t\t\t\t<a\n\t\t\t\t\t\thref=\"https:\/\/albertogarel.es\/satoa\/servicios\/extraescolares\/\"\n\t\t\t\t\t\t\t\t\t\t\t>\n\t\t\t\t\t\t\t\t<div\n\t\t\t\t\tclass=\"sow-icon-container sow-container-none\"\n\t\t\t\t\tstyle=\"color: #404040; \"\n\t\t\t\t\t>\n\t\t\t\t\t<div class=\"sow-icon-image\" style=\"background-image: url(https:\/\/albertogarel.es\/satoa\/wp-content\/uploads\/sites\/5\/2018\/10\/FontAwesome_f17d0_256-1.png); font-size: 24px\"><\/div>\t\t\t\t<\/div>\n\t\t\t\t\t\t\t\t\t<\/a>\n\t\t\t\t\n\t\t\t\t<div class=\"textwidget\">\n\t\t\t\t\t\n\t\t\t\t\t\t\t\t\t\t\t<h5>\n\t\t\t\t\t\t\t\t\t\t\t\t\t\t\t<a\n\t\t\t\t\t\t\t\t\thref=\"https:\/\/albertogarel.es\/satoa\/servicios\/extraescolares\/\"\n\t\t\t\t\t\t\t\t\t\t\t\t\t\t\t\t\t>\n\t\t\t\t\t\t\t\n\t\t\t\t\t\t\tEXTRAESCOLARES\t\t\t\t\t\t\t\t\t\t\t\t\t\t\t<\/a>\n\t\t\t\t\t\t\t\t\t\t\t\t\t<\/h5>\n\t\t\t\t\t\n\t\t\t\t\t\n\t\t\t\t\t\t\t\t\t<\/div>\n\t\t\t\t\t\t\t\t\n\t\t\t\t\t\t\t<\/div>\n\n\t\t\t\n<\/div>\n<\/div><\/div><\/div><\/div><div id=\"pgc-429-3-2\"  class=\"panel-grid-cell panel-grid-cell-empty\" ><\/div><\/div><\/div><div id=\"pg-429-4\"  class=\"panel-grid panel-has-style\" ><div class=\"panel-row-style panel-row-style-for-429-4\" ><div id=\"pgc-429-4-0\"  class=\"panel-grid-cell panel-grid-cell-empty\" ><\/div><div id=\"pgc-429-4-1\"  class=\"panel-grid-cell panel-grid-cell-mobile-last\" ><div id=\"panel-429-4-1-0\" class=\"so-panel widget widget_sow-image panel-first-child panel-last-child\" data-index=\"4\" ><div\n\t\t\t\n\t\t\tclass=\"so-widget-sow-image so-widget-sow-image-default-17bc2272b535-429\"\n\t\t\t\n\t\t>\n\n<div class=\"sow-image-container\">\n\t\t<img src=\"https:\/\/albertogarel.es\/satoa\/wp-content\/uploads\/sites\/5\/2018\/11\/personas-768x218.png\" width=\"640\" height=\"182\" srcset=\"https:\/\/albertogarel.es\/satoa\/wp-content\/uploads\/sites\/5\/2018\/11\/personas-768x218.png 768w, https:\/\/albertogarel.es\/satoa\/wp-content\/uploads\/sites\/5\/2018\/11\/personas-300x85.png 300w, https:\/\/albertogarel.es\/satoa\/wp-content\/uploads\/sites\/5\/2018\/11\/personas-1024x290.png 1024w, https:\/\/albertogarel.es\/satoa\/wp-content\/uploads\/sites\/5\/2018\/11\/personas.png 1271w\" sizes=\"(max-width: 640px) 100vw, 640px\" alt=\"Dibujo de personas\" loading=\"lazy\" \t\tclass=\"so-widget-image\"\/>\n\t<\/div>\n\n<\/div><\/div><\/div><div id=\"pgc-429-4-2\"  class=\"panel-grid-cell panel-grid-cell-empty\" ><\/div><\/div><\/div><div id=\"pg-429-5\"  class=\"panel-grid panel-has-style\" ><div class=\"siteorigin-panels-stretch panel-row-style panel-row-style-for-429-5\" data-stretch-type=\"full\" ><div id=\"pgc-429-5-0\"  class=\"panel-grid-cell\" ><div id=\"panel-429-5-0-0\" class=\"so-panel widget widget_sow-headline panel-first-child panel-last-child\" data-index=\"5\" ><div\n\t\t\t\n\t\t\tclass=\"so-widget-sow-headline so-widget-sow-headline-default-748fecd1da0e-429 so-widget-fittext-wrapper\"\n\t\t\t data-fit-text-compressor=\"0.85\"\n\t\t><div class=\"sow-headline-container \">\n\t\t\t\t\t\t<div class=\"decoration\">\n\t\t\t\t\t\t<div class=\"decoration-inside\"><\/div>\n\t\t\t\t\t<\/div>\n\t\t\t\t\t<\/div><\/div><\/div><\/div><\/div><\/div><\/div>","protected":false},"excerpt":{"rendered":"<p>SERVICIOS multi Sites &gt; Colegio Santo Tom\u00e1s de Aquino \u00bf Qu\u00e9 servicios podemos ofrecerte? Disponemos de varios servicios, algunos de ellos muy flexibles, para que puedas seguir tu ritmo sin que nada te perturbe. \u00bf Necesitas traer antes a los peques o recogerlos m\u00e1s tarde? consulta nuestro servicio \u00abMatinera\u00bb y [&hellip;]<\/p>\n","protected":false},"author":6,"featured_media":0,"parent":0,"menu_order":0,"comment_status":"closed","ping_status":"closed","template":"template-fullwidth.php","meta":[],"acf":[],"_links":{"self":[{"href":"https:\/\/albertogarel.es\/satoa\/wp-json\/wp\/v2\/pages\/429"}],"collection":[{"href":"https:\/\/albertogarel.es\/satoa\/wp-json\/wp\/v2\/pages"}],"about":[{"href":"https:\/\/albertogarel.es\/satoa\/wp-json\/wp\/v2\/types\/page"}],"author":[{"embeddable":true,"href":"https:\/\/albertogarel.es\/satoa\/wp-json\/wp\/v2\/users\/6"}],"replies":[{"embeddable":true,"href":"https:\/\/albertogarel.es\/satoa\/wp-json\/wp\/v2\/comments?post=429"}],"version-history":[{"count":0,"href":"https:\/\/albertogarel.es\/satoa\/wp-json\/wp\/v2\/pages\/429\/revisions"}],"wp:attachment":[{"href":"https:\/\/albertogarel.es\/satoa\/wp-json\/wp\/v2\/media?parent=429"}],"curies":[{"name":"wp","href":"https:\/\/api.w.org\/{rel}","templated":true}]}}