{"id":53,"date":"2018-10-25T08:39:53","date_gmt":"2018-10-25T08:39:53","guid":{"rendered":"http:\/\/santotomasdeaquino-torrent.es\/?page_id=53"},"modified":"2022-10-09T04:09:43","modified_gmt":"2022-10-09T02:09:43","slug":"oferta-del-centro","status":"publish","type":"page","link":"https:\/\/albertogarel.es\/satoa\/servicios\/libros-de-texto\/oferta-del-centro\/","title":{"rendered":"Oferta del centro"},"content":{"rendered":"<div id=\"pl-53\"  class=\"panel-layout\" ><div id=\"pg-53-0\"  class=\"panel-grid panel-has-style\" ><div class=\"siteorigin-panels-stretch panel-row-style panel-row-style-for-53-0\" data-stretch-type=\"full-stretched\" ><div id=\"pgc-53-0-0\"  class=\"panel-grid-cell\" ><div id=\"panel-53-0-0-0\" class=\"so-panel widget widget_sow-headline panel-first-child panel-last-child\" data-index=\"0\" ><div class=\"panel-widget-style panel-widget-style-for-53-0-0-0\" ><div\n\t\t\t\n\t\t\tclass=\"so-widget-sow-headline so-widget-sow-headline-default-1ac82e701c66-53 so-widget-fittext-wrapper\"\n\t\t\t data-fit-text-compressor=\"0.85\"\n\t\t><div class=\"sow-headline-container \">\n\t<h1 class='sow-headline'>OFERTA DEL CENTRO<\/h1>\t\t\t\t\t<div class=\"decoration\">\n\t\t\t\t\t\t<div class=\"decoration-inside\"><\/div>\n\t\t\t\t\t<\/div>\n\t\t\t\t\t<\/div><\/div><\/div><\/div><\/div><\/div><\/div><div id=\"pg-53-1\"  class=\"panel-grid panel-has-style\" ><div class=\"panel-row-style panel-row-style-for-53-1\" ><div id=\"pgc-53-1-0\"  class=\"panel-grid-cell panel-grid-cell-empty\" ><\/div><div id=\"pgc-53-1-1\"  class=\"panel-grid-cell panel-grid-cell-mobile-last\" ><div id=\"panel-53-1-1-0\" class=\"so-panel widget widget_bcn_widget widget_breadcrumb_navxt panel-first-child panel-last-child\" data-index=\"1\" ><div class=\"panel-widget-style panel-widget-style-for-53-1-1-0\" ><div class=\"breadcrumbs\" vocab=\"https:\/\/schema.org\/\" typeof=\"BreadcrumbList\"><!-- Breadcrumb NavXT 7.1.0 -->\n<span property=\"itemListElement\" typeof=\"ListItem\"><a property=\"item\" typeof=\"WebPage\" title=\"Ir a multi Sites.\" href=\"https:\/\/albertogarel.es\" class=\"main-home\" ><span property=\"name\">multi Sites<\/span><\/a><meta property=\"position\" content=\"1\"><\/span> &gt; <span property=\"itemListElement\" typeof=\"ListItem\"><a property=\"item\" typeof=\"WebPage\" title=\"Ir a Colegio Santo Tom\u00e1s de Aquino.\" href=\"https:\/\/albertogarel.es\/satoa\" class=\"home\" aria-current=\"page\"><span property=\"name\">Colegio Santo Tom\u00e1s de Aquino<\/span><\/a><meta property=\"position\" content=\"2\"><\/span><\/div><\/div><\/div><\/div><div id=\"pgc-53-1-2\"  class=\"panel-grid-cell panel-grid-cell-empty\" ><\/div><\/div><\/div><div id=\"pg-53-2\"  class=\"panel-grid panel-has-style\" ><div class=\"panel-row-style panel-row-style-for-53-2\" ><div id=\"pgc-53-2-0\"  class=\"panel-grid-cell\" ><div id=\"panel-53-2-0-0\" class=\"so-panel widget widget_sow-image panel-first-child panel-last-child\" data-index=\"2\" ><div\n\t\t\t\n\t\t\tclass=\"so-widget-sow-image so-widget-sow-image-default-17bc2272b535-53\"\n\t\t\t\n\t\t>\n\n<div class=\"sow-image-container\">\n\t\t<img src=\"https:\/\/albertogarel.es\/satoa\/wp-content\/uploads\/sites\/5\/2018\/12\/librobanner.jpg\" width=\"900\" height=\"400\" srcset=\"https:\/\/albertogarel.es\/satoa\/wp-content\/uploads\/sites\/5\/2018\/12\/librobanner.jpg 900w, https:\/\/albertogarel.es\/satoa\/wp-content\/uploads\/sites\/5\/2018\/12\/librobanner-300x133.jpg 300w, https:\/\/albertogarel.es\/satoa\/wp-content\/uploads\/sites\/5\/2018\/12\/librobanner-768x341.jpg 768w\" sizes=\"(max-width: 900px) 100vw, 900px\" alt=\"\" loading=\"lazy\" \t\tclass=\"so-widget-image\"\/>\n\t<\/div>\n\n<\/div><\/div><\/div><\/div><\/div><div id=\"pg-53-3\"  class=\"panel-grid panel-has-style\" ><div class=\"panel-row-style panel-row-style-for-53-3\" ><div id=\"pgc-53-3-0\"  class=\"panel-grid-cell panel-grid-cell-empty\" ><\/div><div id=\"pgc-53-3-1\"  class=\"panel-grid-cell panel-grid-cell-mobile-last\" ><div id=\"panel-53-3-1-0\" class=\"so-panel widget widget_sow-editor panel-first-child panel-last-child\" data-index=\"3\" ><div\n\t\t\t\n\t\t\tclass=\"so-widget-sow-editor so-widget-sow-editor-base\"\n\t\t\t\n\t\t>\n<div class=\"siteorigin-widget-tinymce textwidget\">\n\t<h2>\u00bfEs \u00fatil el libro de texto?<\/h2>\n\n<hr \/>\n\n&nbsp;\n\n<p><em>El libro de texto es el material principal<\/em> de la pr\u00e1ctica docente en el aula. Es <strong>imprescindible<\/strong> como medio comunicador, tanto cuando hay una maestro como cuando no est\u00e1 presente. Por ello es un material de trabajo que <em>todo ni\u00f1o y ni\u00f1a deber\u00eda tener y utilizar adecuadamente.<\/em><\/p>\n\n<p style=\"border-left: 6px solid #1e73be; padding: 15px; margin-left: 15px;\">Mediante el libro de texto, el profesor trabaja de forma coordinada con todo el grupo de la clase. <em>Los textos expositivos y las ilustraciones son referentes en el estudio<\/em>, tanto en grupo dentro del aula, como <em>individualmente en las propias casas<\/em>.<\/p>\n\n<p>El libro de texto permite un <strong>seguimiento m\u00e1s secuencial de los contenidos<\/strong>. Todo cuanto se imparte en el curso ha sido minuciosamente preparado y estructurado para que llegue con gran facilidad al alumnado.<\/p>\n\n<p>Es cierto que se puede trabajar sin el libro de texto, pero se necesitar\u00edan una serie de recursos tecnol\u00f3gicos dif\u00edcilmente alcanzables. Se necesitar\u00eda mucho m\u00e1s tiempo del que se dispone para navegar entre enciclopedias (bibliotecas), internet, etc. Y por supuesto tener unas m\u00ednimas nociones para diferenciar contenidos veraces de los que no lo son. <strong>En los niveles de infantil y primaria es dif\u00edcil llevar a cabo un buen aprendizaje sin el respaldo de un buen libro de texto que gu\u00ede el aprendizaje.<\/strong><\/p><\/div>\n<\/div><\/div><\/div><div id=\"pgc-53-3-2\"  class=\"panel-grid-cell panel-grid-cell-empty\" ><\/div><\/div><\/div><div id=\"pg-53-4\"  class=\"panel-grid panel-has-style\" ><div class=\"panel-row-style panel-row-style-for-53-4\" ><div id=\"pgc-53-4-0\"  class=\"panel-grid-cell panel-grid-cell-empty\" ><\/div><div id=\"pgc-53-4-1\"  class=\"panel-grid-cell panel-grid-cell-mobile-last\" ><div id=\"panel-53-4-1-0\" class=\"so-panel widget widget_sow-editor panel-first-child panel-last-child\" data-index=\"4\" ><div\n\t\t\t\n\t\t\tclass=\"so-widget-sow-editor so-widget-sow-editor-base\"\n\t\t\t\n\t\t>\n<div class=\"siteorigin-widget-tinymce textwidget\">\n\t<h2>Nuestra elecci\u00f3n<\/h2>\n<hr \/>\n<p>&nbsp;<\/p>\n<p>Los libros de texto que utilizamos en el colegio <strong>han sido elegidos tras un proceso de examen y an\u00e1lisis realizado por los propios profesores<\/strong> que van a impartir esos contenidos. Se establecen unos <em>criterios que emanan de la programaci\u00f3n general del centro, de las circunstancias socio-econ\u00f3micas de la zona y del mismo profesorado.<\/em> Estos criterios conforman nuestras necesidades reales. A partir de ellas en varias reuniones del equipo docente se determina, a partir de muestras de diferentes proyectos y editoriales, cu\u00e1l creemos cumplir\u00e1 nuestras expectativas.<\/p>\n<p>Posteriormente y tras finalizar cada curso escolar realizamos un estudio del nivel de utilidad y aprovechamiento que se ha hecho de cada libro, tanto por parte del profesorado como del alumnado. Si es necesario se programan algunas adaptaciones, y si se creyera conveniente se podr\u00eda llegar a plantear cambios.<\/p>\n<p>En el enlace se puede acceder al listado de los libros de texto utilizados en el centro en el actual curso acad\u00e9mico.<\/p>\n<p>&nbsp;<\/p>\n<h3>Listado de libros<\/h3>\n<hr \/>\n<h3><\/h3>\n<\/div>\n<\/div><\/div><\/div><div id=\"pgc-53-4-2\"  class=\"panel-grid-cell panel-grid-cell-empty\" ><\/div><\/div><\/div><div id=\"pg-53-5\"  class=\"panel-grid panel-has-style\" ><div class=\"panel-row-style panel-row-style-for-53-5\" ><div id=\"pgc-53-5-0\"  class=\"panel-grid-cell\" ><div id=\"panel-53-5-0-0\" class=\"so-panel widget widget_sow-editor panel-first-child panel-last-child\" data-index=\"5\" ><div\n\t\t\t\n\t\t\tclass=\"so-widget-sow-editor so-widget-sow-editor-base\"\n\t\t\t\n\t\t>\n<div class=\"siteorigin-widget-tinymce textwidget\">\n\t<p>&nbsp;<\/p>\n\n<\/div>\n<\/div><\/div><\/div><\/div><\/div><div id=\"pg-53-6\"  class=\"panel-grid panel-no-style\" ><div id=\"pgc-53-6-0\"  class=\"panel-grid-cell panel-grid-cell-empty\" ><\/div><div id=\"pgc-53-6-1\"  class=\"panel-grid-cell panel-grid-cell-mobile-last\" ><div id=\"panel-53-6-1-0\" class=\"so-panel widget widget_sow-image panel-first-child panel-last-child\" data-index=\"6\" ><div\n\t\t\t\n\t\t\tclass=\"so-widget-sow-image so-widget-sow-image-default-7877d6771435-53\"\n\t\t\t\n\t\t>\n\n<div class=\"sow-image-container\">\n\t\t<img src=\"https:\/\/albertogarel.es\/satoa\/wp-content\/uploads\/sites\/5\/2018\/12\/estrellascolorcorporativo.png\" width=\"1280\" height=\"320\" srcset=\"https:\/\/albertogarel.es\/satoa\/wp-content\/uploads\/sites\/5\/2018\/12\/estrellascolorcorporativo.png 1280w, https:\/\/albertogarel.es\/satoa\/wp-content\/uploads\/sites\/5\/2018\/12\/estrellascolorcorporativo-300x75.png 300w, https:\/\/albertogarel.es\/satoa\/wp-content\/uploads\/sites\/5\/2018\/12\/estrellascolorcorporativo-768x192.png 768w, https:\/\/albertogarel.es\/satoa\/wp-content\/uploads\/sites\/5\/2018\/12\/estrellascolorcorporativo-1024x256.png 1024w\" sizes=\"(max-width: 1280px) 100vw, 1280px\" alt=\"estrellas decorativas\" loading=\"lazy\" \t\tclass=\"so-widget-image\"\/>\n\t<\/div>\n\n<\/div><\/div><\/div><div id=\"pgc-53-6-2\"  class=\"panel-grid-cell panel-grid-cell-empty\" ><\/div><\/div><div id=\"pg-53-7\"  class=\"panel-grid panel-has-style\" ><div class=\"siteorigin-panels-stretch panel-row-style panel-row-style-for-53-7\" data-stretch-type=\"full\" ><div id=\"pgc-53-7-0\"  class=\"panel-grid-cell\" ><div id=\"panel-53-7-0-0\" class=\"so-panel widget widget_sow-headline panel-first-child panel-last-child\" data-index=\"7\" ><div\n\t\t\t\n\t\t\tclass=\"so-widget-sow-headline so-widget-sow-headline-default-748fecd1da0e-53 so-widget-fittext-wrapper\"\n\t\t\t data-fit-text-compressor=\"0.85\"\n\t\t><div class=\"sow-headline-container \">\n\t\t\t\t\t\t<div class=\"decoration\">\n\t\t\t\t\t\t<div class=\"decoration-inside\"><\/div>\n\t\t\t\t\t<\/div>\n\t\t\t\t\t<\/div><\/div><\/div><\/div><\/div><\/div><\/div>","protected":false},"excerpt":{"rendered":"<p>OFERTA DEL CENTRO multi Sites &gt; Colegio Santo Tom\u00e1s de Aquino \u00bfEs \u00fatil el libro de texto? &nbsp; El libro de texto es el material principal de la pr\u00e1ctica docente en el aula. Es imprescindible como medio comunicador, tanto cuando hay una maestro como cuando no est\u00e1 presente. Por ello [&hellip;]<\/p>\n","protected":false},"author":6,"featured_media":0,"parent":49,"menu_order":0,"comment_status":"closed","ping_status":"closed","template":"template-fullwidth.php","meta":[],"acf":[],"_links":{"self":[{"href":"https:\/\/albertogarel.es\/satoa\/wp-json\/wp\/v2\/pages\/53"}],"collection":[{"href":"https:\/\/albertogarel.es\/satoa\/wp-json\/wp\/v2\/pages"}],"about":[{"href":"https:\/\/albertogarel.es\/satoa\/wp-json\/wp\/v2\/types\/page"}],"author":[{"embeddable":true,"href":"https:\/\/albertogarel.es\/satoa\/wp-json\/wp\/v2\/users\/6"}],"replies":[{"embeddable":true,"href":"https:\/\/albertogarel.es\/satoa\/wp-json\/wp\/v2\/comments?post=53"}],"version-history":[{"count":3,"href":"https:\/\/albertogarel.es\/satoa\/wp-json\/wp\/v2\/pages\/53\/revisions"}],"predecessor-version":[{"id":8269,"href":"https:\/\/albertogarel.es\/satoa\/wp-json\/wp\/v2\/pages\/53\/revisions\/8269"}],"up":[{"embeddable":true,"href":"https:\/\/albertogarel.es\/satoa\/wp-json\/wp\/v2\/pages\/49"}],"wp:attachment":[{"href":"https:\/\/albertogarel.es\/satoa\/wp-json\/wp\/v2\/media?parent=53"}],"curies":[{"name":"wp","href":"https:\/\/api.w.org\/{rel}","templated":true}]}}