{"id":55,"date":"2018-10-25T08:40:12","date_gmt":"2018-10-25T08:40:12","guid":{"rendered":"http:\/\/santotomasdeaquino-torrent.es\/?page_id=55"},"modified":"2019-10-03T14:28:08","modified_gmt":"2019-10-03T12:28:08","slug":"uniformes","status":"publish","type":"page","link":"https:\/\/albertogarel.es\/satoa\/servicios\/uniformes\/","title":{"rendered":"Uniformes"},"content":{"rendered":"<div id=\"pl-55\"  class=\"panel-layout\" ><div id=\"pg-55-0\"  class=\"panel-grid panel-has-style\" ><div class=\"siteorigin-panels-stretch panel-row-style panel-row-style-for-55-0\" data-stretch-type=\"full-stretched\" ><div id=\"pgc-55-0-0\"  class=\"panel-grid-cell\" ><div id=\"panel-55-0-0-0\" class=\"so-panel widget widget_sow-headline panel-first-child panel-last-child\" data-index=\"0\" ><div class=\"panel-widget-style panel-widget-style-for-55-0-0-0\" ><div\n\t\t\t\n\t\t\tclass=\"so-widget-sow-headline so-widget-sow-headline-default-1ac82e701c66-55 so-widget-fittext-wrapper\"\n\t\t\t data-fit-text-compressor=\"0.85\"\n\t\t><div class=\"sow-headline-container \">\n\t<h1 class='sow-headline'>UNIFORMES<\/h1>\t\t\t\t\t<div class=\"decoration\">\n\t\t\t\t\t\t<div class=\"decoration-inside\"><\/div>\n\t\t\t\t\t<\/div>\n\t\t\t\t\t<\/div><\/div><\/div><\/div><\/div><\/div><\/div><div id=\"pg-55-1\"  class=\"panel-grid panel-has-style\" ><div class=\"panel-row-style panel-row-style-for-55-1\" ><div id=\"pgc-55-1-0\"  class=\"panel-grid-cell panel-grid-cell-empty\" ><\/div><div id=\"pgc-55-1-1\"  class=\"panel-grid-cell panel-grid-cell-mobile-last\" ><div id=\"panel-55-1-1-0\" class=\"so-panel widget widget_bcn_widget widget_breadcrumb_navxt panel-first-child panel-last-child\" data-index=\"1\" ><div class=\"panel-widget-style panel-widget-style-for-55-1-1-0\" ><div class=\"breadcrumbs\" vocab=\"https:\/\/schema.org\/\" typeof=\"BreadcrumbList\"><!-- Breadcrumb NavXT 7.1.0 -->\n<span property=\"itemListElement\" typeof=\"ListItem\"><a property=\"item\" typeof=\"WebPage\" title=\"Ir a multi Sites.\" href=\"https:\/\/albertogarel.es\" class=\"main-home\" ><span property=\"name\">multi Sites<\/span><\/a><meta property=\"position\" content=\"1\"><\/span> &gt; <span property=\"itemListElement\" typeof=\"ListItem\"><a property=\"item\" typeof=\"WebPage\" title=\"Ir a Colegio Santo Tom\u00e1s de Aquino.\" href=\"https:\/\/albertogarel.es\/satoa\" class=\"home\" aria-current=\"page\"><span property=\"name\">Colegio Santo Tom\u00e1s de Aquino<\/span><\/a><meta property=\"position\" content=\"2\"><\/span><\/div><\/div><\/div><\/div><div id=\"pgc-55-1-2\"  class=\"panel-grid-cell panel-grid-cell-empty\" ><\/div><\/div><\/div><div id=\"pg-55-2\"  class=\"panel-grid panel-has-style\" ><div class=\"panel-row-style panel-row-style-for-55-2\" ><div id=\"pgc-55-2-0\"  class=\"panel-grid-cell panel-grid-cell-empty\" ><\/div><div id=\"pgc-55-2-1\"  class=\"panel-grid-cell panel-grid-cell-mobile-last\" ><div id=\"panel-55-2-1-0\" class=\"so-panel widget widget_sow-editor panel-first-child panel-last-child\" data-index=\"2\" ><div id=\"uniformes\" class=\"panel-widget-style panel-widget-style-for-55-2-1-0\" ><div\n\t\t\t\n\t\t\tclass=\"so-widget-sow-editor so-widget-sow-editor-base\"\n\t\t\t\n\t\t>\n<div class=\"siteorigin-widget-tinymce textwidget\">\n\t<h2 style=\"text-align: center;\"><strong>El uniforme tambi\u00e9n educa<\/strong><\/h2>\n<hr \/>\n<p>&nbsp;<\/p>\n<\/div>\n<\/div><\/div><\/div><\/div><div id=\"pgc-55-2-2\"  class=\"panel-grid-cell panel-grid-cell-empty\" ><\/div><\/div><\/div><div id=\"pg-55-3\"  class=\"panel-grid panel-has-style\" ><div class=\"panel-row-style panel-row-style-for-55-3\" ><div id=\"pgc-55-3-0\"  class=\"panel-grid-cell panel-grid-cell-empty\" ><\/div><div id=\"pgc-55-3-1\"  class=\"panel-grid-cell panel-grid-cell-mobile-last\" ><div id=\"panel-55-3-1-0\" class=\"so-panel widget widget_sow-editor panel-first-child panel-last-child\" data-index=\"3\" ><div\n\t\t\t\n\t\t\tclass=\"so-widget-sow-editor so-widget-sow-editor-base\"\n\t\t\t\n\t\t>\n<div class=\"siteorigin-widget-tinymce textwidget\">\n\t<p><img decoding=\"async\" class=\"alignnone size-full wp-image-5284\" style=\"float: left; padding: 30px;\" src=\"https:\/\/albertogarel.es\/satoa\/wp-content\/uploads\/sites\/5\/2018\/12\/Sin-nombre.png\" alt=\"uniformes colegio santo Tomas de aquino- SATOA\" width=\"340\" srcset=\"https:\/\/albertogarel.es\/satoa\/wp-content\/uploads\/sites\/5\/2018\/12\/Sin-nombre.png 2440w, https:\/\/albertogarel.es\/satoa\/wp-content\/uploads\/sites\/5\/2018\/12\/Sin-nombre-159x300.png 159w, https:\/\/albertogarel.es\/satoa\/wp-content\/uploads\/sites\/5\/2018\/12\/Sin-nombre-768x1449.png 768w, https:\/\/albertogarel.es\/satoa\/wp-content\/uploads\/sites\/5\/2018\/12\/Sin-nombre-543x1024.png 543w\" sizes=\"(max-width: 2440px) 100vw, 2440px\" \/><\/p>\n<p>Muchos son los colegios que tienen uniforme escolar. Y suele notarse bastante a principio de curso cuando los ni\u00f1os han crecido y hay que comprar alguna prenda nueva. Sin embargo est\u00e1 estudiado que, a la larga, el uso del uniforme puede suponer un ahorro econ\u00f3mico considerable. \u00c9ste es uno de los motivos m\u00e1s palpables por el que los padres consideran acertado su uso. Pero, aunque existen algunos \u201ccontras\u201d, creemos que son muchos m\u00e1s los aspectos positivos. Vamos a analizar algunos.<\/p>\n<p><em>Cuando los ni\u00f1os llevan uniforme en el colegio, todos son iguales<\/em>. Llevan las mismas prendas por lo que no pueden diferenciarse, no hay distinci\u00f3n y por tanto <strong>no hay discriminaci\u00f3n por el uso de determinadas marcas o prendas m\u00e1s o menos sofisticadas<\/strong>. Evitamos las diferencias sociales en la vestimenta, ya no se piensa en tener que llevar determinados pantalones o su\u00e9teres para pertenecer a un grupo determinado.<\/p>\n<p>Los ni\u00f1os y ni\u00f1as ya no piensan por las ma\u00f1anas qu\u00e9 se van a poner, si les sentar\u00e1 bien o mal, arreglase para ir al colegio poni\u00e9ndose el uniforme reduce mucho el tiempo en estar listos. Desaparece uno de los problemas que representaba retrasos o no querer ir al colegio. Aunque a muchos chicos y chicas no les gusta llevar uniforme, acaban acostumbr\u00e1ndose con rapidez. Todo esto puede redundar en estar m\u00e1s disciplinados, reducir algo el nivel de violencia, mejorar la convivencia, etc.<\/p>\n<p>Los uniformes escolares a medio plazo<strong> representan un importante ahorro econ\u00f3mico y ayudan al presupuesto familiar<\/strong>. Ya que se necesita adquirir menos ropa para el d\u00eda a d\u00eda. Incluso, cuando las prendas son de buena calidad, <em>se pueden utilizar durante varios cursos o pasarlas a hermanos u otros familiares y amigos<\/em>.<\/p>\n<p>El uniforme hace <strong>m\u00e1s f\u00e1cil la identificaci\u00f3n y localizaci\u00f3n de los alumnos y alumnas en actividades realizadas fuera del recinto escolar<\/strong>. El profesorado controla mejor a los chicos y chicas, sobre todo cuando se asiste a lugares donde confluyen varios centros distintos.<\/p>\n<p>Llevar uniforme ayuda a los ni\u00f1os y ni\u00f1as a estar m\u00e1s pr\u00f3ximos a \u201csu\u201d colegio, <strong>les da una sensaci\u00f3n de pertenencia<\/strong>. El hecho de vestir uniforme escolar<strong> infunde valores de grupo y crea el \u201cesp\u00edritu de escuela\u201d<\/strong> reforzando el sentimiento de formar parte de un colectivo.<\/p>\n<p><strong>Con el uniforme escolar estamos consiguiendo algunos de los objetivos sociales de la educaci\u00f3n. Por lo que se puede afirmar que el uniforme tambi\u00e9n educa.<\/strong><\/p>\n<\/div>\n<\/div><\/div><\/div><div id=\"pgc-55-3-2\"  class=\"panel-grid-cell panel-grid-cell-empty\" ><\/div><\/div><\/div><div id=\"pg-55-4\"  class=\"panel-grid panel-no-style\" ><div id=\"pgc-55-4-0\"  class=\"panel-grid-cell panel-grid-cell-empty\" ><\/div><div id=\"pgc-55-4-1\"  class=\"panel-grid-cell panel-grid-cell-mobile-last\" ><div id=\"panel-55-4-1-0\" class=\"so-panel widget widget_sow-image panel-first-child panel-last-child\" data-index=\"4\" ><div\n\t\t\t\n\t\t\tclass=\"so-widget-sow-image so-widget-sow-image-default-7877d6771435-55\"\n\t\t\t\n\t\t>\n\n<div class=\"sow-image-container\">\n\t\t<img src=\"https:\/\/albertogarel.es\/satoa\/wp-content\/uploads\/sites\/5\/2018\/12\/estrellascolorcorporativo.png\" width=\"1280\" height=\"320\" srcset=\"https:\/\/albertogarel.es\/satoa\/wp-content\/uploads\/sites\/5\/2018\/12\/estrellascolorcorporativo.png 1280w, https:\/\/albertogarel.es\/satoa\/wp-content\/uploads\/sites\/5\/2018\/12\/estrellascolorcorporativo-300x75.png 300w, https:\/\/albertogarel.es\/satoa\/wp-content\/uploads\/sites\/5\/2018\/12\/estrellascolorcorporativo-768x192.png 768w, https:\/\/albertogarel.es\/satoa\/wp-content\/uploads\/sites\/5\/2018\/12\/estrellascolorcorporativo-1024x256.png 1024w\" sizes=\"(max-width: 1280px) 100vw, 1280px\" alt=\"estrellas decorativas\" loading=\"lazy\" \t\tclass=\"so-widget-image\"\/>\n\t<\/div>\n\n<\/div><\/div><\/div><div id=\"pgc-55-4-2\"  class=\"panel-grid-cell panel-grid-cell-empty\" ><\/div><\/div><div id=\"pg-55-5\"  class=\"panel-grid panel-no-style\" ><div id=\"pgc-55-5-0\"  class=\"panel-grid-cell\" ><div id=\"panel-55-5-0-0\" class=\"so-panel widget widget_sow-headline panel-first-child panel-last-child\" data-index=\"5\" ><div\n\t\t\t\n\t\t\tclass=\"so-widget-sow-headline so-widget-sow-headline-default-748fecd1da0e-55 so-widget-fittext-wrapper\"\n\t\t\t data-fit-text-compressor=\"0.85\"\n\t\t><div class=\"sow-headline-container \">\n\t\t\t\t\t\t<div class=\"decoration\">\n\t\t\t\t\t\t<div class=\"decoration-inside\"><\/div>\n\t\t\t\t\t<\/div>\n\t\t\t\t\t<\/div><\/div><\/div><\/div><\/div><\/div>","protected":false},"excerpt":{"rendered":"<p>UNIFORMES multi Sites &gt; Colegio Santo Tom\u00e1s de Aquino El uniforme tambi\u00e9n educa &nbsp; Muchos son los colegios que tienen uniforme escolar. Y suele notarse bastante a principio de curso cuando los ni\u00f1os han crecido y hay que comprar alguna prenda nueva. Sin embargo est\u00e1 estudiado que, a la larga, [&hellip;]<\/p>\n","protected":false},"author":6,"featured_media":0,"parent":429,"menu_order":0,"comment_status":"closed","ping_status":"closed","template":"template-fullwidth.php","meta":[],"acf":[],"_links":{"self":[{"href":"https:\/\/albertogarel.es\/satoa\/wp-json\/wp\/v2\/pages\/55"}],"collection":[{"href":"https:\/\/albertogarel.es\/satoa\/wp-json\/wp\/v2\/pages"}],"about":[{"href":"https:\/\/albertogarel.es\/satoa\/wp-json\/wp\/v2\/types\/page"}],"author":[{"embeddable":true,"href":"https:\/\/albertogarel.es\/satoa\/wp-json\/wp\/v2\/users\/6"}],"replies":[{"embeddable":true,"href":"https:\/\/albertogarel.es\/satoa\/wp-json\/wp\/v2\/comments?post=55"}],"version-history":[{"count":0,"href":"https:\/\/albertogarel.es\/satoa\/wp-json\/wp\/v2\/pages\/55\/revisions"}],"up":[{"embeddable":true,"href":"https:\/\/albertogarel.es\/satoa\/wp-json\/wp\/v2\/pages\/429"}],"wp:attachment":[{"href":"https:\/\/albertogarel.es\/satoa\/wp-json\/wp\/v2\/media?parent=55"}],"curies":[{"name":"wp","href":"https:\/\/api.w.org\/{rel}","templated":true}]}}