{"id":6214,"date":"2018-12-17T10:57:42","date_gmt":"2018-12-17T09:57:42","guid":{"rendered":"http:\/\/santotomasdeaquino-torrent.es\/?page_id=6214"},"modified":"2022-10-09T03:02:19","modified_gmt":"2022-10-09T01:02:19","slug":"2o-primaria","status":"publish","type":"page","link":"https:\/\/albertogarel.es\/satoa\/miclase\/2o-primaria\/","title":{"rendered":"2\u00ba Primaria"},"content":{"rendered":"<div id=\"pl-6214\"  class=\"panel-layout\" ><div id=\"pg-6214-0\"  class=\"panel-grid panel-has-style\" ><div class=\"siteorigin-panels-stretch panel-row-style panel-row-style-for-6214-0\" data-stretch-type=\"full-stretched\" ><div id=\"pgc-6214-0-0\"  class=\"panel-grid-cell\" ><div id=\"panel-6214-0-0-0\" class=\"so-panel widget widget_sow-headline panel-first-child panel-last-child\" data-index=\"0\" ><div class=\"panel-widget-style panel-widget-style-for-6214-0-0-0\" ><div\n\t\t\t\n\t\t\tclass=\"so-widget-sow-headline so-widget-sow-headline-default-111428ea3e0c-6214 so-widget-fittext-wrapper\"\n\t\t\t data-fit-text-compressor=\"0.85\"\n\t\t><div class=\"sow-headline-container \">\n\t<h2 class='sow-headline'>2\u00ba DE PRIMARIA<\/h2>\t\t\t\t\t<div class=\"decoration\">\n\t\t\t\t\t\t<div class=\"decoration-inside\"><\/div>\n\t\t\t\t\t<\/div>\n\t\t\t\t\t<\/div><\/div><\/div><\/div><\/div><\/div><\/div><div id=\"pg-6214-1\"  class=\"panel-grid panel-no-style\" ><div id=\"pgc-6214-1-0\"  class=\"panel-grid-cell panel-grid-cell-empty\" ><\/div><div id=\"pgc-6214-1-1\"  class=\"panel-grid-cell panel-grid-cell-mobile-last\" ><div id=\"panel-6214-1-1-0\" class=\"so-panel widget widget_bcn_widget widget_breadcrumb_navxt panel-first-child panel-last-child\" data-index=\"1\" ><div class=\"panel-widget-style panel-widget-style-for-6214-1-1-0\" ><div class=\"breadcrumbs\" vocab=\"https:\/\/schema.org\/\" typeof=\"BreadcrumbList\"><!-- Breadcrumb NavXT 7.1.0 -->\n<span property=\"itemListElement\" typeof=\"ListItem\"><a property=\"item\" typeof=\"WebPage\" title=\"Ir a multi Sites.\" href=\"https:\/\/albertogarel.es\" class=\"main-home\" ><span property=\"name\">multi Sites<\/span><\/a><meta property=\"position\" content=\"1\"><\/span> &gt; <span property=\"itemListElement\" typeof=\"ListItem\"><a property=\"item\" typeof=\"WebPage\" title=\"Ir a Colegio Santo Tom\u00e1s de Aquino.\" href=\"https:\/\/albertogarel.es\/satoa\" class=\"home\" aria-current=\"page\"><span property=\"name\">Colegio Santo Tom\u00e1s de Aquino<\/span><\/a><meta property=\"position\" content=\"2\"><\/span><\/div><\/div><\/div><\/div><div id=\"pgc-6214-1-2\"  class=\"panel-grid-cell panel-grid-cell-empty\" ><\/div><\/div><div id=\"pg-6214-2\"  class=\"panel-grid panel-has-style\" ><div class=\"panel-row-style panel-row-style-for-6214-2\" ><div id=\"pgc-6214-2-0\"  class=\"panel-grid-cell\" ><div id=\"panel-6214-2-0-0\" class=\"so-panel widget widget_text panel-first-child panel-last-child\" data-index=\"2\" >\t\t\t<div class=\"textwidget\"><div class=\"pt-cv-wrapper\">\n<div class=\"pt-cv-view pt-cv-grid pt-cv-colsys\" id=\"pt-cv-view-cb354bb96t\">\n<div data-id=\"pt-cv-page-1\" class=\"pt-cv-page\" data-cvc=\"4\">\n<div class=\"col-md-3 col-sm-6 col-xs-12 pt-cv-content-item pt-cv-1-col\" >\n<div class='pt-cv-ifield'><a href=\"https:\/\/albertogarel.es\/satoa\/hola-a-todos-5\/\" class=\"_self pt-cv-href-thumbnail pt-cv-thumb-default\" target=\"_self\" rel=\"noopener\"><img width=\"300\" height=\"169\" src=\"https:\/\/albertogarel.es\/satoa\/wp-content\/uploads\/sites\/5\/2018\/10\/segundoprimaria-300x169.jpg\" class=\"pt-cv-thumbnail\" alt=\"imagen de segundo de primaria\" decoding=\"async\" loading=\"lazy\" srcset=\"https:\/\/albertogarel.es\/satoa\/wp-content\/uploads\/sites\/5\/2018\/10\/segundoprimaria-300x169.jpg 300w, https:\/\/albertogarel.es\/satoa\/wp-content\/uploads\/sites\/5\/2018\/10\/segundoprimaria-768x432.jpg 768w, https:\/\/albertogarel.es\/satoa\/wp-content\/uploads\/sites\/5\/2018\/10\/segundoprimaria-1024x576.jpg 1024w, https:\/\/albertogarel.es\/satoa\/wp-content\/uploads\/sites\/5\/2018\/10\/segundoprimaria.jpg 1920w\" sizes=\"(max-width: 300px) 100vw, 300px\" \/><\/a><\/p>\n<h4 class=\"pt-cv-title\"><a href=\"https:\/\/albertogarel.es\/satoa\/hola-a-todos-5\/\" class=\"_self\" target=\"_self\" rel=\"noopener\">\u00a1\u00a1 Hola a todos!!<\/a><\/h4>\n<div class=\"pt-cv-content\">Esta ser\u00e1 la imagen identificativa de nuestro curso. Con ella ser\u00e1 m\u00e1s f\u00e1cil y visual poder localizar las entradas en &#8230;<br \/><a href=\"https:\/\/albertogarel.es\/satoa\/hola-a-todos-5\/\" class=\"_self pt-cv-readmore btn btn-success\" target=\"_self\" rel=\"noopener\">Leer M\u00e1s<\/a><\/div>\n<div class=\"pt-cv-meta-fields\"><span class=\"entry-date\"> <time datetime=\"2018-12-17T11:53:29+01:00\">17 diciembre, 2018<\/time><\/span> \/ <span class=\"terms\"> <a href='https:\/\/albertogarel.es\/satoa\/categoria\/2o-primaria\/' title='2\u00ba primaria' class='pt-cv-tax-2o-primaria'>2\u00ba primaria<\/a>, <a href='https:\/\/albertogarel.es\/satoa\/type\/image\/' title='Imagen' class='pt-cv-tax-post-format-image'>Imagen<\/a><\/span><\/div>\n<\/div>\n<\/div>\n<\/div>\n<\/div>\n<\/div>\n<\/div>\n\t\t<\/div><\/div><div id=\"pgc-6214-2-1\"  class=\"panel-grid-cell\" ><div class=\"panel-cell-style panel-cell-style-for-6214-2-1\" ><div id=\"panel-6214-2-1-0\" class=\"so-panel widget widget_shortcodes-ultimate shortcodes-ultimate panel-first-child\" data-index=\"3\" ><div class=\"panel-widget-style panel-widget-style-for-6214-2-1-0\" ><h3 class=\"widget-title\">equipo docente<\/h3><div class=\"textwidget\"><div class=\"su-expand su-expand-collapsed su-expand-link-style-default\" data-height=\"100\"><div class=\"su-expand-content su-u-trim\" style=\"color:#333333;max-height:100px;overflow:hidden\">\n\n\n<ul class=\"lista-profesores-clase\">\n<li><p class=\"blue\">D. Enrique T\u00e1rrega. <span>(Tutor).<\/span><\/p>\n<p>(Lengua Castellana, Matem\u00e1ticas y Pl\u00e1stica)<\/`p><\/li>\n\n<li><p class=\"blue\">D. Pascual Chust<\/p>\n<p>(C. Socials)<\/`p><\/li>\n\n<li><p class=\"blue\">Srta. Ana D\u00edaz<\/p>\n<p>(Valenci\u00e0)<\/`p><\/li>\n\n<li><p class=\"blue\">Srta. M\u00aa Carmen Piles<\/p>\n<p>(Ingl\u00e9s)<\/`p><\/li>\n\n<li><p class=\"blue\">Srta. Nieves Cremades<\/p>\n<p>(M\u00fasica)<\/`p><\/li>\n\n<li><p class=\"blue\">Srta. Amparo Veguer<\/p>\n<p>(C. Naturals y Religi\u00f3n)<\/`p><\/li>\n\n<li><p class=\"blue\">D. Daniel Berzal<\/p>\n<p>(Ed. F\u00edsica)<\/`p><\/li>\n<\/div><div class=\"su-expand-link su-expand-link-more\" style=\"text-align:left\"><a href=\"javascript:;\" style=\"color:#0088FF;border-color:#0088FF\"><i class=\"sui sui-chevron-circle-down\" style=\"\" aria-label=\"\"><\/i><span style=\"border-color:#0088FF\">Mostrar m\u00e1s<\/span><\/a><\/div><div class=\"su-expand-link su-expand-link-less\" style=\"text-align:left\"><a href=\"javascript:;\" style=\"color:#0088FF;border-color:#0088FF\"><i class=\"sui sui-chevron-circle-up\" style=\"\" aria-label=\"\"><\/i><span style=\"border-color:#0088FF\">Mostrar menos<\/span><\/a><\/div><\/div><\/div><\/div><\/div><div id=\"panel-6214-2-1-1\" class=\"so-panel widget widget_shortcodes-ultimate shortcodes-ultimate\" data-index=\"4\" ><div class=\"panel-widget-style panel-widget-style-for-6214-2-1-1\" ><h3 class=\"widget-title\">HORARIO DE CLASES<\/h3><div class=\"textwidget\"><span class=\"su-lightbox\" data-mfp-src=\"https:\/\/albertogarel.es\/satoa\/wp-content\/uploads\/sites\/5\/2018\/12\/horariolectivo6to.jpg\" data-mfp-type=\"image\" data-mobile=\"yes\">Pincha aqu\u00ed...<\/span>\n<\/div><\/div><\/div><div id=\"panel-6214-2-1-2\" class=\"so-panel widget widget_calendar\" data-index=\"5\" ><div class=\"panel-widget-style panel-widget-style-for-6214-2-1-2\" ><div id=\"calendar_wrap\" class=\"calendar_wrap\"><table id=\"wp-calendar\" class=\"wp-calendar-table\">\n\t<caption>enero 2000<\/caption>\n\t<thead>\n\t<tr>\n\t\t<th scope=\"col\" title=\"lunes\">L<\/th>\n\t\t<th scope=\"col\" title=\"martes\">M<\/th>\n\t\t<th scope=\"col\" title=\"mi\u00e9rcoles\">X<\/th>\n\t\t<th scope=\"col\" title=\"jueves\">J<\/th>\n\t\t<th scope=\"col\" title=\"viernes\">V<\/th>\n\t\t<th scope=\"col\" title=\"s\u00e1bado\">S<\/th>\n\t\t<th scope=\"col\" title=\"domingo\">D<\/th>\n\t<\/tr>\n\t<\/thead>\n\t<tbody>\n\t<tr>\n\t\t<td colspan=\"5\" class=\"pad\">&nbsp;<\/td><td>1<\/td><td>2<\/td>\n\t<\/tr>\n\t<tr>\n\t\t<td>3<\/td><td>4<\/td><td>5<\/td><td>6<\/td><td>7<\/td><td>8<\/td><td>9<\/td>\n\t<\/tr>\n\t<tr>\n\t\t<td>10<\/td><td>11<\/td><td>12<\/td><td>13<\/td><td>14<\/td><td>15<\/td><td>16<\/td>\n\t<\/tr>\n\t<tr>\n\t\t<td>17<\/td><td>18<\/td><td>19<\/td><td>20<\/td><td>21<\/td><td>22<\/td><td>23<\/td>\n\t<\/tr>\n\t<tr>\n\t\t<td>24<\/td><td>25<\/td><td>26<\/td><td>27<\/td><td>28<\/td><td>29<\/td><td>30<\/td>\n\t<\/tr>\n\t<tr>\n\t\t<td>31<\/td>\n\t\t<td class=\"pad\" colspan=\"6\">&nbsp;<\/td>\n\t<\/tr>\n\t<\/tbody>\n\t<\/table><nav aria-label=\"Meses anteriores y posteriores\" class=\"wp-calendar-nav\">\n\t\t<span class=\"wp-calendar-nav-prev\">&nbsp;<\/span>\n\t\t<span class=\"pad\">&nbsp;<\/span>\n\t\t<span class=\"wp-calendar-nav-next\"><a href=\"https:\/\/albertogarel.es\/satoa\/2018\/12\/\">Dic &raquo;<\/a><\/span>\n\t<\/nav><\/div><\/div><\/div><div id=\"panel-6214-2-1-3\" class=\"so-panel widget widget_search\" data-index=\"6\" ><div class=\"panel-widget-style panel-widget-style-for-6214-2-1-3\" ><form role=\"search\" method=\"get\" class=\"search-form\" action=\"https:\/\/albertogarel.es\/satoa\/\">\n\t\t\t\t<label>\n\t\t\t\t\t<span class=\"screen-reader-text\">Buscar:<\/span>\n\t\t\t\t\t<input type=\"search\" class=\"search-field\" placeholder=\"Buscar &hellip;\" value=\"\" name=\"s\" \/>\n\t\t\t\t<\/label>\n\t\t\t\t<input type=\"submit\" class=\"search-submit\" value=\"Buscar\" \/>\n\t\t\t<\/form><\/div><\/div><div id=\"panel-6214-2-1-4\" class=\"so-panel widget widget_archives widget_archive panel-last-child\" data-index=\"7\" ><div class=\"panel-widget-style panel-widget-style-for-6214-2-1-4\" ><h3 class=\"widget-title\">Archivos<\/h3>\t\t<label class=\"screen-reader-text\" for=\"archives-dropdown-3\">Archivos<\/label>\n\t\t<select id=\"archives-dropdown-3\" name=\"archive-dropdown\">\n\t\t\t\n\t\t\t<option value=\"\">Elegir el mes<\/option>\n\t\t\t\t<option value='https:\/\/albertogarel.es\/satoa\/2019\/10\/'> octubre 2019 &nbsp;(1)<\/option>\n\t<option value='https:\/\/albertogarel.es\/satoa\/2018\/12\/'> diciembre 2018 &nbsp;(14)<\/option>\n\n\t\t<\/select>\n\n<script type=\"text\/javascript\">\n\/* <![CDATA[ *\/\n(function() {\n\tvar dropdown = document.getElementById( \"archives-dropdown-3\" );\n\tfunction onSelectChange() {\n\t\tif ( dropdown.options[ dropdown.selectedIndex ].value !== '' ) {\n\t\t\tdocument.location.href = this.options[ this.selectedIndex ].value;\n\t\t}\n\t}\n\tdropdown.onchange = onSelectChange;\n})();\n\/* ]]> *\/\n<\/script>\n\t\t\t<\/div><\/div><\/div><\/div><\/div><\/div><div id=\"pg-6214-3\"  class=\"panel-grid panel-has-style\" ><div class=\"panel-row-style panel-row-style-for-6214-3\" ><div id=\"pgc-6214-3-0\"  class=\"panel-grid-cell panel-grid-cell-empty\" ><\/div><div id=\"pgc-6214-3-1\"  class=\"panel-grid-cell panel-grid-cell-mobile-last\" ><div id=\"panel-6214-3-1-0\" class=\"so-panel widget widget_sow-image panel-first-child panel-last-child\" data-index=\"8\" ><div\n\t\t\t\n\t\t\tclass=\"so-widget-sow-image so-widget-sow-image-default-7877d6771435-6214\"\n\t\t\t\n\t\t>\n\n<div class=\"sow-image-container\">\n\t\t<img src=\"https:\/\/albertogarel.es\/satoa\/wp-content\/uploads\/sites\/5\/2018\/12\/estrellascolorcorporativo.png\" width=\"1280\" height=\"320\" srcset=\"https:\/\/albertogarel.es\/satoa\/wp-content\/uploads\/sites\/5\/2018\/12\/estrellascolorcorporativo.png 1280w, https:\/\/albertogarel.es\/satoa\/wp-content\/uploads\/sites\/5\/2018\/12\/estrellascolorcorporativo-300x75.png 300w, https:\/\/albertogarel.es\/satoa\/wp-content\/uploads\/sites\/5\/2018\/12\/estrellascolorcorporativo-768x192.png 768w, https:\/\/albertogarel.es\/satoa\/wp-content\/uploads\/sites\/5\/2018\/12\/estrellascolorcorporativo-1024x256.png 1024w\" sizes=\"(max-width: 1280px) 100vw, 1280px\" alt=\"estrellas decorativas\" loading=\"lazy\" \t\tclass=\"so-widget-image\"\/>\n\t<\/div>\n\n<\/div><\/div><\/div><div id=\"pgc-6214-3-2\"  class=\"panel-grid-cell panel-grid-cell-empty\" ><\/div><\/div><\/div><div id=\"pg-6214-4\"  class=\"panel-grid panel-has-style\" ><div class=\"siteorigin-panels-stretch panel-row-style panel-row-style-for-6214-4\" data-stretch-type=\"full\" ><div id=\"pgc-6214-4-0\"  class=\"panel-grid-cell\" ><div id=\"panel-6214-4-0-0\" class=\"so-panel widget widget_sow-headline panel-first-child panel-last-child\" data-index=\"9\" ><div\n\t\t\t\n\t\t\tclass=\"so-widget-sow-headline so-widget-sow-headline-default-748fecd1da0e-6214 so-widget-fittext-wrapper\"\n\t\t\t data-fit-text-compressor=\"0.85\"\n\t\t><div class=\"sow-headline-container \">\n\t\t\t\t\t\t<div class=\"decoration\">\n\t\t\t\t\t\t<div class=\"decoration-inside\"><\/div>\n\t\t\t\t\t<\/div>\n\t\t\t\t\t<\/div><\/div><\/div><\/div><\/div><\/div><\/div>","protected":false},"excerpt":{"rendered":"<p>2\u00ba DE PRIMARIA multi Sites &gt; Colegio Santo Tom\u00e1s de Aquino \u00a1\u00a1 Hola a todos!! Esta ser\u00e1 la imagen identificativa de nuestro curso. Con ella ser\u00e1 m\u00e1s f\u00e1cil y visual poder localizar las entradas en &#8230;Leer M\u00e1s 17 diciembre, 2018 \/ 2\u00ba primaria, Imagen equipo docente D. Enrique T\u00e1rrega. (Tutor). [&hellip;]<\/p>\n","protected":false},"author":6,"featured_media":530,"parent":393,"menu_order":0,"comment_status":"closed","ping_status":"closed","template":"template-fullwidth.php","meta":[],"acf":[],"_links":{"self":[{"href":"https:\/\/albertogarel.es\/satoa\/wp-json\/wp\/v2\/pages\/6214"}],"collection":[{"href":"https:\/\/albertogarel.es\/satoa\/wp-json\/wp\/v2\/pages"}],"about":[{"href":"https:\/\/albertogarel.es\/satoa\/wp-json\/wp\/v2\/types\/page"}],"author":[{"embeddable":true,"href":"https:\/\/albertogarel.es\/satoa\/wp-json\/wp\/v2\/users\/6"}],"replies":[{"embeddable":true,"href":"https:\/\/albertogarel.es\/satoa\/wp-json\/wp\/v2\/comments?post=6214"}],"version-history":[{"count":2,"href":"https:\/\/albertogarel.es\/satoa\/wp-json\/wp\/v2\/pages\/6214\/revisions"}],"predecessor-version":[{"id":8247,"href":"https:\/\/albertogarel.es\/satoa\/wp-json\/wp\/v2\/pages\/6214\/revisions\/8247"}],"up":[{"embeddable":true,"href":"https:\/\/albertogarel.es\/satoa\/wp-json\/wp\/v2\/pages\/393"}],"wp:featuredmedia":[{"embeddable":true,"href":"https:\/\/albertogarel.es\/satoa\/wp-json\/wp\/v2\/media\/530"}],"wp:attachment":[{"href":"https:\/\/albertogarel.es\/satoa\/wp-json\/wp\/v2\/media?parent=6214"}],"curies":[{"name":"wp","href":"https:\/\/api.w.org\/{rel}","templated":true}]}}