{"id":6814,"date":"2018-12-24T00:43:36","date_gmt":"2018-12-23T23:43:36","guid":{"rendered":"http:\/\/santotomasdeaquino-torrent.es\/?page_id=6814"},"modified":"2019-10-08T02:25:40","modified_gmt":"2019-10-08T00:25:40","slug":"entretenimiento","status":"publish","type":"page","link":"https:\/\/albertogarel.es\/satoa\/entretenimiento\/","title":{"rendered":"Entretenimiento"},"content":{"rendered":"<div id=\"pl-6814\"  class=\"panel-layout\" ><div id=\"pg-6814-0\"  class=\"panel-grid panel-has-style\" ><div class=\"siteorigin-panels-stretch panel-row-style panel-row-style-for-6814-0\" data-stretch-type=\"full-stretched\" ><div id=\"pgc-6814-0-0\"  class=\"panel-grid-cell\" ><div id=\"panel-6814-0-0-0\" class=\"so-panel widget widget_sow-headline panel-first-child panel-last-child\" data-index=\"0\" ><div class=\"panel-widget-style panel-widget-style-for-6814-0-0-0\" ><div\n\t\t\t\n\t\t\tclass=\"so-widget-sow-headline so-widget-sow-headline-default-1ac82e701c66-6814\"\n\t\t\t\n\t\t><div class=\"sow-headline-container \">\n\t<h1 class='sow-headline'>ENTRETENIMIENTO<\/h1>\t\t\t\t\t<div class=\"decoration\">\n\t\t\t\t\t\t<div class=\"decoration-inside\"><\/div>\n\t\t\t\t\t<\/div>\n\t\t\t\t\t<\/div><\/div><\/div><\/div><\/div><\/div><\/div><div id=\"pg-6814-1\"  class=\"panel-grid panel-has-style\" ><div class=\"panel-row-style panel-row-style-for-6814-1\" ><div id=\"pgc-6814-1-0\"  class=\"panel-grid-cell panel-grid-cell-empty\" ><\/div><div id=\"pgc-6814-1-1\"  class=\"panel-grid-cell panel-grid-cell-mobile-last\" ><div id=\"panel-6814-1-1-0\" class=\"so-panel widget widget_bcn_widget widget_breadcrumb_navxt panel-first-child panel-last-child\" data-index=\"1\" ><div class=\"panel-widget-style panel-widget-style-for-6814-1-1-0\" ><div class=\"breadcrumbs\" vocab=\"https:\/\/schema.org\/\" typeof=\"BreadcrumbList\"><!-- Breadcrumb NavXT 7.1.0 -->\n<span property=\"itemListElement\" typeof=\"ListItem\"><a property=\"item\" typeof=\"WebPage\" title=\"Ir a multi Sites.\" href=\"https:\/\/albertogarel.es\" class=\"main-home\" ><span property=\"name\">multi Sites<\/span><\/a><meta property=\"position\" content=\"1\"><\/span> &gt; <span property=\"itemListElement\" typeof=\"ListItem\"><a property=\"item\" typeof=\"WebPage\" title=\"Ir a Colegio Santo Tom\u00e1s de Aquino.\" href=\"https:\/\/albertogarel.es\/satoa\" class=\"home\" aria-current=\"page\"><span property=\"name\">Colegio Santo Tom\u00e1s de Aquino<\/span><\/a><meta property=\"position\" content=\"2\"><\/span><\/div><\/div><\/div><\/div><div id=\"pgc-6814-1-2\"  class=\"panel-grid-cell panel-grid-cell-empty\" ><\/div><\/div><\/div><div id=\"pg-6814-2\"  class=\"panel-grid panel-has-style\" ><div class=\"panel-row-style panel-row-style-for-6814-2\" ><div id=\"pgc-6814-2-0\"  class=\"panel-grid-cell panel-grid-cell-empty\" ><\/div><div id=\"pgc-6814-2-1\"  class=\"panel-grid-cell panel-grid-cell-mobile-last\" ><div id=\"panel-6814-2-1-0\" class=\"so-panel widget widget_sow-editor panel-first-child panel-last-child\" data-index=\"2\" ><div\n\t\t\t\n\t\t\tclass=\"so-widget-sow-editor so-widget-sow-editor-base\"\n\t\t\t\n\t\t>\n<div class=\"siteorigin-widget-tinymce textwidget\">\n\t<h2 style=\"text-align: center;\"><strong>Entretenimiento para todos<\/strong><\/h2>\n<hr \/>\n<h2><\/h2>\n<\/div>\n<\/div><\/div><\/div><div id=\"pgc-6814-2-2\"  class=\"panel-grid-cell panel-grid-cell-empty\" ><\/div><\/div><\/div><div id=\"pg-6814-3\"  class=\"panel-grid panel-has-style\" ><div class=\"panel-row-style panel-row-style-for-6814-3\" ><div id=\"pgc-6814-3-0\"  class=\"panel-grid-cell panel-grid-cell-empty\" ><\/div><div id=\"pgc-6814-3-1\"  class=\"panel-grid-cell\" ><div class=\"panel-cell-style panel-cell-style-for-6814-3-1\" ><div id=\"panel-6814-3-1-0\" class=\"so-panel widget widget_sow-editor panel-first-child panel-last-child\" data-index=\"3\" ><div class=\"panel-widget-style panel-widget-style-for-6814-3-1-0\" ><div\n\t\t\t\n\t\t\tclass=\"so-widget-sow-editor so-widget-sow-editor-base\"\n\t\t\t\n\t\t>\n<div class=\"siteorigin-widget-tinymce textwidget\">\n\t<h2 style=\"text-align: left;\"><strong>Educ@<\/strong><\/h2>\n<hr \/>\n<p>En esta secci\u00f3n encontrar\u00e1s entretenimiento educativo como libros de lectura recomendado por rangos de edad, v\u00eddeos de fondo educativo, acertijos y adivinanzas. La mejor manera de aprender de manera divertida.<\/p>\n<\/div>\n<\/div><\/div><\/div><\/div><\/div><div id=\"pgc-6814-3-2\"  class=\"panel-grid-cell panel-grid-cell-mobile-last\" ><div class=\"panel-cell-style panel-cell-style-for-6814-3-2\" ><div id=\"panel-6814-3-2-0\" class=\"so-panel widget widget_sow-image panel-first-child panel-last-child\" data-index=\"4\" ><div class=\"imgn panel-widget-style panel-widget-style-for-6814-3-2-0\" ><div\n\t\t\t\n\t\t\tclass=\"so-widget-sow-image so-widget-sow-image-default-17bc2272b535-6814\"\n\t\t\t\n\t\t>\n\n<div class=\"sow-image-container\">\n\t\t\t<a href=\"https:\/\/albertogarel.es\/satoa\/entretenimiento\/educ\/\"\n\t\t\t\t\t>\n\t\t\t<img src=\"https:\/\/albertogarel.es\/satoa\/wp-content\/uploads\/sites\/5\/2018\/12\/educaselect-300x237.png\" width=\"300\" height=\"237\" srcset=\"https:\/\/albertogarel.es\/satoa\/wp-content\/uploads\/sites\/5\/2018\/12\/educaselect-300x237.png 300w, https:\/\/albertogarel.es\/satoa\/wp-content\/uploads\/sites\/5\/2018\/12\/educaselect.png 640w\" sizes=\"(max-width: 300px) 100vw, 300px\" alt=\"imagen selecci\u00f3n secci\u00f3n educa\" loading=\"lazy\" \t\tclass=\"so-widget-image\"\/>\n\t<\/a><\/div>\n\n<\/div><\/div><\/div><\/div><\/div><div id=\"pgc-6814-3-3\"  class=\"panel-grid-cell panel-grid-cell-empty\" ><\/div><\/div><\/div><div id=\"pg-6814-4\"  class=\"panel-grid panel-has-style\" ><div class=\"panel-row-style panel-row-style-for-6814-4\" ><div id=\"pgc-6814-4-0\"  class=\"panel-grid-cell panel-grid-cell-empty\" ><\/div><div id=\"pgc-6814-4-1\"  class=\"panel-grid-cell\" ><div class=\"panel-cell-style panel-cell-style-for-6814-4-1\" ><div id=\"panel-6814-4-1-0\" class=\"so-panel widget widget_sow-editor panel-first-child panel-last-child\" data-index=\"5\" ><div class=\"panel-widget-style panel-widget-style-for-6814-4-1-0\" ><div\n\t\t\t\n\t\t\tclass=\"so-widget-sow-editor so-widget-sow-editor-base\"\n\t\t\t\n\t\t>\n<div class=\"siteorigin-widget-tinymce textwidget\">\n\t<h2 style=\"text-align: left;\"><strong>Galer\u00eda<\/strong><\/h2>\n<hr \/>\n<p style=\"padding: 0px 15px 15px 0px\">Visita la galer\u00eda de im\u00e1genes donde publicaremos todas las im\u00e1genes de las distintas actividades y eventos que realicen los peques en el centro\u00a0 (excursiones, visitas, halloween,etc.).<\/p>\n<\/div>\n<\/div><\/div><\/div><\/div><\/div><div id=\"pgc-6814-4-2\"  class=\"panel-grid-cell panel-grid-cell-mobile-last\" ><div class=\"panel-cell-style panel-cell-style-for-6814-4-2\" ><div id=\"panel-6814-4-2-0\" class=\"so-panel widget widget_sow-image panel-first-child panel-last-child\" data-index=\"6\" ><div class=\"imgn panel-widget-style panel-widget-style-for-6814-4-2-0\" ><div\n\t\t\t\n\t\t\tclass=\"so-widget-sow-image so-widget-sow-image-default-17bc2272b535-6814\"\n\t\t\t\n\t\t>\n\n<div class=\"sow-image-container\">\n\t\t\t<a href=\"https:\/\/albertogarel.es\/satoa\/entretenimiento\/galeria\/\"\n\t\t\t\t\t>\n\t\t\t<img src=\"https:\/\/albertogarel.es\/satoa\/wp-content\/uploads\/sites\/5\/2018\/12\/galeriaselect-300x237.png\" width=\"300\" height=\"237\" srcset=\"https:\/\/albertogarel.es\/satoa\/wp-content\/uploads\/sites\/5\/2018\/12\/galeriaselect-300x237.png 300w, https:\/\/albertogarel.es\/satoa\/wp-content\/uploads\/sites\/5\/2018\/12\/galeriaselect.png 640w\" sizes=\"(max-width: 300px) 100vw, 300px\" alt=\"imagen selecci\u00f3n secci\u00f3n galer\u00eda\" loading=\"lazy\" \t\tclass=\"so-widget-image\"\/>\n\t<\/a><\/div>\n\n<\/div><\/div><\/div><\/div><\/div><div id=\"pgc-6814-4-3\"  class=\"panel-grid-cell panel-grid-cell-empty\" ><\/div><\/div><\/div><div id=\"pg-6814-5\"  class=\"panel-grid panel-has-style\" ><div class=\"panel-row-style panel-row-style-for-6814-5\" ><div id=\"pgc-6814-5-0\"  class=\"panel-grid-cell panel-grid-cell-empty\" ><\/div><div id=\"pgc-6814-5-1\"  class=\"panel-grid-cell\" ><div class=\"panel-cell-style panel-cell-style-for-6814-5-1\" ><div id=\"panel-6814-5-1-0\" class=\"so-panel widget widget_sow-editor panel-first-child panel-last-child\" data-index=\"7\" ><div class=\"panel-widget-style panel-widget-style-for-6814-5-1-0\" ><div\n\t\t\t\n\t\t\tclass=\"so-widget-sow-editor so-widget-sow-editor-base\"\n\t\t\t\n\t\t>\n<div class=\"siteorigin-widget-tinymce textwidget\">\n\t<h2><strong>Testimonios<\/strong><\/h2>\n<hr \/>\n<p style=\"padding: 0px 15px 15px 0px\">Nuestros antiguos alumnos tienen mucho que decir. Este espacio est\u00e1 dedicado a ellos, para que cuenten su experiencia en el centro y\u00a0 as\u00ed poder rendir un peque\u00f1o homenaje a todos ellos.<\/p>\n<\/div>\n<\/div><\/div><\/div><\/div><\/div><div id=\"pgc-6814-5-2\"  class=\"panel-grid-cell panel-grid-cell-mobile-last\" ><div class=\"panel-cell-style panel-cell-style-for-6814-5-2\" ><div id=\"panel-6814-5-2-0\" class=\"so-panel widget widget_sow-image panel-first-child panel-last-child\" data-index=\"8\" ><div class=\"imgn panel-widget-style panel-widget-style-for-6814-5-2-0\" ><div\n\t\t\t\n\t\t\tclass=\"so-widget-sow-image so-widget-sow-image-default-17bc2272b535-6814\"\n\t\t\t\n\t\t>\n\n<div class=\"sow-image-container\">\n\t\t\t<a href=\"https:\/\/albertogarel.es\/satoa\/entretenimiento\/testimonios\/\"\n\t\t\t\t\t>\n\t\t\t<img src=\"https:\/\/albertogarel.es\/satoa\/wp-content\/uploads\/sites\/5\/2018\/12\/testimoniosselect-300x237.png\" width=\"300\" height=\"237\" srcset=\"https:\/\/albertogarel.es\/satoa\/wp-content\/uploads\/sites\/5\/2018\/12\/testimoniosselect-300x237.png 300w, https:\/\/albertogarel.es\/satoa\/wp-content\/uploads\/sites\/5\/2018\/12\/testimoniosselect.png 640w\" sizes=\"(max-width: 300px) 100vw, 300px\" alt=\"imagen selecci\u00f3n secci\u00f3n testimonios\" loading=\"lazy\" \t\tclass=\"so-widget-image\"\/>\n\t<\/a><\/div>\n\n<\/div><\/div><\/div><\/div><\/div><div id=\"pgc-6814-5-3\"  class=\"panel-grid-cell panel-grid-cell-empty\" ><\/div><\/div><\/div><div id=\"pg-6814-6\"  class=\"panel-grid panel-has-style\" ><div class=\"panel-row-style panel-row-style-for-6814-6\" ><div id=\"pgc-6814-6-0\"  class=\"panel-grid-cell panel-grid-cell-empty\" ><\/div><div id=\"pgc-6814-6-1\"  class=\"panel-grid-cell\" ><div class=\"panel-cell-style panel-cell-style-for-6814-6-1\" ><div id=\"panel-6814-6-1-0\" class=\"so-panel widget widget_sow-editor panel-first-child panel-last-child\" data-index=\"9\" ><div class=\"panel-widget-style panel-widget-style-for-6814-6-1-0\" ><div\n\t\t\t\n\t\t\tclass=\"so-widget-sow-editor so-widget-sow-editor-base\"\n\t\t\t\n\t\t>\n<div class=\"siteorigin-widget-tinymce textwidget\">\n\t<h2><strong>Yo hago...<\/strong><\/h2>\n<hr \/>\n<p style=\"padding: 0px 15px 15px 0px\">\u00bfTienes un talento innato para realizar alg\u00fan tipo de actividad?, \u00bfsabes hacer algo de manera graciosa?, \u00bf Quieres que vean de lo que eres capaz?. Aqu\u00ed podr\u00e1s mostrarles a todos cual es tu habilidad.<\/p>\n<\/div>\n<\/div><\/div><\/div><\/div><\/div><div id=\"pgc-6814-6-2\"  class=\"panel-grid-cell panel-grid-cell-mobile-last\" ><div class=\"panel-cell-style panel-cell-style-for-6814-6-2\" ><div id=\"panel-6814-6-2-0\" class=\"so-panel widget widget_sow-image panel-first-child panel-last-child\" data-index=\"10\" ><div class=\"imgn panel-widget-style panel-widget-style-for-6814-6-2-0\" ><div\n\t\t\t\n\t\t\tclass=\"so-widget-sow-image so-widget-sow-image-default-17bc2272b535-6814\"\n\t\t\t\n\t\t>\n\n<div class=\"sow-image-container\">\n\t\t\t<a href=\"https:\/\/albertogarel.es\/satoa\/entretenimiento\/yo-hago\/\"\n\t\t\t\t\t>\n\t\t\t<img src=\"https:\/\/albertogarel.es\/satoa\/wp-content\/uploads\/sites\/5\/2018\/12\/yohagoselect-300x237.png\" width=\"300\" height=\"237\" srcset=\"https:\/\/albertogarel.es\/satoa\/wp-content\/uploads\/sites\/5\/2018\/12\/yohagoselect-300x237.png 300w, https:\/\/albertogarel.es\/satoa\/wp-content\/uploads\/sites\/5\/2018\/12\/yohagoselect.png 640w\" sizes=\"(max-width: 300px) 100vw, 300px\" alt=\"imagen selecci\u00f3n secci\u00f3n yo hago\" loading=\"lazy\" \t\tclass=\"so-widget-image\"\/>\n\t<\/a><\/div>\n\n<\/div><\/div><\/div><\/div><\/div><div id=\"pgc-6814-6-3\"  class=\"panel-grid-cell panel-grid-cell-empty\" ><\/div><\/div><\/div><div id=\"pg-6814-7\"  class=\"panel-grid panel-no-style\" ><div id=\"pgc-6814-7-0\"  class=\"panel-grid-cell panel-grid-cell-empty\" ><\/div><div id=\"pgc-6814-7-1\"  class=\"panel-grid-cell panel-grid-cell-mobile-last\" ><div id=\"panel-6814-7-1-0\" class=\"so-panel widget widget_sow-image panel-first-child panel-last-child\" data-index=\"11\" ><div\n\t\t\t\n\t\t\tclass=\"so-widget-sow-image so-widget-sow-image-default-7877d6771435-6814\"\n\t\t\t\n\t\t>\n\n<div class=\"sow-image-container\">\n\t\t<img src=\"https:\/\/albertogarel.es\/satoa\/wp-content\/uploads\/sites\/5\/2018\/12\/estrellascolorcorporativo.png\" width=\"1280\" height=\"320\" srcset=\"https:\/\/albertogarel.es\/satoa\/wp-content\/uploads\/sites\/5\/2018\/12\/estrellascolorcorporativo.png 1280w, https:\/\/albertogarel.es\/satoa\/wp-content\/uploads\/sites\/5\/2018\/12\/estrellascolorcorporativo-300x75.png 300w, https:\/\/albertogarel.es\/satoa\/wp-content\/uploads\/sites\/5\/2018\/12\/estrellascolorcorporativo-768x192.png 768w, https:\/\/albertogarel.es\/satoa\/wp-content\/uploads\/sites\/5\/2018\/12\/estrellascolorcorporativo-1024x256.png 1024w\" sizes=\"(max-width: 1280px) 100vw, 1280px\" alt=\"estrellas decorativas\" loading=\"lazy\" \t\tclass=\"so-widget-image\"\/>\n\t<\/div>\n\n<\/div><\/div><\/div><div id=\"pgc-6814-7-2\"  class=\"panel-grid-cell panel-grid-cell-empty\" ><\/div><\/div><div id=\"pg-6814-8\"  class=\"panel-grid panel-no-style\" ><div id=\"pgc-6814-8-0\"  class=\"panel-grid-cell\" ><div id=\"panel-6814-8-0-0\" class=\"so-panel widget widget_sow-headline panel-first-child panel-last-child\" data-index=\"12\" ><div\n\t\t\t\n\t\t\tclass=\"so-widget-sow-headline so-widget-sow-headline-default-748fecd1da0e-6814 so-widget-fittext-wrapper\"\n\t\t\t data-fit-text-compressor=\"0.85\"\n\t\t><div class=\"sow-headline-container \">\n\t\t\t\t\t\t<div class=\"decoration\">\n\t\t\t\t\t\t<div class=\"decoration-inside\"><\/div>\n\t\t\t\t\t<\/div>\n\t\t\t\t\t<\/div><\/div><\/div><\/div><\/div><\/div>","protected":false},"excerpt":{"rendered":"<p>ENTRETENIMIENTO multi Sites &gt; Colegio Santo Tom\u00e1s de Aquino Entretenimiento para todos Educ@ En esta secci\u00f3n encontrar\u00e1s entretenimiento educativo como libros de lectura recomendado por rangos de edad, v\u00eddeos de fondo educativo, acertijos y adivinanzas. La mejor manera de aprender de manera divertida. Galer\u00eda Visita la galer\u00eda de im\u00e1genes donde [&hellip;]<\/p>\n","protected":false},"author":6,"featured_media":0,"parent":0,"menu_order":0,"comment_status":"closed","ping_status":"closed","template":"template-fullwidth.php","meta":[],"acf":[],"_links":{"self":[{"href":"https:\/\/albertogarel.es\/satoa\/wp-json\/wp\/v2\/pages\/6814"}],"collection":[{"href":"https:\/\/albertogarel.es\/satoa\/wp-json\/wp\/v2\/pages"}],"about":[{"href":"https:\/\/albertogarel.es\/satoa\/wp-json\/wp\/v2\/types\/page"}],"author":[{"embeddable":true,"href":"https:\/\/albertogarel.es\/satoa\/wp-json\/wp\/v2\/users\/6"}],"replies":[{"embeddable":true,"href":"https:\/\/albertogarel.es\/satoa\/wp-json\/wp\/v2\/comments?post=6814"}],"version-history":[{"count":0,"href":"https:\/\/albertogarel.es\/satoa\/wp-json\/wp\/v2\/pages\/6814\/revisions"}],"wp:attachment":[{"href":"https:\/\/albertogarel.es\/satoa\/wp-json\/wp\/v2\/media?parent=6814"}],"curies":[{"name":"wp","href":"https:\/\/api.w.org\/{rel}","templated":true}]}}