{"id":10,"date":"2018-06-04T13:31:38","date_gmt":"2018-06-04T11:31:38","guid":{"rendered":"http:\/\/ociosinfronteras.es\/?page_id=10"},"modified":"2019-07-08T08:51:06","modified_gmt":"2019-07-08T06:51:06","slug":"viaja-sin-fronteras","status":"publish","type":"page","link":"https:\/\/albertogarel.es\/tuociosinfronteras\/viaja-sin-fronteras\/","title":{"rendered":"Viaja sin fronteras"},"content":{"rendered":"<div id=\"pl-10\"  class=\"panel-layout\" ><div id=\"pg-10-0\"  class=\"panel-grid panel-no-style\" ><div id=\"pgc-10-0-0\"  class=\"panel-grid-cell\" ><div id=\"panel-10-0-0-0\" class=\"so-panel widget widget_sow-editor panel-first-child panel-last-child\" data-index=\"0\" ><div class=\"panel-widget-style panel-widget-style-for-10-0-0-0\" ><div\n\t\t\t\n\t\t\tclass=\"so-widget-sow-editor so-widget-sow-editor-base\"\n\t\t\t\n\t\t>\n<div class=\"siteorigin-widget-tinymce textwidget\">\n\t<h1 style=\"text-align: center;\"><span style=\"color: #5e8cb5;\">Vive sin l\u00edmites | Sue\u00f1a sin miedos | VIAJA SIN FRONTERAS<\/span><\/h1>\n<\/div>\n<\/div><\/div><\/div><\/div><\/div><div id=\"pg-10-1\"  class=\"panel-grid panel-no-style\" ><div id=\"pgc-10-1-0\"  class=\"panel-grid-cell\" ><div id=\"panel-10-1-0-0\" class=\"so-panel widget widget_sow-editor panel-first-child panel-last-child\" data-index=\"1\" ><div class=\"panel-widget-style panel-widget-style-for-10-1-0-0\" ><div\n\t\t\t\n\t\t\tclass=\"so-widget-sow-editor so-widget-sow-editor-base\"\n\t\t\t\n\t\t><h3 class=\"widget-title\">FERIA DE LA ALCACHOFA BENICARL\u00d3 | 26 ENERO<\/h3>\n<div class=\"siteorigin-widget-tinymce textwidget\">\n\t<div class=\"siteorigin-widget-tinymce textwidget\">\n\n\t\t<style type=\"text\/css\">\n\t\t\t#gallery-1 {\n\t\t\t\tmargin: auto;\n\t\t\t}\n\t\t\t#gallery-1 .gallery-item {\n\t\t\t\tfloat: left;\n\t\t\t\tmargin-top: 10px;\n\t\t\t\ttext-align: center;\n\t\t\t\twidth: 33%;\n\t\t\t}\n\t\t\t#gallery-1 img {\n\t\t\t\tborder: 2px solid #cfcfcf;\n\t\t\t}\n\t\t\t#gallery-1 .gallery-caption {\n\t\t\t\tmargin-left: 0;\n\t\t\t}\n\t\t\t\/* see gallery_shortcode() in wp-includes\/media.php *\/\n\t\t<\/style>\n\t\t<div id='gallery-1' class='gallery galleryid-10 gallery-columns-3 gallery-size-thumbnail'><dl class='gallery-item'>\n\t\t\t<dt class='gallery-icon landscape'>\n\t\t\t\t<a href='https:\/\/albertogarel.es\/tuociosinfronteras\/?attachment_id=1119#main'><img width=\"150\" height=\"150\" src=\"https:\/\/albertogarel.es\/tuociosinfronteras\/wp-content\/uploads\/sites\/7\/2019\/01\/Parmesan-Cheese-150x150.jpg\" class=\"attachment-thumbnail size-thumbnail\" alt=\"Feria de la alcachofa\" decoding=\"async\" loading=\"lazy\" srcset=\"https:\/\/albertogarel.es\/tuociosinfronteras\/wp-content\/uploads\/sites\/7\/2019\/01\/Parmesan-Cheese-150x150.jpg 150w, https:\/\/albertogarel.es\/tuociosinfronteras\/wp-content\/uploads\/sites\/7\/2019\/01\/Parmesan-Cheese-100x100.jpg 100w\" sizes=\"(max-width: 150px) 100vw, 150px\" \/><\/a>\n\t\t\t<\/dt><\/dl><dl class='gallery-item'>\n\t\t\t<dt class='gallery-icon landscape'>\n\t\t\t\t<a href='https:\/\/albertogarel.es\/tuociosinfronteras\/viaja-sin-fronteras\/descarga-4\/#main'><img width=\"150\" height=\"150\" src=\"https:\/\/albertogarel.es\/tuociosinfronteras\/wp-content\/uploads\/sites\/7\/2019\/01\/descarga-150x150.jpeg\" class=\"attachment-thumbnail size-thumbnail\" alt=\"\" decoding=\"async\" loading=\"lazy\" srcset=\"https:\/\/albertogarel.es\/tuociosinfronteras\/wp-content\/uploads\/sites\/7\/2019\/01\/descarga-150x150.jpeg 150w, https:\/\/albertogarel.es\/tuociosinfronteras\/wp-content\/uploads\/sites\/7\/2019\/01\/descarga-100x100.jpeg 100w\" sizes=\"(max-width: 150px) 100vw, 150px\" \/><\/a>\n\t\t\t<\/dt><\/dl><dl class='gallery-item'>\n\t\t\t<dt class='gallery-icon landscape'>\n\t\t\t\t<a href='https:\/\/albertogarel.es\/tuociosinfronteras\/viaja-sin-fronteras\/alcachofa\/#main'><img width=\"150\" height=\"150\" src=\"https:\/\/albertogarel.es\/tuociosinfronteras\/wp-content\/uploads\/sites\/7\/2019\/01\/Alcachofa-150x150.jpg\" class=\"attachment-thumbnail size-thumbnail\" alt=\"\" decoding=\"async\" loading=\"lazy\" srcset=\"https:\/\/albertogarel.es\/tuociosinfronteras\/wp-content\/uploads\/sites\/7\/2019\/01\/Alcachofa-150x150.jpg 150w, https:\/\/albertogarel.es\/tuociosinfronteras\/wp-content\/uploads\/sites\/7\/2019\/01\/Alcachofa-100x100.jpg 100w\" sizes=\"(max-width: 150px) 100vw, 150px\" \/><\/a>\n\t\t\t<\/dt><\/dl><br style=\"clear: both\" \/>\n\t\t<\/div>\n\n<h3 style=\"text-align: center;\">FERIA DE LA ALCACHOFA | BENICARL\u00d3<\/h3>\n<p style=\"text-align: center;\"><span style=\"color: #ff6600;\">Salidas:<\/span><\/p>\n<p style=\"text-align: center;\">8:30 <strong>Valencia<\/strong> Avda. de Arag\u00f3n<\/p>\n<p style=\"text-align: center;\">9:30 <strong>Castell\u00f3n<\/strong> Estaci\u00f3n de Autobuses<\/p>\n<p style=\"text-align: center;\"><strong>Despierta tus sentidos<\/strong><\/p>\n<p style=\"text-align: center;\"><a href=\"https:\/\/albertogarel.es\/tuociosinfronteras\/producto\/feria-de-la-alcachofa-de-benicarlo-26-de-enero\/\"><input name=\"reserva\" type=\"button\" value=\"Informaci\u00f3n | Reserva\" \/><\/a><\/p>\n<p>&nbsp;<\/p>\n<\/div>\n<\/div>\n<\/div><\/div><\/div><\/div><\/div><div id=\"pg-10-2\"  class=\"panel-grid panel-no-style\" ><div id=\"pgc-10-2-0\"  class=\"panel-grid-cell\" ><div id=\"panel-10-2-0-0\" class=\"so-panel widget widget_sow-editor panel-first-child panel-last-child\" data-index=\"2\" ><div class=\"panel-widget-style panel-widget-style-for-10-2-0-0\" ><div\n\t\t\t\n\t\t\tclass=\"so-widget-sow-editor so-widget-sow-editor-base\"\n\t\t\t\n\t\t><h3 class=\"widget-title\">CAMINO DEL CID | 3 FEBRERO<\/h3>\n<div class=\"siteorigin-widget-tinymce textwidget\">\n\t<div class=\"siteorigin-widget-tinymce textwidget\">\n\n\t\t<style type=\"text\/css\">\n\t\t\t#gallery-2 {\n\t\t\t\tmargin: auto;\n\t\t\t}\n\t\t\t#gallery-2 .gallery-item {\n\t\t\t\tfloat: left;\n\t\t\t\tmargin-top: 10px;\n\t\t\t\ttext-align: center;\n\t\t\t\twidth: 33%;\n\t\t\t}\n\t\t\t#gallery-2 img {\n\t\t\t\tborder: 2px solid #cfcfcf;\n\t\t\t}\n\t\t\t#gallery-2 .gallery-caption {\n\t\t\t\tmargin-left: 0;\n\t\t\t}\n\t\t\t\/* see gallery_shortcode() in wp-includes\/media.php *\/\n\t\t<\/style>\n\t\t<div id='gallery-2' class='gallery galleryid-10 gallery-columns-3 gallery-size-thumbnail'><dl class='gallery-item'>\n\t\t\t<dt class='gallery-icon landscape'>\n\t\t\t\t<a href='https:\/\/albertogarel.es\/tuociosinfronteras\/viaja-sin-fronteras\/descarga-1-copia\/#main'><img width=\"150\" height=\"150\" src=\"https:\/\/albertogarel.es\/tuociosinfronteras\/wp-content\/uploads\/sites\/7\/2019\/01\/descarga-1-copia-150x150.jpeg\" class=\"attachment-thumbnail size-thumbnail\" alt=\"Castillo Novelda\" decoding=\"async\" loading=\"lazy\" srcset=\"https:\/\/albertogarel.es\/tuociosinfronteras\/wp-content\/uploads\/sites\/7\/2019\/01\/descarga-1-copia-150x150.jpeg 150w, https:\/\/albertogarel.es\/tuociosinfronteras\/wp-content\/uploads\/sites\/7\/2019\/01\/descarga-1-copia-100x100.jpeg 100w\" sizes=\"(max-width: 150px) 100vw, 150px\" \/><\/a>\n\t\t\t<\/dt><\/dl><dl class='gallery-item'>\n\t\t\t<dt class='gallery-icon landscape'>\n\t\t\t\t<a href='https:\/\/albertogarel.es\/tuociosinfronteras\/viaja-sin-fronteras\/descarga-2-copia\/#main'><img width=\"150\" height=\"150\" src=\"https:\/\/albertogarel.es\/tuociosinfronteras\/wp-content\/uploads\/sites\/7\/2019\/01\/descarga-2-copia-150x150.jpeg\" class=\"attachment-thumbnail size-thumbnail\" alt=\"Palmeral de Elche\" decoding=\"async\" loading=\"lazy\" srcset=\"https:\/\/albertogarel.es\/tuociosinfronteras\/wp-content\/uploads\/sites\/7\/2019\/01\/descarga-2-copia-150x150.jpeg 150w, https:\/\/albertogarel.es\/tuociosinfronteras\/wp-content\/uploads\/sites\/7\/2019\/01\/descarga-2-copia-100x100.jpeg 100w\" sizes=\"(max-width: 150px) 100vw, 150px\" \/><\/a>\n\t\t\t<\/dt><\/dl><dl class='gallery-item'>\n\t\t\t<dt class='gallery-icon landscape'>\n\t\t\t\t<a href='https:\/\/albertogarel.es\/tuociosinfronteras\/viaja-sin-fronteras\/xativa8\/#main'><img width=\"150\" height=\"150\" src=\"https:\/\/albertogarel.es\/tuociosinfronteras\/wp-content\/uploads\/sites\/7\/2019\/01\/xativa8-150x150.jpg\" class=\"attachment-thumbnail size-thumbnail\" alt=\"Centro hist\u00f3rico J\u00e1tiva\" decoding=\"async\" loading=\"lazy\" srcset=\"https:\/\/albertogarel.es\/tuociosinfronteras\/wp-content\/uploads\/sites\/7\/2019\/01\/xativa8-150x150.jpg 150w, https:\/\/albertogarel.es\/tuociosinfronteras\/wp-content\/uploads\/sites\/7\/2019\/01\/xativa8-100x100.jpg 100w\" sizes=\"(max-width: 150px) 100vw, 150px\" \/><\/a>\n\t\t\t<\/dt><\/dl><br style=\"clear: both\" \/>\n\t\t<\/div>\n\n<h3 style=\"text-align: center;\">CAMINO DEL CID | RAMAL DEFENSIVO SUR<\/h3>\n<p style=\"text-align: center;\">Salida a las 8:00 desde Avda. de Arag\u00f3n en Valencia<\/p>\n<p style=\"text-align: center;\">Visitaremos Elche | Novelda | Villena | Bocairente | J\u00e1tiva | Alzira<\/p>\n<p style=\"text-align: center;\"><strong>Un viaje de leyenda<\/strong><\/p>\n<p style=\"text-align: center;\"><a href=\"https:\/\/albertogarel.es\/tuociosinfronteras\/producto\/camino-del-cid-3-febrero\/\"><input name=\"reserva\" type=\"button\" value=\"Informaci\u00f3n | Reserva\" \/><\/a><\/p>\n<p style=\"text-align: center;\">\n<\/div>\n<\/div>\n<\/div><\/div><\/div><\/div><\/div><div id=\"pg-10-3\"  class=\"panel-grid panel-no-style\" ><div id=\"pgc-10-3-0\"  class=\"panel-grid-cell\" ><div id=\"panel-10-3-0-0\" class=\"so-panel widget widget_sow-editor panel-first-child panel-last-child\" data-index=\"3\" ><div class=\"panel-widget-style panel-widget-style-for-10-3-0-0\" ><div\n\t\t\t\n\t\t\tclass=\"so-widget-sow-editor so-widget-sow-editor-base\"\n\t\t\t\n\t\t><h3 class=\"widget-title\">FERIA EMBUTIDO REQUENA | 10 FEBRERO<\/h3>\n<div class=\"siteorigin-widget-tinymce textwidget\">\n\t<div class=\"siteorigin-widget-tinymce textwidget\">\n\n\t\t<style type=\"text\/css\">\n\t\t\t#gallery-3 {\n\t\t\t\tmargin: auto;\n\t\t\t}\n\t\t\t#gallery-3 .gallery-item {\n\t\t\t\tfloat: left;\n\t\t\t\tmargin-top: 10px;\n\t\t\t\ttext-align: center;\n\t\t\t\twidth: 33%;\n\t\t\t}\n\t\t\t#gallery-3 img {\n\t\t\t\tborder: 2px solid #cfcfcf;\n\t\t\t}\n\t\t\t#gallery-3 .gallery-caption {\n\t\t\t\tmargin-left: 0;\n\t\t\t}\n\t\t\t\/* see gallery_shortcode() in wp-includes\/media.php *\/\n\t\t<\/style>\n\t\t<div id='gallery-3' class='gallery galleryid-10 gallery-columns-3 gallery-size-thumbnail'><dl class='gallery-item'>\n\t\t\t<dt class='gallery-icon landscape'>\n\t\t\t\t<a href='https:\/\/albertogarel.es\/tuociosinfronteras\/viaja-sin-fronteras\/descarga-1-2\/#main'><img width=\"150\" height=\"150\" src=\"https:\/\/albertogarel.es\/tuociosinfronteras\/wp-content\/uploads\/sites\/7\/2019\/01\/descarga-1-150x150.jpeg\" class=\"attachment-thumbnail size-thumbnail\" alt=\"Embutido\" decoding=\"async\" loading=\"lazy\" srcset=\"https:\/\/albertogarel.es\/tuociosinfronteras\/wp-content\/uploads\/sites\/7\/2019\/01\/descarga-1-150x150.jpeg 150w, https:\/\/albertogarel.es\/tuociosinfronteras\/wp-content\/uploads\/sites\/7\/2019\/01\/descarga-1-100x100.jpeg 100w\" sizes=\"(max-width: 150px) 100vw, 150px\" \/><\/a>\n\t\t\t<\/dt><\/dl><dl class='gallery-item'>\n\t\t\t<dt class='gallery-icon landscape'>\n\t\t\t\t<a href='https:\/\/albertogarel.es\/tuociosinfronteras\/viaja-sin-fronteras\/parmesan-cheese-3\/#main'><img width=\"150\" height=\"150\" src=\"https:\/\/albertogarel.es\/tuociosinfronteras\/wp-content\/uploads\/sites\/7\/2019\/01\/Parmesan-Cheese-2-150x150.jpg\" class=\"attachment-thumbnail size-thumbnail\" alt=\"Feria embutido Requena\" decoding=\"async\" loading=\"lazy\" srcset=\"https:\/\/albertogarel.es\/tuociosinfronteras\/wp-content\/uploads\/sites\/7\/2019\/01\/Parmesan-Cheese-2-150x150.jpg 150w, https:\/\/albertogarel.es\/tuociosinfronteras\/wp-content\/uploads\/sites\/7\/2019\/01\/Parmesan-Cheese-2-100x100.jpg 100w\" sizes=\"(max-width: 150px) 100vw, 150px\" \/><\/a>\n\t\t\t<\/dt><\/dl><dl class='gallery-item'>\n\t\t\t<dt class='gallery-icon landscape'>\n\t\t\t\t<a href='https:\/\/albertogarel.es\/tuociosinfronteras\/viaja-sin-fronteras\/descarga-2-3\/#main'><img width=\"150\" height=\"150\" src=\"https:\/\/albertogarel.es\/tuociosinfronteras\/wp-content\/uploads\/sites\/7\/2019\/01\/descarga-2-150x150.jpeg\" class=\"attachment-thumbnail size-thumbnail\" alt=\"Embutido\" decoding=\"async\" loading=\"lazy\" srcset=\"https:\/\/albertogarel.es\/tuociosinfronteras\/wp-content\/uploads\/sites\/7\/2019\/01\/descarga-2-150x150.jpeg 150w, https:\/\/albertogarel.es\/tuociosinfronteras\/wp-content\/uploads\/sites\/7\/2019\/01\/descarga-2-100x100.jpeg 100w\" sizes=\"(max-width: 150px) 100vw, 150px\" \/><\/a>\n\t\t\t<\/dt><\/dl><br style=\"clear: both\" \/>\n\t\t<\/div>\n\n<h3 style=\"text-align: center;\">FERIA DEL EMBUTIDO DE REQUENA<\/h3>\n<p style=\"text-align: center;\">Salida a las 9:00 desde Avda. de Arag\u00f3n en Valencia<\/p>\n<p style=\"text-align: center;\">Visitaremos Casco Antiguo | Murallas | Iglesias | Recinto ferial<\/p>\n<p style=\"text-align: center;\"><strong>Para chuparse los dedos.<\/strong><\/p>\n<p style=\"text-align: center;\"><a href=\"https:\/\/albertogarel.es\/tuociosinfronteras\/producto\/feria-embutido-requena-10-febrero\/\"><input name=\"reserva\" type=\"button\" value=\"Informaci\u00f3n | Reserva\" \/><\/a><\/p>\n<p style=\"text-align: center;\">\n<\/div>\n<\/div>\n<\/div><\/div><\/div><\/div><\/div><div id=\"pg-10-4\"  class=\"panel-grid panel-no-style\" ><div id=\"pgc-10-4-0\"  class=\"panel-grid-cell\" ><div id=\"panel-10-4-0-0\" class=\"so-panel widget widget_sow-editor panel-first-child panel-last-child\" data-index=\"4\" ><div class=\"panel-widget-style panel-widget-style-for-10-4-0-0\" ><div\n\t\t\t\n\t\t\tclass=\"so-widget-sow-editor so-widget-sow-editor-base\"\n\t\t\t\n\t\t><h3 class=\"widget-title\">BODAS ISABEL DEL SEGURA | 16 FEBRERO<\/h3>\n<div class=\"siteorigin-widget-tinymce textwidget\">\n\t<div class=\"siteorigin-widget-tinymce textwidget\">\n\n\t\t<style type=\"text\/css\">\n\t\t\t#gallery-4 {\n\t\t\t\tmargin: auto;\n\t\t\t}\n\t\t\t#gallery-4 .gallery-item {\n\t\t\t\tfloat: left;\n\t\t\t\tmargin-top: 10px;\n\t\t\t\ttext-align: center;\n\t\t\t\twidth: 33%;\n\t\t\t}\n\t\t\t#gallery-4 img {\n\t\t\t\tborder: 2px solid #cfcfcf;\n\t\t\t}\n\t\t\t#gallery-4 .gallery-caption {\n\t\t\t\tmargin-left: 0;\n\t\t\t}\n\t\t\t\/* see gallery_shortcode() in wp-includes\/media.php *\/\n\t\t<\/style>\n\t\t<div id='gallery-4' class='gallery galleryid-10 gallery-columns-3 gallery-size-thumbnail'><dl class='gallery-item'>\n\t\t\t<dt class='gallery-icon landscape'>\n\t\t\t\t<a href='https:\/\/albertogarel.es\/tuociosinfronteras\/viaja-sin-fronteras\/97226f8fe105c6c6938f04605cb28277-2\/#main'><img width=\"150\" height=\"150\" src=\"https:\/\/albertogarel.es\/tuociosinfronteras\/wp-content\/uploads\/sites\/7\/2019\/01\/97226f8fe105c6c6938f04605cb28277-1-150x150.jpg\" class=\"attachment-thumbnail size-thumbnail\" alt=\"\" decoding=\"async\" loading=\"lazy\" srcset=\"https:\/\/albertogarel.es\/tuociosinfronteras\/wp-content\/uploads\/sites\/7\/2019\/01\/97226f8fe105c6c6938f04605cb28277-1-150x150.jpg 150w, https:\/\/albertogarel.es\/tuociosinfronteras\/wp-content\/uploads\/sites\/7\/2019\/01\/97226f8fe105c6c6938f04605cb28277-1-100x100.jpg 100w\" sizes=\"(max-width: 150px) 100vw, 150px\" \/><\/a>\n\t\t\t<\/dt><\/dl><dl class='gallery-item'>\n\t\t\t<dt class='gallery-icon landscape'>\n\t\t\t\t<a href='https:\/\/albertogarel.es\/tuociosinfronteras\/viaja-sin-fronteras\/isabel_segura-2\/#main'><img width=\"150\" height=\"150\" src=\"https:\/\/albertogarel.es\/tuociosinfronteras\/wp-content\/uploads\/sites\/7\/2019\/01\/isabel_segura-1-150x150.jpg\" class=\"attachment-thumbnail size-thumbnail\" alt=\"\" decoding=\"async\" loading=\"lazy\" srcset=\"https:\/\/albertogarel.es\/tuociosinfronteras\/wp-content\/uploads\/sites\/7\/2019\/01\/isabel_segura-1-150x150.jpg 150w, https:\/\/albertogarel.es\/tuociosinfronteras\/wp-content\/uploads\/sites\/7\/2019\/01\/isabel_segura-1-100x100.jpg 100w\" sizes=\"(max-width: 150px) 100vw, 150px\" \/><\/a>\n\t\t\t<\/dt><\/dl><dl class='gallery-item'>\n\t\t\t<dt class='gallery-icon landscape'>\n\t\t\t\t<a href='https:\/\/albertogarel.es\/tuociosinfronteras\/viaja-sin-fronteras\/ical271344-575x323-2\/#main'><img width=\"150\" height=\"150\" src=\"https:\/\/albertogarel.es\/tuociosinfronteras\/wp-content\/uploads\/sites\/7\/2019\/01\/ICAL271344-575x323-1-150x150.jpg\" class=\"attachment-thumbnail size-thumbnail\" alt=\"\" decoding=\"async\" loading=\"lazy\" srcset=\"https:\/\/albertogarel.es\/tuociosinfronteras\/wp-content\/uploads\/sites\/7\/2019\/01\/ICAL271344-575x323-1-150x150.jpg 150w, https:\/\/albertogarel.es\/tuociosinfronteras\/wp-content\/uploads\/sites\/7\/2019\/01\/ICAL271344-575x323-1-100x100.jpg 100w\" sizes=\"(max-width: 150px) 100vw, 150px\" \/><\/a>\n\t\t\t<\/dt><\/dl><br style=\"clear: both\" \/>\n\t\t<\/div>\n\n<h3 style=\"text-align: center;\">BODAS DE ISABEL DEL SEGURA<\/h3>\n<p style=\"text-align: center;\">Salida a las 8:30 desde Avda. de Arag\u00f3n en Valencia<\/p>\n<p style=\"text-align: center;\">Visitaremos Casco Antiguo | Monumentos | Recinto ferial<\/p>\n<p style=\"text-align: center;\"><strong>Los amantes de Teruel.<\/strong><\/p>\n<p style=\"text-align: center;\"><a href=\"https:\/\/albertogarel.es\/tuociosinfronteras\/producto\/bodas-de-isabel-del-segura-16-de-febrero\/\"><input name=\"reserva\" type=\"button\" value=\"Informaci\u00f3n | Reserva\" \/><\/a><\/p>\n<p style=\"text-align: center;\">\n<\/div>\n<\/div>\n<\/div><\/div><\/div><\/div><\/div><div id=\"pg-10-5\"  class=\"panel-grid panel-no-style\" ><div id=\"pgc-10-5-0\"  class=\"panel-grid-cell\" ><div id=\"panel-10-5-0-0\" class=\"so-panel widget widget_sow-editor panel-first-child panel-last-child\" data-index=\"5\" ><div class=\"panel-widget-style panel-widget-style-for-10-5-0-0\" ><div\n\t\t\t\n\t\t\tclass=\"so-widget-sow-editor so-widget-sow-editor-base\"\n\t\t\t\n\t\t><h3 class=\"widget-title\">\u00daBEDA - BAEZA 23 | 24 FEBRERO<\/h3>\n<div class=\"siteorigin-widget-tinymce textwidget\">\n\t<div class=\"siteorigin-widget-tinymce textwidget\">\n\n\t\t<style type=\"text\/css\">\n\t\t\t#gallery-5 {\n\t\t\t\tmargin: auto;\n\t\t\t}\n\t\t\t#gallery-5 .gallery-item {\n\t\t\t\tfloat: left;\n\t\t\t\tmargin-top: 10px;\n\t\t\t\ttext-align: center;\n\t\t\t\twidth: 33%;\n\t\t\t}\n\t\t\t#gallery-5 img {\n\t\t\t\tborder: 2px solid #cfcfcf;\n\t\t\t}\n\t\t\t#gallery-5 .gallery-caption {\n\t\t\t\tmargin-left: 0;\n\t\t\t}\n\t\t\t\/* see gallery_shortcode() in wp-includes\/media.php *\/\n\t\t<\/style>\n\t\t<div id='gallery-5' class='gallery galleryid-10 gallery-columns-3 gallery-size-thumbnail'><dl class='gallery-item'>\n\t\t\t<dt class='gallery-icon landscape'>\n\t\t\t\t<a href='https:\/\/albertogarel.es\/tuociosinfronteras\/viaja-sin-fronteras\/baeza1-2\/#main'><img width=\"150\" height=\"150\" src=\"https:\/\/albertogarel.es\/tuociosinfronteras\/wp-content\/uploads\/sites\/7\/2019\/01\/baeza1-1-150x150.jpg\" class=\"attachment-thumbnail size-thumbnail\" alt=\"\" decoding=\"async\" loading=\"lazy\" srcset=\"https:\/\/albertogarel.es\/tuociosinfronteras\/wp-content\/uploads\/sites\/7\/2019\/01\/baeza1-1-150x150.jpg 150w, https:\/\/albertogarel.es\/tuociosinfronteras\/wp-content\/uploads\/sites\/7\/2019\/01\/baeza1-1-100x100.jpg 100w\" sizes=\"(max-width: 150px) 100vw, 150px\" \/><\/a>\n\t\t\t<\/dt><\/dl><dl class='gallery-item'>\n\t\t\t<dt class='gallery-icon landscape'>\n\t\t\t\t<a href='https:\/\/albertogarel.es\/tuociosinfronteras\/viaja-sin-fronteras\/baeza-2\/#main'><img width=\"150\" height=\"150\" src=\"https:\/\/albertogarel.es\/tuociosinfronteras\/wp-content\/uploads\/sites\/7\/2019\/01\/baeza-1-150x150.jpg\" class=\"attachment-thumbnail size-thumbnail\" alt=\"\" decoding=\"async\" loading=\"lazy\" srcset=\"https:\/\/albertogarel.es\/tuociosinfronteras\/wp-content\/uploads\/sites\/7\/2019\/01\/baeza-1-150x150.jpg 150w, https:\/\/albertogarel.es\/tuociosinfronteras\/wp-content\/uploads\/sites\/7\/2019\/01\/baeza-1-100x100.jpg 100w\" sizes=\"(max-width: 150px) 100vw, 150px\" \/><\/a>\n\t\t\t<\/dt><\/dl><dl class='gallery-item'>\n\t\t\t<dt class='gallery-icon landscape'>\n\t\t\t\t<a href='https:\/\/albertogarel.es\/tuociosinfronteras\/viaja-sin-fronteras\/catedral_ubeda-2\/#main'><img width=\"150\" height=\"150\" src=\"https:\/\/albertogarel.es\/tuociosinfronteras\/wp-content\/uploads\/sites\/7\/2019\/01\/catedral_ubeda-1-150x150.jpg\" class=\"attachment-thumbnail size-thumbnail\" alt=\"\" decoding=\"async\" loading=\"lazy\" srcset=\"https:\/\/albertogarel.es\/tuociosinfronteras\/wp-content\/uploads\/sites\/7\/2019\/01\/catedral_ubeda-1-150x150.jpg 150w, https:\/\/albertogarel.es\/tuociosinfronteras\/wp-content\/uploads\/sites\/7\/2019\/01\/catedral_ubeda-1-100x100.jpg 100w\" sizes=\"(max-width: 150px) 100vw, 150px\" \/><\/a>\n\t\t\t<\/dt><\/dl><br style=\"clear: both\" \/>\n\t\t<\/div>\n\n<h3 style=\"text-align: center;\">\u00daBEDA | BAEZA | LINARES<\/h3>\n<p style=\"text-align: center;\">Salida a las 7:00 desde Avda. de Arag\u00f3n en Valencia<\/p>\n<p style=\"text-align: center;\"><strong>Conoce la cuna del Renacimiento Andaluz\u00a0<\/strong><\/p>\n<p style=\"text-align: center;\"><a href=\"https:\/\/albertogarel.es\/tuociosinfronteras\/producto\/ubeda-baeza-linares-23-al-24-febrero\/\"><input name=\"reserva\" type=\"button\" value=\"Informaci\u00f3n | Reserva\" \/><\/a><\/p>\n<p style=\"text-align: center;\">\n<\/div>\n<\/div>\n<\/div><\/div><\/div><\/div><\/div><div id=\"pg-10-6\"  class=\"panel-grid panel-no-style\" ><div id=\"pgc-10-6-0\"  class=\"panel-grid-cell\" ><div id=\"panel-10-6-0-0\" class=\"so-panel widget widget_sow-editor panel-first-child panel-last-child\" data-index=\"6\" ><div class=\"panel-widget-style panel-widget-style-for-10-6-0-0\" ><div\n\t\t\t\n\t\t\tclass=\"so-widget-sow-editor so-widget-sow-editor-base\"\n\t\t\t\n\t\t><h3 class=\"widget-title\">CAMINITO DEL REY 16 | 19 MARZO<\/h3>\n<div class=\"siteorigin-widget-tinymce textwidget\">\n\t<div class=\"siteorigin-widget-tinymce textwidget\">\n\n\t\t<style type=\"text\/css\">\n\t\t\t#gallery-6 {\n\t\t\t\tmargin: auto;\n\t\t\t}\n\t\t\t#gallery-6 .gallery-item {\n\t\t\t\tfloat: left;\n\t\t\t\tmargin-top: 10px;\n\t\t\t\ttext-align: center;\n\t\t\t\twidth: 33%;\n\t\t\t}\n\t\t\t#gallery-6 img {\n\t\t\t\tborder: 2px solid #cfcfcf;\n\t\t\t}\n\t\t\t#gallery-6 .gallery-caption {\n\t\t\t\tmargin-left: 0;\n\t\t\t}\n\t\t\t\/* see gallery_shortcode() in wp-includes\/media.php *\/\n\t\t<\/style>\n\t\t<div id='gallery-6' class='gallery galleryid-10 gallery-columns-3 gallery-size-thumbnail'><dl class='gallery-item'>\n\t\t\t<dt class='gallery-icon landscape'>\n\t\t\t\t<a href='https:\/\/albertogarel.es\/tuociosinfronteras\/viaja-sin-fronteras\/palace-1910258_1920-2\/#main'><img width=\"150\" height=\"150\" src=\"https:\/\/albertogarel.es\/tuociosinfronteras\/wp-content\/uploads\/sites\/7\/2019\/01\/palace-1910258_1920-1-150x150.jpg\" class=\"attachment-thumbnail size-thumbnail\" alt=\"Alhambra de Granada\" decoding=\"async\" loading=\"lazy\" aria-describedby=\"gallery-6-1195\" srcset=\"https:\/\/albertogarel.es\/tuociosinfronteras\/wp-content\/uploads\/sites\/7\/2019\/01\/palace-1910258_1920-1-150x150.jpg 150w, https:\/\/albertogarel.es\/tuociosinfronteras\/wp-content\/uploads\/sites\/7\/2019\/01\/palace-1910258_1920-1-100x100.jpg 100w\" sizes=\"(max-width: 150px) 100vw, 150px\" \/><\/a>\n\t\t\t<\/dt>\n\t\t\t\t<dd class='wp-caption-text gallery-caption' id='gallery-6-1195'>\n\t\t\t\tdvdfdb dv \n\t\t\t\t<\/dd><\/dl><dl class='gallery-item'>\n\t\t\t<dt class='gallery-icon landscape'>\n\t\t\t\t<a href='https:\/\/albertogarel.es\/tuociosinfronteras\/viaja-sin-fronteras\/caminito_del_rey-2\/#main'><img width=\"150\" height=\"150\" src=\"https:\/\/albertogarel.es\/tuociosinfronteras\/wp-content\/uploads\/sites\/7\/2019\/01\/caminito_del_rey-1-150x150.jpg\" class=\"attachment-thumbnail size-thumbnail\" alt=\"Caminito del Rey\" decoding=\"async\" loading=\"lazy\" srcset=\"https:\/\/albertogarel.es\/tuociosinfronteras\/wp-content\/uploads\/sites\/7\/2019\/01\/caminito_del_rey-1-150x150.jpg 150w, https:\/\/albertogarel.es\/tuociosinfronteras\/wp-content\/uploads\/sites\/7\/2019\/01\/caminito_del_rey-1-100x100.jpg 100w\" sizes=\"(max-width: 150px) 100vw, 150px\" \/><\/a>\n\t\t\t<\/dt><\/dl><dl class='gallery-item'>\n\t\t\t<dt class='gallery-icon landscape'>\n\t\t\t\t<a href='https:\/\/albertogarel.es\/tuociosinfronteras\/viaja-sin-fronteras\/ronda-2\/#main'><img width=\"150\" height=\"150\" src=\"https:\/\/albertogarel.es\/tuociosinfronteras\/wp-content\/uploads\/sites\/7\/2019\/01\/ronda-1-150x150.jpg\" class=\"attachment-thumbnail size-thumbnail\" alt=\"Ronda\" decoding=\"async\" loading=\"lazy\" aria-describedby=\"gallery-6-1196\" srcset=\"https:\/\/albertogarel.es\/tuociosinfronteras\/wp-content\/uploads\/sites\/7\/2019\/01\/ronda-1-150x150.jpg 150w, https:\/\/albertogarel.es\/tuociosinfronteras\/wp-content\/uploads\/sites\/7\/2019\/01\/ronda-1-100x100.jpg 100w\" sizes=\"(max-width: 150px) 100vw, 150px\" \/><\/a>\n\t\t\t<\/dt>\n\t\t\t\t<dd class='wp-caption-text gallery-caption' id='gallery-6-1196'>\n\t\t\t\tefwrb cv\n\t\t\t\t<\/dd><\/dl><br style=\"clear: both\" \/>\n\t\t<\/div>\n\n<h3 style=\"text-align: center;\">CAMINITO DEL REY<\/h3>\n<p style=\"text-align: center;\">Salida a las 7:00 desde Avda. de Arag\u00f3n en Valencia<\/p>\n<p style=\"text-align: center;\">Pasando por | Granada | Ronda | Sierra de Grazalema | Setenil | Antequera<\/p>\n<p style=\"text-align: center;\"><strong>Escapada de Fallas y vuelta para la Crem\u00e1<\/strong><\/p>\n<p style=\"text-align: center;\"><a href=\"https:\/\/albertogarel.es\/tuociosinfronteras\/producto\/caminito-del-rey-16-al-19-marzo\/\"><input name=\"reserva\" type=\"button\" value=\"Informaci\u00f3n | Reserva\" \/><\/a><\/p>\n<p style=\"text-align: center;\">\n<\/div>\n<\/div>\n<\/div><\/div><\/div><\/div><\/div><\/div>","protected":false},"excerpt":{"rendered":"<p>Vive sin l\u00edmites | Sue\u00f1a sin miedos | VIAJA SIN FRONTERAS FERIA DE LA ALCACHOFA | BENICARL\u00d3 Salidas: 8:30 Valencia Avda. de Arag\u00f3n 9:30 Castell\u00f3n Estaci\u00f3n de Autobuses Despierta tus sentidos &nbsp;<\/p>\n","protected":false},"author":11,"featured_media":0,"parent":0,"menu_order":0,"comment_status":"closed","ping_status":"closed","template":"","meta":[],"_links":{"self":[{"href":"https:\/\/albertogarel.es\/tuociosinfronteras\/wp-json\/wp\/v2\/pages\/10"}],"collection":[{"href":"https:\/\/albertogarel.es\/tuociosinfronteras\/wp-json\/wp\/v2\/pages"}],"about":[{"href":"https:\/\/albertogarel.es\/tuociosinfronteras\/wp-json\/wp\/v2\/types\/page"}],"author":[{"embeddable":true,"href":"https:\/\/albertogarel.es\/tuociosinfronteras\/wp-json\/wp\/v2\/users\/11"}],"replies":[{"embeddable":true,"href":"https:\/\/albertogarel.es\/tuociosinfronteras\/wp-json\/wp\/v2\/comments?post=10"}],"version-history":[{"count":238,"href":"https:\/\/albertogarel.es\/tuociosinfronteras\/wp-json\/wp\/v2\/pages\/10\/revisions"}],"predecessor-version":[{"id":1007,"href":"https:\/\/albertogarel.es\/tuociosinfronteras\/wp-json\/wp\/v2\/pages\/10\/revisions\/1007"}],"wp:attachment":[{"href":"https:\/\/albertogarel.es\/tuociosinfronteras\/wp-json\/wp\/v2\/media?parent=10"}],"curies":[{"name":"wp","href":"https:\/\/api.w.org\/{rel}","templated":true}]}}