{"id":18,"date":"2018-06-04T13:30:34","date_gmt":"2018-06-04T11:30:34","guid":{"rendered":"http:\/\/ociosinfronteras.es\/?page_id=18"},"modified":"2019-08-17T13:29:22","modified_gmt":"2019-08-17T11:29:22","slug":"contacto","status":"publish","type":"page","link":"https:\/\/albertogarel.es\/tuociosinfronteras\/contacto\/","title":{"rendered":"Contacto"},"content":{"rendered":"<div id=\"pl-18\"  class=\"panel-layout\" ><div id=\"pg-18-0\"  class=\"panel-grid panel-no-style\" ><div id=\"pgc-18-0-0\"  class=\"panel-grid-cell\" ><div id=\"panel-18-0-0-0\" class=\"so-panel widget widget_sow-editor panel-first-child panel-last-child\" data-index=\"0\" ><div\n\t\t\t\n\t\t\tclass=\"so-widget-sow-editor so-widget-sow-editor-base\"\n\t\t\t\n\t\t>\n<div class=\"siteorigin-widget-tinymce textwidget\">\n\t<p style=\"text-align: left;\">Si tienes alguna duda o consulta sobre tu\u00a0<strong>viaje<\/strong>\u00a0o<br \/>\ncualquier otro evento, rellena este formulario y te<br \/>\ncontestaremos a la mayor brevedad posible.<\/p>\n<p style=\"text-align: left;\"><img decoding=\"async\" loading=\"lazy\" class=\"wp-image-763 alignleft\" src=\"https:\/\/albertogarel.es\/tuociosinfronteras\/wp-content\/uploads\/sites\/7\/2018\/07\/envelope-regular-150x150.png\" alt=\"\" width=\"20\" height=\"20\" srcset=\"https:\/\/albertogarel.es\/tuociosinfronteras\/wp-content\/uploads\/sites\/7\/2018\/07\/envelope-regular-150x150.png 150w, https:\/\/albertogarel.es\/tuociosinfronteras\/wp-content\/uploads\/sites\/7\/2018\/07\/envelope-regular-300x300.png 300w, https:\/\/albertogarel.es\/tuociosinfronteras\/wp-content\/uploads\/sites\/7\/2018\/07\/envelope-regular-600x600.png 600w, https:\/\/albertogarel.es\/tuociosinfronteras\/wp-content\/uploads\/sites\/7\/2018\/07\/envelope-regular-768x768.png 768w, https:\/\/albertogarel.es\/tuociosinfronteras\/wp-content\/uploads\/sites\/7\/2018\/07\/envelope-regular-1024x1024.png 1024w, https:\/\/albertogarel.es\/tuociosinfronteras\/wp-content\/uploads\/sites\/7\/2018\/07\/envelope-regular-100x100.png 100w, https:\/\/albertogarel.es\/tuociosinfronteras\/wp-content\/uploads\/sites\/7\/2018\/07\/envelope-regular.png 1707w\" sizes=\"(max-width: 20px) 100vw, 20px\" \/>mail: web@tuociosinfronteras.es<\/p>\n<p style=\"text-align: left;\"><img decoding=\"async\" loading=\"lazy\" class=\"alignleft wp-image-766\" src=\"https:\/\/albertogarel.es\/tuociosinfronteras\/wp-content\/uploads\/sites\/7\/2018\/07\/phone-solid-150x150.png\" alt=\"\" width=\"20\" height=\"20\" srcset=\"https:\/\/albertogarel.es\/tuociosinfronteras\/wp-content\/uploads\/sites\/7\/2018\/07\/phone-solid-150x150.png 150w, https:\/\/albertogarel.es\/tuociosinfronteras\/wp-content\/uploads\/sites\/7\/2018\/07\/phone-solid-300x300.png 300w, https:\/\/albertogarel.es\/tuociosinfronteras\/wp-content\/uploads\/sites\/7\/2018\/07\/phone-solid-600x600.png 600w, https:\/\/albertogarel.es\/tuociosinfronteras\/wp-content\/uploads\/sites\/7\/2018\/07\/phone-solid-768x768.png 768w, https:\/\/albertogarel.es\/tuociosinfronteras\/wp-content\/uploads\/sites\/7\/2018\/07\/phone-solid-1024x1024.png 1024w, https:\/\/albertogarel.es\/tuociosinfronteras\/wp-content\/uploads\/sites\/7\/2018\/07\/phone-solid-100x100.png 100w, https:\/\/albertogarel.es\/tuociosinfronteras\/wp-content\/uploads\/sites\/7\/2018\/07\/phone-solid.png 1707w\" sizes=\"(max-width: 20px) 100vw, 20px\" \/>+34 654 66 76 11<\/p>\n<h3><span style=\"color: #5e8cb5;\"><strong><span style=\"font-size: 18pt;\">\u00bfEn qu\u00e9 podemos ayudarte?<\/span><\/strong><\/span><\/h3>\n<div role=\"form\" class=\"wpcf7\" id=\"wpcf7-f196-o1\" lang=\"es-ES\" dir=\"ltr\">\n<div class=\"screen-reader-response\"><p role=\"status\" aria-live=\"polite\" aria-atomic=\"true\"><\/p> <ul><\/ul><\/div>\n<form action=\"\/tuociosinfronteras\/wp-json\/wp\/v2\/pages\/18#wpcf7-f196-o1\" method=\"post\" class=\"wpcf7-form init\" novalidate=\"novalidate\" data-status=\"init\">\n<div style=\"display: none;\">\n<input type=\"hidden\" name=\"_wpcf7\" value=\"196\" \/>\n<input type=\"hidden\" name=\"_wpcf7_version\" value=\"5.6.4\" \/>\n<input type=\"hidden\" name=\"_wpcf7_locale\" value=\"es_ES\" \/>\n<input type=\"hidden\" name=\"_wpcf7_unit_tag\" value=\"wpcf7-f196-o1\" \/>\n<input type=\"hidden\" name=\"_wpcf7_container_post\" value=\"0\" \/>\n<input type=\"hidden\" name=\"_wpcf7_posted_data_hash\" value=\"\" \/>\n<input type=\"hidden\" name=\"_wpcf7_recaptcha_response\" value=\"\" \/>\n<\/div>\n<p><label> Tu nombre (requerido)<br \/>\n    <span class=\"wpcf7-form-control-wrap\" data-name=\"your-name\"><input type=\"text\" name=\"your-name\" value=\"\" size=\"40\" class=\"wpcf7-form-control wpcf7-text wpcf7-validates-as-required\" aria-required=\"true\" aria-invalid=\"false\" \/><\/span> <\/label><\/p>\n<p><label> Tu correo electr\u00f3nico (requerido)<br \/>\n    <span class=\"wpcf7-form-control-wrap\" data-name=\"your-email\"><input type=\"email\" name=\"your-email\" value=\"\" size=\"40\" class=\"wpcf7-form-control wpcf7-text wpcf7-email wpcf7-validates-as-required wpcf7-validates-as-email\" aria-required=\"true\" aria-invalid=\"false\" \/><\/span> <\/label><\/p>\n<p><\/p>\n<p><label> Asunto<br \/>\n    <span class=\"wpcf7-form-control-wrap\" data-name=\"your-subject\"><input type=\"text\" name=\"your-subject\" value=\"\" size=\"40\" class=\"wpcf7-form-control wpcf7-text\" aria-invalid=\"false\" \/><\/span> <\/label><\/p>\n<p><label> Tu mensaje<br \/>\n    <span class=\"wpcf7-form-control-wrap\" data-name=\"your-message\"><textarea name=\"your-message\" cols=\"40\" rows=\"10\" class=\"wpcf7-form-control wpcf7-textarea\" aria-invalid=\"false\"><\/textarea><\/span> <\/label><\/p>\n\n<p><input type=\"submit\" value=\"Enviar\" class=\"wpcf7-form-control has-spinner wpcf7-submit\" \/><\/p>\n<div class=\"wpcf7-response-output\" aria-hidden=\"true\"><\/div><\/form><\/div>\n<div id=\"politica-recaptcha\">\n<h6>Este sitio est\u00e1 protegido por reCAPTCHA y Google.<\/h6>\n<p>       <a href=\"https:\/\/policies.google.com\/privacy\">Pol\u00edtica de privacidad<\/a><br \/>\n       <a href=\"https:\/\/policies.google.com\/terms\">T\u00e9rminos del servicio<\/a>\n<\/div>\n<\/div>\n<\/div><\/div><\/div><\/div><\/div>","protected":false},"excerpt":{"rendered":"<p>Si tienes alguna duda o consulta sobre tu\u00a0viaje\u00a0o cualquier otro evento, rellena este formulario y te contestaremos a la mayor brevedad posible. mail: web@tuociosinfronteras.es +34 654 66 76 11 \u00bfEn qu\u00e9 podemos ayudarte? Este sitio est\u00e1 protegido por reCAPTCHA y Google. Pol\u00edtica de privacidad T\u00e9rminos del servicio<\/p>\n","protected":false},"author":11,"featured_media":0,"parent":0,"menu_order":0,"comment_status":"closed","ping_status":"closed","template":"templates\/template-full.php","meta":[],"_links":{"self":[{"href":"https:\/\/albertogarel.es\/tuociosinfronteras\/wp-json\/wp\/v2\/pages\/18"}],"collection":[{"href":"https:\/\/albertogarel.es\/tuociosinfronteras\/wp-json\/wp\/v2\/pages"}],"about":[{"href":"https:\/\/albertogarel.es\/tuociosinfronteras\/wp-json\/wp\/v2\/types\/page"}],"author":[{"embeddable":true,"href":"https:\/\/albertogarel.es\/tuociosinfronteras\/wp-json\/wp\/v2\/users\/11"}],"replies":[{"embeddable":true,"href":"https:\/\/albertogarel.es\/tuociosinfronteras\/wp-json\/wp\/v2\/comments?post=18"}],"version-history":[{"count":46,"href":"https:\/\/albertogarel.es\/tuociosinfronteras\/wp-json\/wp\/v2\/pages\/18\/revisions"}],"predecessor-version":[{"id":1465,"href":"https:\/\/albertogarel.es\/tuociosinfronteras\/wp-json\/wp\/v2\/pages\/18\/revisions\/1465"}],"wp:attachment":[{"href":"https:\/\/albertogarel.es\/tuociosinfronteras\/wp-json\/wp\/v2\/media?parent=18"}],"curies":[{"name":"wp","href":"https:\/\/api.w.org\/{rel}","templated":true}]}}