{"id":8,"date":"2018-06-04T13:31:00","date_gmt":"2018-06-04T11:31:00","guid":{"rendered":"http:\/\/ociosinfronteras.es\/?page_id=8"},"modified":"2022-10-19T18:15:03","modified_gmt":"2022-10-19T16:15:03","slug":"nuestra-oferta","status":"publish","type":"page","link":"https:\/\/albertogarel.es\/tuociosinfronteras\/nuestra-oferta\/","title":{"rendered":"Nuestra oferta"},"content":{"rendered":"<div id=\"pl-8\"  class=\"panel-layout\" ><div id=\"pg-8-0\"  class=\"panel-grid panel-no-style\" ><div id=\"pgc-8-0-0\"  class=\"panel-grid-cell\" ><div id=\"panel-8-0-0-0\" class=\"so-panel widget widget_sow-headline panel-first-child\" data-index=\"0\" ><div\n\t\t\t\n\t\t\tclass=\"so-widget-sow-headline so-widget-sow-headline-default-5a56b893cdb5-8\"\n\t\t\t\n\t\t><div class=\"sow-headline-container \">\n\t<h2 class='sow-headline'>\t\t\t\t\t\t<a href=\"https:\/\/albertogarel.es\/tuociosinfronteras\/categoria-producto\/eventos\/\" target=\"_blank\" rel=\"noopener noreferrer\">\n\t\t\t\t\tEVENTOS<\/a><\/h2><h3 class='sow-sub-headline'>comidas | cenas | fiestas singles<\/h3><\/div><\/div><\/div><div id=\"panel-8-0-0-1\" class=\"so-panel widget widget_sow-editor panel-last-child\" data-index=\"1\" ><div\n\t\t\t\n\t\t\tclass=\"so-widget-sow-editor so-widget-sow-editor-base\"\n\t\t\t\n\t\t>\n<div class=\"siteorigin-widget-tinymce textwidget\">\n\t<h4 style=\"text-align: center;\">La mejor forma de conocer gente en Valencia, pasarlo bien y disfrutar de la oferta de <strong>Ocio<\/strong> que ofrecemos en nuestra ciudad . Ambiente inmejorable para disfrutar en buena compa\u00f1\u00eda.<\/h4>\n<\/div>\n<\/div><\/div><\/div><\/div><div id=\"pg-8-1\"  class=\"panel-grid panel-no-style\" ><div id=\"pgc-8-1-0\"  class=\"panel-grid-cell\" ><div id=\"panel-8-1-0-0\" class=\"so-panel widget widget_sow-editor panel-first-child panel-last-child\" data-index=\"2\" ><div\n\t\t\t\n\t\t\tclass=\"so-widget-sow-editor so-widget-sow-editor-base\"\n\t\t\t\n\t\t>\n<div class=\"siteorigin-widget-tinymce textwidget\">\n\t\n\t\t<style type=\"text\/css\">\n\t\t\t#gallery-1 {\n\t\t\t\tmargin: auto;\n\t\t\t}\n\t\t\t#gallery-1 .gallery-item {\n\t\t\t\tfloat: left;\n\t\t\t\tmargin-top: 10px;\n\t\t\t\ttext-align: center;\n\t\t\t\twidth: 100%;\n\t\t\t}\n\t\t\t#gallery-1 img {\n\t\t\t\tborder: 2px solid #cfcfcf;\n\t\t\t}\n\t\t\t#gallery-1 .gallery-caption {\n\t\t\t\tmargin-left: 0;\n\t\t\t}\n\t\t\t\/* see gallery_shortcode() in wp-includes\/media.php *\/\n\t\t<\/style>\n\t\t<div id='gallery-1' class='gallery galleryid-8 gallery-columns-1 gallery-size-medium'><dl class='gallery-item'>\n\t\t\t<dt class='gallery-icon landscape'>\n\t\t\t\t<a href='https:\/\/albertogarel.es\/tuociosinfronteras\/nuestra-oferta\/people-3330590_1920-350x218\/#main'><img width=\"300\" height=\"188\" src=\"https:\/\/albertogarel.es\/tuociosinfronteras\/wp-content\/uploads\/sites\/7\/2018\/06\/people-3330590_1920-350X218-300x188.jpg\" class=\"attachment-medium size-medium\" alt=\"\" decoding=\"async\" loading=\"lazy\" srcset=\"https:\/\/albertogarel.es\/tuociosinfronteras\/wp-content\/uploads\/sites\/7\/2018\/06\/people-3330590_1920-350X218-300x188.jpg 300w, https:\/\/albertogarel.es\/tuociosinfronteras\/wp-content\/uploads\/sites\/7\/2018\/06\/people-3330590_1920-350X218.jpg 350w\" sizes=\"(max-width: 300px) 100vw, 300px\" \/><\/a>\n\t\t\t<\/dt><\/dl><br style=\"clear: both\" \/>\n\t\t<\/div>\n\n<h5 style=\"text-align: center;\">COMIDAS<\/h5>\n<\/div>\n<\/div><\/div><\/div><div id=\"pgc-8-1-1\"  class=\"panel-grid-cell\" ><div id=\"panel-8-1-1-0\" class=\"so-panel widget widget_sow-editor panel-first-child panel-last-child\" data-index=\"3\" ><div\n\t\t\t\n\t\t\tclass=\"so-widget-sow-editor so-widget-sow-editor-base\"\n\t\t\t\n\t\t>\n<div class=\"siteorigin-widget-tinymce textwidget\">\n\t\n\t\t<style type=\"text\/css\">\n\t\t\t#gallery-2 {\n\t\t\t\tmargin: auto;\n\t\t\t}\n\t\t\t#gallery-2 .gallery-item {\n\t\t\t\tfloat: left;\n\t\t\t\tmargin-top: 10px;\n\t\t\t\ttext-align: center;\n\t\t\t\twidth: 100%;\n\t\t\t}\n\t\t\t#gallery-2 img {\n\t\t\t\tborder: 2px solid #cfcfcf;\n\t\t\t}\n\t\t\t#gallery-2 .gallery-caption {\n\t\t\t\tmargin-left: 0;\n\t\t\t}\n\t\t\t\/* see gallery_shortcode() in wp-includes\/media.php *\/\n\t\t<\/style>\n\t\t<div id='gallery-2' class='gallery galleryid-8 gallery-columns-1 gallery-size-medium'><dl class='gallery-item'>\n\t\t\t<dt class='gallery-icon landscape'>\n\t\t\t\t<a href='https:\/\/albertogarel.es\/tuociosinfronteras\/nuestra-oferta\/bar-2314410_1920\/#main'><img width=\"300\" height=\"200\" src=\"https:\/\/albertogarel.es\/tuociosinfronteras\/wp-content\/uploads\/sites\/7\/2018\/06\/bar-2314410_1920-300x200.jpg\" class=\"attachment-medium size-medium\" alt=\"\" decoding=\"async\" loading=\"lazy\" srcset=\"https:\/\/albertogarel.es\/tuociosinfronteras\/wp-content\/uploads\/sites\/7\/2018\/06\/bar-2314410_1920-300x200.jpg 300w, https:\/\/albertogarel.es\/tuociosinfronteras\/wp-content\/uploads\/sites\/7\/2018\/06\/bar-2314410_1920-600x400.jpg 600w, https:\/\/albertogarel.es\/tuociosinfronteras\/wp-content\/uploads\/sites\/7\/2018\/06\/bar-2314410_1920-768x512.jpg 768w, https:\/\/albertogarel.es\/tuociosinfronteras\/wp-content\/uploads\/sites\/7\/2018\/06\/bar-2314410_1920-1024x682.jpg 1024w, https:\/\/albertogarel.es\/tuociosinfronteras\/wp-content\/uploads\/sites\/7\/2018\/06\/bar-2314410_1920-272x182.jpg 272w, https:\/\/albertogarel.es\/tuociosinfronteras\/wp-content\/uploads\/sites\/7\/2018\/06\/bar-2314410_1920.jpg 1693w\" sizes=\"(max-width: 300px) 100vw, 300px\" \/><\/a>\n\t\t\t<\/dt><\/dl><br style=\"clear: both\" \/>\n\t\t<\/div>\n\n<h5 style=\"text-align: center;\">CENAS<\/h5>\n<\/div>\n<\/div><\/div><\/div><div id=\"pgc-8-1-2\"  class=\"panel-grid-cell\" ><div id=\"panel-8-1-2-0\" class=\"so-panel widget widget_sow-editor panel-first-child panel-last-child\" data-index=\"4\" ><div class=\"panel-widget-style panel-widget-style-for-8-1-2-0\" ><div\n\t\t\t\n\t\t\tclass=\"so-widget-sow-editor so-widget-sow-editor-base\"\n\t\t\t\n\t\t>\n<div class=\"siteorigin-widget-tinymce textwidget\">\n\t\n\t\t<style type=\"text\/css\">\n\t\t\t#gallery-3 {\n\t\t\t\tmargin: auto;\n\t\t\t}\n\t\t\t#gallery-3 .gallery-item {\n\t\t\t\tfloat: left;\n\t\t\t\tmargin-top: 10px;\n\t\t\t\ttext-align: center;\n\t\t\t\twidth: 100%;\n\t\t\t}\n\t\t\t#gallery-3 img {\n\t\t\t\tborder: 2px solid #cfcfcf;\n\t\t\t}\n\t\t\t#gallery-3 .gallery-caption {\n\t\t\t\tmargin-left: 0;\n\t\t\t}\n\t\t\t\/* see gallery_shortcode() in wp-includes\/media.php *\/\n\t\t<\/style>\n\t\t<div id='gallery-3' class='gallery galleryid-8 gallery-columns-1 gallery-size-medium'><dl class='gallery-item'>\n\t\t\t<dt class='gallery-icon landscape'>\n\t\t\t\t<a href='https:\/\/albertogarel.es\/tuociosinfronteras\/nuestra-oferta\/event-party-3005668__340\/#main'><img width=\"300\" height=\"188\" src=\"https:\/\/albertogarel.es\/tuociosinfronteras\/wp-content\/uploads\/sites\/7\/2018\/06\/event-party-3005668__340-300x188.jpg\" class=\"attachment-medium size-medium\" alt=\"\" decoding=\"async\" loading=\"lazy\" srcset=\"https:\/\/albertogarel.es\/tuociosinfronteras\/wp-content\/uploads\/sites\/7\/2018\/06\/event-party-3005668__340-300x188.jpg 300w, https:\/\/albertogarel.es\/tuociosinfronteras\/wp-content\/uploads\/sites\/7\/2018\/06\/event-party-3005668__340-350x219.jpg 350w, https:\/\/albertogarel.es\/tuociosinfronteras\/wp-content\/uploads\/sites\/7\/2018\/06\/event-party-3005668__340-436x272.jpg 436w, https:\/\/albertogarel.es\/tuociosinfronteras\/wp-content\/uploads\/sites\/7\/2018\/06\/event-party-3005668__340.jpg 544w\" sizes=\"(max-width: 300px) 100vw, 300px\" \/><\/a>\n\t\t\t<\/dt><\/dl><br style=\"clear: both\" \/>\n\t\t<\/div>\n\n<h5 style=\"text-align: center;\">FIESTAS<\/h5>\n<\/div>\n<\/div><\/div><\/div><\/div><\/div><div id=\"pg-8-2\"  class=\"panel-grid panel-no-style\" ><div id=\"pgc-8-2-0\"  class=\"panel-grid-cell\" ><div id=\"panel-8-2-0-0\" class=\"so-panel widget widget_sow-headline panel-first-child panel-last-child\" data-index=\"5\" ><div\n\t\t\t\n\t\t\tclass=\"so-widget-sow-headline so-widget-sow-headline-default-5a56b893cdb5-8\"\n\t\t\t\n\t\t><div class=\"sow-headline-container \">\n\t<h2 class='sow-headline'>\t\t\t\t\t\t<a href=\"https:\/\/albertogarel.es\/tuociosinfronteras\/categoria-producto\/viajes\/\" >\n\t\t\t\t\tVIAJES<\/a><\/h2><h3 class='sow-sub-headline'>Diferentes tipos de viajes para todo tipo de posibilidades.<\/h3><\/div><\/div><\/div><\/div><\/div><div id=\"pg-8-3\"  class=\"panel-grid panel-no-style\" ><div id=\"pgc-8-3-0\"  class=\"panel-grid-cell\" ><div id=\"panel-8-3-0-0\" class=\"so-panel widget widget_sow-image panel-first-child\" data-index=\"6\" ><div\n\t\t\t\n\t\t\tclass=\"so-widget-sow-image so-widget-sow-image-default-33cc0a8fac8c-8\"\n\t\t\t\n\t\t>\n\n<div class=\"sow-image-container\">\n\t\t\t<a href=\"https:\/\/albertogarel.es\/tuociosinfronteras\/categoria-producto\/viajes\/circuitos\/\"\n\t\t\t\t\t>\n\t\t\t<img src=\"https:\/\/albertogarel.es\/tuociosinfronteras\/wp-content\/uploads\/sites\/7\/2019\/08\/lisboa-2872396_1920.jpg\" width=\"600\" height=\"397\" srcset=\"https:\/\/albertogarel.es\/tuociosinfronteras\/wp-content\/uploads\/sites\/7\/2019\/08\/lisboa-2872396_1920.jpg 600w, https:\/\/albertogarel.es\/tuociosinfronteras\/wp-content\/uploads\/sites\/7\/2019\/08\/lisboa-2872396_1920-300x199.jpg 300w\" sizes=\"(max-width: 600px) 100vw, 600px\" alt=\"tranvia antiguo\" loading=\"lazy\" \t\tclass=\"so-widget-image\"\/>\n\t<\/a><\/div>\n\n<\/div><\/div><div id=\"panel-8-3-0-1\" class=\"so-panel widget widget_sow-editor panel-last-child\" data-index=\"7\" ><div class=\"panel-widget-style panel-widget-style-for-8-3-0-1\" ><div\n\t\t\t\n\t\t\tclass=\"so-widget-sow-editor so-widget-sow-editor-base\"\n\t\t\t\n\t\t><h3 class=\"widget-title\">CIRCUITOS<\/h3>\n<div class=\"siteorigin-widget-tinymce textwidget\">\n\t<p style=\"text-align: left;\">Nuestros circuitos son cuidadosamente dise\u00f1ados para que lo disfrutes a tope. Nada de prisas, todo bien programado y organizado para que aproveches al m\u00e1ximo. Siempre contamos con los mejores hoteles y restaurantes de las zonas que visitamos.<\/p>\n<\/div>\n<\/div><\/div><\/div><\/div><div id=\"pgc-8-3-1\"  class=\"panel-grid-cell\" ><div id=\"panel-8-3-1-0\" class=\"so-panel widget widget_sow-image panel-first-child\" data-index=\"8\" ><div\n\t\t\t\n\t\t\tclass=\"so-widget-sow-image so-widget-sow-image-default-33cc0a8fac8c-8\"\n\t\t\t\n\t\t>\n\n<div class=\"sow-image-container\">\n\t\t\t<a href=\"https:\/\/albertogarel.es\/tuociosinfronteras\/categoria-producto\/viajes\/excursiones\/\"\n\t\t\t\t\t>\n\t\t\t<img src=\"https:\/\/albertogarel.es\/tuociosinfronteras\/wp-content\/uploads\/sites\/7\/2019\/08\/excursion-2831084_1280.jpg\" width=\"600\" height=\"397\" srcset=\"https:\/\/albertogarel.es\/tuociosinfronteras\/wp-content\/uploads\/sites\/7\/2019\/08\/excursion-2831084_1280.jpg 600w, https:\/\/albertogarel.es\/tuociosinfronteras\/wp-content\/uploads\/sites\/7\/2019\/08\/excursion-2831084_1280-300x199.jpg 300w\" sizes=\"(max-width: 600px) 100vw, 600px\" alt=\"Excursionistas caminando\" loading=\"lazy\" \t\tclass=\"so-widget-image\"\/>\n\t<\/a><\/div>\n\n<\/div><\/div><div id=\"panel-8-3-1-1\" class=\"so-panel widget widget_sow-editor panel-last-child\" data-index=\"9\" ><div class=\"panel-widget-style panel-widget-style-for-8-3-1-1\" ><div\n\t\t\t\n\t\t\tclass=\"so-widget-sow-editor so-widget-sow-editor-base\"\n\t\t\t\n\t\t><h3 class=\"widget-title\">EXCURSIONES<\/h3>\n<div class=\"siteorigin-widget-tinymce textwidget\">\n\t<p style=\"text-align: left;\">Nuestras excursiones se adaptan a todos los gustos y perfiles. Ofrecemos desde salidas al campo, monumentos hist\u00f3ricos, ciudades y pueblos tur\u00edsticos hasta jornadas de senderismo programadas por etapas y niveles por las zonas m\u00e1s bonitas de Espa\u00f1a.<\/p>\n<\/div>\n<\/div><\/div><\/div><\/div><\/div><div id=\"pg-8-4\"  class=\"panel-grid panel-no-style\" ><div id=\"pgc-8-4-0\"  class=\"panel-grid-cell\" ><div id=\"panel-8-4-0-0\" class=\"so-panel widget widget_sow-image panel-first-child\" data-index=\"10\" ><div\n\t\t\t\n\t\t\tclass=\"so-widget-sow-image so-widget-sow-image-default-33cc0a8fac8c-8\"\n\t\t\t\n\t\t>\n\n<div class=\"sow-image-container\">\n\t\t\t<a href=\"https:\/\/albertogarel.es\/tuociosinfronteras\/categoria-producto\/viajes\/fin-de-semana\/\"\n\t\t\t\t\t>\n\t\t\t<img src=\"https:\/\/albertogarel.es\/tuociosinfronteras\/wp-content\/uploads\/sites\/7\/2019\/08\/cottage-581080_1280.jpg\" width=\"600\" height=\"399\" srcset=\"https:\/\/albertogarel.es\/tuociosinfronteras\/wp-content\/uploads\/sites\/7\/2019\/08\/cottage-581080_1280.jpg 600w, https:\/\/albertogarel.es\/tuociosinfronteras\/wp-content\/uploads\/sites\/7\/2019\/08\/cottage-581080_1280-300x200.jpg 300w, https:\/\/albertogarel.es\/tuociosinfronteras\/wp-content\/uploads\/sites\/7\/2019\/08\/cottage-581080_1280-272x182.jpg 272w\" sizes=\"(max-width: 600px) 100vw, 600px\" alt=\"casa de campo rodeada de flores\" loading=\"lazy\" \t\tclass=\"so-widget-image\"\/>\n\t<\/a><\/div>\n\n<\/div><\/div><div id=\"panel-8-4-0-1\" class=\"so-panel widget widget_sow-editor panel-last-child\" data-index=\"11\" ><div class=\"panel-widget-style panel-widget-style-for-8-4-0-1\" ><div\n\t\t\t\n\t\t\tclass=\"so-widget-sow-editor so-widget-sow-editor-base\"\n\t\t\t\n\t\t><h3 class=\"widget-title\">FIN DE SEMANA<\/h3>\n<div class=\"siteorigin-widget-tinymce textwidget\">\n\t<p style=\"text-align: left;\">Nuestros fines de semana son ideales para esa peque\u00f1a pausa en nuestras ajetreadas vidas y cobrar fuerzas. En pareja, con amigos, en familia o con quien t\u00fa quieras, lo pasar\u00e1s en grande y escaparas de la rutina.<\/p>\n<\/div>\n<\/div><\/div><\/div><\/div><div id=\"pgc-8-4-1\"  class=\"panel-grid-cell\" ><div id=\"panel-8-4-1-0\" class=\"so-panel widget widget_sow-image panel-first-child\" data-index=\"12\" ><div\n\t\t\t\n\t\t\tclass=\"so-widget-sow-image so-widget-sow-image-default-33cc0a8fac8c-8\"\n\t\t\t\n\t\t>\n\n<div class=\"sow-image-container\">\n\t\t\t<a href=\"https:\/\/albertogarel.es\/tuociosinfronteras\/categoria-producto\/viajes\/salidas\/\"\n\t\t\t\t\t>\n\t\t\t<img src=\"https:\/\/albertogarel.es\/tuociosinfronteras\/wp-content\/uploads\/sites\/7\/2019\/08\/jause-338498_640.jpg\" width=\"640\" height=\"426\" srcset=\"https:\/\/albertogarel.es\/tuociosinfronteras\/wp-content\/uploads\/sites\/7\/2019\/08\/jause-338498_640.jpg 640w, https:\/\/albertogarel.es\/tuociosinfronteras\/wp-content\/uploads\/sites\/7\/2019\/08\/jause-338498_640-300x200.jpg 300w, https:\/\/albertogarel.es\/tuociosinfronteras\/wp-content\/uploads\/sites\/7\/2019\/08\/jause-338498_640-272x182.jpg 272w, https:\/\/albertogarel.es\/tuociosinfronteras\/wp-content\/uploads\/sites\/7\/2019\/08\/jause-338498_640-600x399.jpg 600w\" sizes=\"(max-width: 640px) 100vw, 640px\" alt=\"comida\" loading=\"lazy\" \t\tclass=\"so-widget-image\"\/>\n\t<\/a><\/div>\n\n<\/div><\/div><div id=\"panel-8-4-1-1\" class=\"so-panel widget widget_sow-editor panel-last-child\" data-index=\"13\" ><div class=\"panel-widget-style panel-widget-style-for-8-4-1-1\" ><div\n\t\t\t\n\t\t\tclass=\"so-widget-sow-editor so-widget-sow-editor-base\"\n\t\t\t\n\t\t><h3 class=\"widget-title\">SALIDAS<\/h3>\n<div class=\"siteorigin-widget-tinymce textwidget\">\n\t<p style=\"text-align: left;\">Nuestras salidas son ideales para pasar un d\u00eda inolvidable. Salidas gastron\u00f3micas, culturales, deportivas\u2026 Todo lo que se te ocurra. Estate atento para conocer nuestra oferta.<\/p>\n<\/div>\n<\/div><\/div><\/div><\/div><\/div><div id=\"pg-8-5\"  class=\"panel-grid panel-no-style\" ><div id=\"pgc-8-5-0\"  class=\"panel-grid-cell\" ><div id=\"panel-8-5-0-0\" class=\"so-panel widget widget_sow-headline panel-first-child panel-last-child\" data-index=\"14\" ><div\n\t\t\t\n\t\t\tclass=\"so-widget-sow-headline so-widget-sow-headline-default-5a56b893cdb5-8\"\n\t\t\t\n\t\t><div class=\"sow-headline-container \">\n\t<h2 class='sow-headline'>\t\t\t\t\t\t<a href=\"https:\/\/albertogarel.es\/tuociosinfronteras\/tienda\/\" >\n\t\t\t\t\tM\u00c1S TIENDA...<\/a><\/h2><h3 class='sow-sub-headline'>Aparte de nuestros viajes tambi\u00e9n puedes encontrar otros productos en nuestra tienda.<\/h3><\/div><\/div><\/div><\/div><\/div><div id=\"pg-8-6\"  class=\"panel-grid panel-no-style\" ><div id=\"pgc-8-6-0\"  class=\"panel-grid-cell\" ><div id=\"panel-8-6-0-0\" class=\"so-panel widget widget_sow-image panel-first-child panel-last-child\" data-index=\"15\" ><div\n\t\t\t\n\t\t\tclass=\"so-widget-sow-image so-widget-sow-image-default-33cc0a8fac8c-8\"\n\t\t\t\n\t\t>\n\n<div class=\"sow-image-container\">\n\t\t\t<a href=\"https:\/\/albertogarel.es\/tuociosinfronteras\/categoria-producto\/merchandansing\/\"\n\t\t\t\t\t>\n\t\t\t<img src=\"https:\/\/albertogarel.es\/tuociosinfronteras\/wp-content\/uploads\/sites\/7\/2019\/08\/toy-car-431356_640.jpg\" width=\"640\" height=\"426\" srcset=\"https:\/\/albertogarel.es\/tuociosinfronteras\/wp-content\/uploads\/sites\/7\/2019\/08\/toy-car-431356_640.jpg 640w, https:\/\/albertogarel.es\/tuociosinfronteras\/wp-content\/uploads\/sites\/7\/2019\/08\/toy-car-431356_640-300x200.jpg 300w, https:\/\/albertogarel.es\/tuociosinfronteras\/wp-content\/uploads\/sites\/7\/2019\/08\/toy-car-431356_640-272x182.jpg 272w, https:\/\/albertogarel.es\/tuociosinfronteras\/wp-content\/uploads\/sites\/7\/2019\/08\/toy-car-431356_640-600x399.jpg 600w\" sizes=\"(max-width: 640px) 100vw, 640px\" alt=\"juguete coche\" loading=\"lazy\" \t\tclass=\"so-widget-image\"\/>\n\t<\/a><\/div>\n\n<\/div><\/div><\/div><div id=\"pgc-8-6-1\"  class=\"panel-grid-cell\" ><div id=\"panel-8-6-1-0\" class=\"so-panel widget widget_sow-editor panel-first-child panel-last-child\" data-index=\"16\" ><div class=\"panel-widget-style panel-widget-style-for-8-6-1-0\" ><div\n\t\t\t\n\t\t\tclass=\"so-widget-sow-editor so-widget-sow-editor-base\"\n\t\t\t\n\t\t><h3 class=\"widget-title\">MERCHANDISING<\/h3>\n<div class=\"siteorigin-widget-tinymce textwidget\">\n\t<p style=\"text-align: left;\">Camisetas, llaveros, gorras\u2026 Te ofrecemos una gran variedad de productos propios y de las maravillosas zonas que visitamos.<\/p>\n<\/div>\n<\/div><\/div><\/div><\/div><\/div><div id=\"pg-8-7\"  class=\"panel-grid panel-no-style\" ><div id=\"pgc-8-7-0\"  class=\"panel-grid-cell\" ><div id=\"panel-8-7-0-0\" class=\"so-panel widget widget_sow-image panel-first-child panel-last-child\" data-index=\"17\" ><div\n\t\t\t\n\t\t\tclass=\"so-widget-sow-image so-widget-sow-image-default-33cc0a8fac8c-8\"\n\t\t\t\n\t\t>\n\n<div class=\"sow-image-container\">\n\t\t\t<a href=\"https:\/\/albertogarel.es\/tuociosinfronteras\/categoria-producto\/productos\/\"\n\t\t\t\t\t>\n\t\t\t<img src=\"https:\/\/albertogarel.es\/tuociosinfronteras\/wp-content\/uploads\/sites\/7\/2019\/08\/bottles-4288854_640.jpg\" width=\"640\" height=\"426\" srcset=\"https:\/\/albertogarel.es\/tuociosinfronteras\/wp-content\/uploads\/sites\/7\/2019\/08\/bottles-4288854_640.jpg 640w, https:\/\/albertogarel.es\/tuociosinfronteras\/wp-content\/uploads\/sites\/7\/2019\/08\/bottles-4288854_640-300x200.jpg 300w, https:\/\/albertogarel.es\/tuociosinfronteras\/wp-content\/uploads\/sites\/7\/2019\/08\/bottles-4288854_640-272x182.jpg 272w, https:\/\/albertogarel.es\/tuociosinfronteras\/wp-content\/uploads\/sites\/7\/2019\/08\/bottles-4288854_640-600x399.jpg 600w\" sizes=\"(max-width: 640px) 100vw, 640px\" alt=\"\" loading=\"lazy\" \t\tclass=\"so-widget-image\"\/>\n\t<\/a><\/div>\n\n<\/div><\/div><\/div><div id=\"pgc-8-7-1\"  class=\"panel-grid-cell\" ><div id=\"panel-8-7-1-0\" class=\"so-panel widget widget_sow-editor panel-first-child panel-last-child\" data-index=\"18\" ><div class=\"panel-widget-style panel-widget-style-for-8-7-1-0\" ><div\n\t\t\t\n\t\t\tclass=\"so-widget-sow-editor so-widget-sow-editor-base\"\n\t\t\t\n\t\t><h3 class=\"widget-title\">PRODUCTOS<\/h3>\n<div class=\"siteorigin-widget-tinymce textwidget\">\n\t<p style=\"text-align: left;\">Compra productos que ofrecemos de los lugares a los que visitamos. Calidad y buen precio es nuestra m\u00e1xima.<\/p>\n<\/div>\n<\/div><\/div><\/div><\/div><\/div><div id=\"pg-8-8\"  class=\"panel-grid panel-no-style\" ><div id=\"pgc-8-8-0\"  class=\"panel-grid-cell\" ><div id=\"panel-8-8-0-0\" class=\"so-panel widget widget_sow-image panel-first-child panel-last-child\" data-index=\"19\" ><div\n\t\t\t\n\t\t\tclass=\"so-widget-sow-image so-widget-sow-image-default-33cc0a8fac8c-8\"\n\t\t\t\n\t\t>\n\n<div class=\"sow-image-container\">\n\t\t\t<a href=\"https:\/\/albertogarel.es\/tuociosinfronteras\/categoria-producto\/fotos\/\"\n\t\t\t\t\t>\n\t\t\t<img src=\"https:\/\/albertogarel.es\/tuociosinfronteras\/wp-content\/uploads\/sites\/7\/2019\/08\/adult-1869430_640.jpg\" width=\"640\" height=\"426\" srcset=\"https:\/\/albertogarel.es\/tuociosinfronteras\/wp-content\/uploads\/sites\/7\/2019\/08\/adult-1869430_640.jpg 640w, https:\/\/albertogarel.es\/tuociosinfronteras\/wp-content\/uploads\/sites\/7\/2019\/08\/adult-1869430_640-300x200.jpg 300w, https:\/\/albertogarel.es\/tuociosinfronteras\/wp-content\/uploads\/sites\/7\/2019\/08\/adult-1869430_640-272x182.jpg 272w, https:\/\/albertogarel.es\/tuociosinfronteras\/wp-content\/uploads\/sites\/7\/2019\/08\/adult-1869430_640-600x399.jpg 600w\" sizes=\"(max-width: 640px) 100vw, 640px\" alt=\"haciendo foto con tel\u00e9fono m\u00f3vil\" loading=\"lazy\" \t\tclass=\"so-widget-image\"\/>\n\t<\/a><\/div>\n\n<\/div><\/div><\/div><div id=\"pgc-8-8-1\"  class=\"panel-grid-cell\" ><div id=\"panel-8-8-1-0\" class=\"so-panel widget widget_sow-editor panel-first-child panel-last-child\" data-index=\"20\" ><div class=\"panel-widget-style panel-widget-style-for-8-8-1-0\" ><div\n\t\t\t\n\t\t\tclass=\"so-widget-sow-editor so-widget-sow-editor-base\"\n\t\t\t\n\t\t><h3 class=\"widget-title\">FOTOS<\/h3>\n<div class=\"siteorigin-widget-tinymce textwidget\">\n\t<p style=\"text-align: left;\">Descarga las fotos de tus viajes y comparte con quien t\u00fa quieras la experiencia.<\/p>\n<\/div>\n<\/div><\/div><\/div><\/div><\/div><div id=\"pg-8-9\"  class=\"panel-grid panel-no-style\" ><div id=\"pgc-8-9-0\"  class=\"panel-grid-cell panel-grid-cell-empty\" ><\/div><div id=\"pgc-8-9-1\"  class=\"panel-grid-cell panel-grid-cell-empty panel-grid-cell-mobile-last\" ><\/div><div id=\"pgc-8-9-2\"  class=\"panel-grid-cell panel-grid-cell-empty\" ><\/div><\/div><\/div>","protected":false},"excerpt":{"rendered":"<p>La mejor forma de conocer gente en Valencia, pasarlo bien y disfrutar de la oferta de Ocio que ofrecemos en nuestra ciudad . Ambiente inmejorable para disfrutar en buena compa\u00f1\u00eda. COMIDAS CENAS FIESTAS<\/p>\n","protected":false},"author":11,"featured_media":83,"parent":0,"menu_order":0,"comment_status":"closed","ping_status":"closed","template":"","meta":[],"_links":{"self":[{"href":"https:\/\/albertogarel.es\/tuociosinfronteras\/wp-json\/wp\/v2\/pages\/8"}],"collection":[{"href":"https:\/\/albertogarel.es\/tuociosinfronteras\/wp-json\/wp\/v2\/pages"}],"about":[{"href":"https:\/\/albertogarel.es\/tuociosinfronteras\/wp-json\/wp\/v2\/types\/page"}],"author":[{"embeddable":true,"href":"https:\/\/albertogarel.es\/tuociosinfronteras\/wp-json\/wp\/v2\/users\/11"}],"replies":[{"embeddable":true,"href":"https:\/\/albertogarel.es\/tuociosinfronteras\/wp-json\/wp\/v2\/comments?post=8"}],"version-history":[{"count":307,"href":"https:\/\/albertogarel.es\/tuociosinfronteras\/wp-json\/wp\/v2\/pages\/8\/revisions"}],"predecessor-version":[{"id":4658,"href":"https:\/\/albertogarel.es\/tuociosinfronteras\/wp-json\/wp\/v2\/pages\/8\/revisions\/4658"}],"wp:featuredmedia":[{"embeddable":true,"href":"https:\/\/albertogarel.es\/tuociosinfronteras\/wp-json\/wp\/v2\/media\/83"}],"wp:attachment":[{"href":"https:\/\/albertogarel.es\/tuociosinfronteras\/wp-json\/wp\/v2\/media?parent=8"}],"curies":[{"name":"wp","href":"https:\/\/api.w.org\/{rel}","templated":true}]}}