{"id":3222,"date":"2019-08-29T16:54:49","date_gmt":"2019-08-29T14:54:49","guid":{"rendered":"http:\/\/tuociosinfronteras.es\/?post_type=product&#038;p=3222"},"modified":"2022-10-12T10:37:59","modified_gmt":"2022-10-12T08:37:59","slug":"alcala-del-jucar","status":"publish","type":"product","link":"https:\/\/albertogarel.es\/tuociosinfronteras\/producto\/alcala-del-jucar\/","title":{"rendered":"Alcal\u00e1 del J\u00facar<span class=\"fecha\">06\/10\/2119<\/span>"},"content":{"rendered":"<p><strong>D\u00eda:<\/strong>Domingo, 6 de Octubre<\/p>\n<p><strong>Salida:<\/strong>\u00a08:00 AM desde Valencia, Avda. de Arag\u00f3n.<\/p>\n<p><strong>Programa:\u00a0<\/strong><\/p>\n<ul>\n<li>Llegada y desayuno.\u00a0<span class=\"resalta\">Almuerzo totalmente gratis<\/span><\/li>\n<li>Degustaci\u00f3n de productos t\u00edpicos de la tierra.<\/li>\n<li>Excursi\u00f3n a Alcal\u00e1 del J\u00facar<\/li>\n<\/ul>\n<p><strong>Descripci\u00f3n:\u00a0<\/strong><\/p>\n<p>Conoceremos los lugares con m\u00e1s encanto, la historia y tradiciones de la zona y pasearemos por el r\u00edo.<\/p>\n<p>Ademas visita a las cuevas del Diablo y posibilidad de subir al Castillo<\/p>\n<p>Baile y tiempo libre en Casas Iba\u00f1ez.<\/p>\n<p>Estaremos de vuelta en Valencia a las 20:00h<\/p>\n<p><strong>Comida:<\/strong><\/p>\n<ul>\n<li>Ensalada al centro de la mesa.\u00a0<span class=\"resalta\">cada u personas.<\/span><\/li>\n<li>2 langostinos a la plancha por pax.<\/li>\n<li>Primer plato: a elegir entre Gazpacho Manchego o Habichuelas Pintas.<\/li>\n<li>Segundo plato: productos t\u00edpicos de la tierra (g\u00fce\u00f1a, panceta y morcilla)<\/li>\n<li>Postre: fruta del tiempo<\/li>\n<li>Vino &#8211; casera &#8211; agua mineral &#8211; pan.<\/li>\n<\/ul>\n<p>&nbsp;<\/p>\n","protected":false},"excerpt":{"rendered":"<p>D\u00eda:Domingo, 6 de Octubre Salida:\u00a08:00 AM desde Valencia, Avda. de Arag\u00f3n. Programa:\u00a0 Llegada y desayuno.\u00a0Almuerzo totalmente gratis Degustaci\u00f3n de productos t\u00edpicos de la tierra. Excursi\u00f3n a Alcal\u00e1 del J\u00facar Descripci\u00f3n:\u00a0 Conoceremos los lugares con m\u00e1s encanto, la historia y tradiciones de la zona y pasearemos por el r\u00edo. Ademas visita a las cuevas del Diablo [&hellip;]<\/p>\n","protected":false},"featured_media":3223,"comment_status":"open","ping_status":"closed","template":"","meta":[],"product_cat":[232],"product_tag":[237,238],"_links":{"self":[{"href":"https:\/\/albertogarel.es\/tuociosinfronteras\/wp-json\/wp\/v2\/product\/3222"}],"collection":[{"href":"https:\/\/albertogarel.es\/tuociosinfronteras\/wp-json\/wp\/v2\/product"}],"about":[{"href":"https:\/\/albertogarel.es\/tuociosinfronteras\/wp-json\/wp\/v2\/types\/product"}],"replies":[{"embeddable":true,"href":"https:\/\/albertogarel.es\/tuociosinfronteras\/wp-json\/wp\/v2\/comments?post=3222"}],"wp:featuredmedia":[{"embeddable":true,"href":"https:\/\/albertogarel.es\/tuociosinfronteras\/wp-json\/wp\/v2\/media\/3223"}],"wp:attachment":[{"href":"https:\/\/albertogarel.es\/tuociosinfronteras\/wp-json\/wp\/v2\/media?parent=3222"}],"wp:term":[{"taxonomy":"product_cat","embeddable":true,"href":"https:\/\/albertogarel.es\/tuociosinfronteras\/wp-json\/wp\/v2\/product_cat?post=3222"},{"taxonomy":"product_tag","embeddable":true,"href":"https:\/\/albertogarel.es\/tuociosinfronteras\/wp-json\/wp\/v2\/product_tag?post=3222"}],"curies":[{"name":"wp","href":"https:\/\/api.w.org\/{rel}","templated":true}]}}