{"id":3230,"date":"2019-08-29T18:30:18","date_gmt":"2019-08-29T16:30:18","guid":{"rendered":"http:\/\/tuociosinfronteras.es\/?post_type=product&#038;p=3230"},"modified":"2022-10-12T10:37:37","modified_gmt":"2022-10-12T08:37:37","slug":"pamplona","status":"publish","type":"product","link":"https:\/\/albertogarel.es\/tuociosinfronteras\/producto\/pamplona\/","title":{"rendered":"Pamplona<span class=\"fecha\">19\/10\/2119<\/span>"},"content":{"rendered":"\n<div class=\"container-fluid\">\n<h2><strong>D\u00eda:<\/strong> S\u00e1bado, 19 de Octubre<\/h2>\n<h3><strong>Salida:<\/strong>07:00 AM desde Valencia, Avda. de Arag\u00f3n.<\/h3>\n<div class=\"container\">\n<h4><strong>Programa:\u00a0<\/strong><\/h4>\n<h6>S\u00c1BADO 19<\/h6>\n<ul>\n<li>Tras breves paradas llegaremos a <span class=\"resalta\">Olite<\/span> a las 12:30h.<\/li>\n<li>Visita y posibilidad de entrar al castillo y al palacio.<\/li>\n<li>Comida en restaurante<\/li>\n<li><span class=\"resalta\">Por la tarde<\/span> visita a <span class=\"resalta\">Pamplona<\/span>, realizando el famoso tramo de &#8220;San Fermines&#8221;.<\/li>\n<li>Adem\u00e1s visitamos la plaza del castillo, murallas y catedral<\/li>\n<li>Cena en restaurante de Pamplona<\/li>\n<li>Alojamiento en hotel<span class=\"resalta\">Burlada<\/span><\/li>\n<\/ul>\n<h6>DOMINGO 20<\/h6>\n<ul>\n<li>Desayuno a las 08:30h y nos vamos a la selva de <span class=\"resalta\">Irati<\/span>que est\u00e1 situada a unos 100 km. <\/li>\n<li>Llegamos sobre las 10:30h y recorremos sus parajes y sendas m\u00e1s t\u00edp\u00eccas en donde podemos observar la belleza de la selva en oto\u00f1o.<\/li>\n<li>A las 13:00h m\u00e1s o menos nos vamos a <span class=\"resalta\">Ochagav\u00eda<\/span> donde comemos en restaurante y nos vamos para casa. <\/li>\n<li>Llegamos a Valencia a las 22:30h aproximadamente.<\/li>\n<\/ul>\n<h4><strong>Incluye:\u00a0<\/strong><\/h4>\n<ul>\n<li>Autobus de &#8220;autocares Torres&#8221;.<\/li>\n<li>Gu\u00eda acompa\u00f1ante y seguros obligatorios.<\/li>\n<li>Alojamiento en hotel de 2\/3 estrellas<\/li>\n<li>Pensi\u00f3n completa (1 comida, 1 cena y 1 desayuno).<\/li>\n<li>El domingo iremos a <span class=\"resalta\">Ochagav\u00eda<\/span>. All\u00ed hay diversos bares (Comida libre). <\/li>\n<li><span class=\"resalta\">Os propondremos ir juntos a un restaurante.<\/span> <\/li>\n<\/ul><\/div>\n<\/p><\/div>\n","protected":false},"excerpt":{"rendered":"<p>D\u00eda: S\u00e1bado, 19 de Octubre Salida:07:00 AM desde Valencia, Avda. de Arag\u00f3n. Programa:\u00a0 S\u00c1BADO 19 Tras breves paradas llegaremos a Olite a las 12:30h. Visita y posibilidad de entrar al castillo y al palacio. Comida en restaurante Por la tarde visita a Pamplona, realizando el famoso tramo de &#8220;San Fermines&#8221;. Adem\u00e1s visitamos la plaza del [&hellip;]<\/p>\n","protected":false},"featured_media":3231,"comment_status":"open","ping_status":"closed","template":"","meta":[],"product_cat":[233],"product_tag":[246,245,243,242,244],"_links":{"self":[{"href":"https:\/\/albertogarel.es\/tuociosinfronteras\/wp-json\/wp\/v2\/product\/3230"}],"collection":[{"href":"https:\/\/albertogarel.es\/tuociosinfronteras\/wp-json\/wp\/v2\/product"}],"about":[{"href":"https:\/\/albertogarel.es\/tuociosinfronteras\/wp-json\/wp\/v2\/types\/product"}],"replies":[{"embeddable":true,"href":"https:\/\/albertogarel.es\/tuociosinfronteras\/wp-json\/wp\/v2\/comments?post=3230"}],"wp:featuredmedia":[{"embeddable":true,"href":"https:\/\/albertogarel.es\/tuociosinfronteras\/wp-json\/wp\/v2\/media\/3231"}],"wp:attachment":[{"href":"https:\/\/albertogarel.es\/tuociosinfronteras\/wp-json\/wp\/v2\/media?parent=3230"}],"wp:term":[{"taxonomy":"product_cat","embeddable":true,"href":"https:\/\/albertogarel.es\/tuociosinfronteras\/wp-json\/wp\/v2\/product_cat?post=3230"},{"taxonomy":"product_tag","embeddable":true,"href":"https:\/\/albertogarel.es\/tuociosinfronteras\/wp-json\/wp\/v2\/product_tag?post=3230"}],"curies":[{"name":"wp","href":"https:\/\/api.w.org\/{rel}","templated":true}]}}