{"id":3318,"date":"2019-09-01T10:35:59","date_gmt":"2019-09-01T08:35:59","guid":{"rendered":"http:\/\/tuociosinfronteras.es\/?post_type=product&#038;p=3318"},"modified":"2022-10-12T10:37:24","modified_gmt":"2022-10-12T08:37:24","slug":"parc-natural-del-delta-del-ebre","status":"publish","type":"product","link":"https:\/\/albertogarel.es\/tuociosinfronteras\/producto\/parc-natural-del-delta-del-ebre\/","title":{"rendered":"Parc Natural del D&#8217;elta del Ebre<span class=\"fecha\">27\/10\/2119<\/span>"},"content":{"rendered":"\n<div class=\"container\">\n<h2><strong>D\u00eda:<\/strong> Mi\u00e9rcoles, 27 de Octubre<\/h2>\n<h3><strong>Salida:<\/strong> 07:00 AM desde Valencia, Avda. de Arag\u00f3n.<\/h3>\n<h4><strong>Programa:\u00a0<\/strong><\/h4>\n<ul>\n<li>Visita\u00a0a las <span class=\"resalta\">11:h.<\/span> al Ecomuseu del Delta.<\/li>\n<li>Despu\u00e9s paseo por el campo de dunas m\u00e1s espectacular de la pen\u00ednsula:\n<ul>\n<li>El Fangar y el faro<\/li>\n<\/ul>\n<\/li>\n<li>A comer nos vamos a Ruimar, all\u00ed hay numerosos bares, restaurantes y lugares para comer.<\/li>\n<li><span class=\"resalta\">Viajar sin fronteras <\/span>con <span class=\"resalta\">Zayan <\/span> y <span class=\"resalta\">Juanjo <\/span> llevaremos agua, vino, cerveza y refrescos para todos. Bebida libre durante la comida.<\/li>\n<li>Adem\u00e1s montaremos el chiringuito con vermuth, copas, chupitos, m\u00fasica y baile.<\/li>\n<li>opci\u00f3n de subir en barco con paseo por la desembocadura del Ebro( se paga cada uno lo suyo).<\/li>\n<li>Traete bocata, picoteo, mesa, silla&#8230; lo que quieras y traete alegr\u00eda.<\/li>\n<\/ul>\n<h4><strong>incluye:\u00a0<\/strong><\/h4>\n<ul>\n<li>Autob\u00fas de &#8220;Autocares Torres&#8221;.<\/li>\n<li>Gu\u00edas: Juanjo y Zayan.<\/li>\n<li>Seguros obligatorios.<\/li>\n<li>Bebida libre durante la comida.<\/li>\n<li>La entrada al Ecomuseu (1\u20ac) es opcional.<\/li>\n<\/ul>\n<p>        &nbsp;\n    <\/p><\/div>\n","protected":false},"excerpt":{"rendered":"<p>D\u00eda: Mi\u00e9rcoles, 27 de Octubre Salida: 07:00 AM desde Valencia, Avda. de Arag\u00f3n. Programa:\u00a0 Visita\u00a0a las 11:h. al Ecomuseu del Delta. Despu\u00e9s paseo por el campo de dunas m\u00e1s espectacular de la pen\u00ednsula: El Fangar y el faro A comer nos vamos a Ruimar, all\u00ed hay numerosos bares, restaurantes y lugares para comer. Viajar sin [&hellip;]<\/p>\n","protected":false},"featured_media":3319,"comment_status":"open","ping_status":"closed","template":"","meta":[],"product_cat":[232],"product_tag":[248,247,249],"_links":{"self":[{"href":"https:\/\/albertogarel.es\/tuociosinfronteras\/wp-json\/wp\/v2\/product\/3318"}],"collection":[{"href":"https:\/\/albertogarel.es\/tuociosinfronteras\/wp-json\/wp\/v2\/product"}],"about":[{"href":"https:\/\/albertogarel.es\/tuociosinfronteras\/wp-json\/wp\/v2\/types\/product"}],"replies":[{"embeddable":true,"href":"https:\/\/albertogarel.es\/tuociosinfronteras\/wp-json\/wp\/v2\/comments?post=3318"}],"wp:featuredmedia":[{"embeddable":true,"href":"https:\/\/albertogarel.es\/tuociosinfronteras\/wp-json\/wp\/v2\/media\/3319"}],"wp:attachment":[{"href":"https:\/\/albertogarel.es\/tuociosinfronteras\/wp-json\/wp\/v2\/media?parent=3318"}],"wp:term":[{"taxonomy":"product_cat","embeddable":true,"href":"https:\/\/albertogarel.es\/tuociosinfronteras\/wp-json\/wp\/v2\/product_cat?post=3318"},{"taxonomy":"product_tag","embeddable":true,"href":"https:\/\/albertogarel.es\/tuociosinfronteras\/wp-json\/wp\/v2\/product_tag?post=3318"}],"curies":[{"name":"wp","href":"https:\/\/api.w.org\/{rel}","templated":true}]}}