{"id":3323,"date":"2019-09-01T11:27:05","date_gmt":"2019-09-01T09:27:05","guid":{"rendered":"http:\/\/tuociosinfronteras.es\/?post_type=product&#038;p=3323"},"modified":"2022-10-12T10:37:13","modified_gmt":"2022-10-12T08:37:13","slug":"carcassona-narbona-besalu-girona-sagrada-familia-y-catedral-del-mar","status":"publish","type":"product","link":"https:\/\/albertogarel.es\/tuociosinfronteras\/producto\/carcassona-narbona-besalu-girona-sagrada-familia-y-catedral-del-mar\/","title":{"rendered":"Carcassona, Narbona, Besal\u00f9, Girona,Sagrada familia y Catedral del Mar<span class=\"fecha\">01\/11\/2119<\/span>"},"content":{"rendered":"\n<div class=\"container-fluid\">\n<h2><strong>D\u00eda:<\/strong> Viernes, 1 de noviembre<\/h2>\n<h3><strong>Salida:<\/strong> 07:00 AM desde Valencia, Avda. de Arag\u00f3n.<\/h3>\n<div class=\"container\">\n<h4><strong>Programa:\u00a0<\/strong><\/h4>\n<h6>VIERNES 1<\/h6>\n<ul>\n<li>Tras varias paradas, llegada al hotel a comer.<\/li>\n<li>Por la tarde, visitas al pueblo medieval de Besal\u00fa y la enigm\u00e1tica Girona.<\/li>\n<li>Alojamiento y cena en el hotel.<\/li>\n<\/ul>\n<h6>S\u00c1BADO 2<\/h6>\n<ul>\n<li>Tras el desayuno nos vamos a Carcassona.<\/li>\n<li>Visita a la Cit\u00e8, bas\u00edlica, murallas y museos.<\/li>\n<li>Comida de picnic.<\/li>\n<li>Despu\u00e9s de comer visita a Narbona y al casco antiguo.<\/li>\n<li>Alojamiento y cena en el hotel<\/li>\n<h6>DOMINGO 3<\/h6>\n<ul>\n<li>Desayuno y partimos hacia Barcelona.<\/li>\n<li>Contemplaremos las obras m\u00e1s importantes de Gaud\u00ed:\n<ul>\n<li>Parque G\u00fcell<\/li>\n<li>Casa Batll\u00f3.<\/li>\n<li>La Pedrera y Sagrada Familia<\/li>\n<\/ul>\n<\/li>\n<li>Tambi\u00e9n paseo por las Ramblas.<\/li>\n<li>Visita a la catedral del Mar.<\/li>\n<\/ul>\n<h4><strong>Incluye:\u00a0<\/strong><\/h4>\n<ul>\n<li>Autob\u00fas de &#8220;autocares Torres&#8221;. Todo el recorrido y excursiones.<\/li>\n<li>Gu\u00eda acompa\u00f1ante.<\/li>\n<li>Seguros obligatorios.<\/li>\n<li>Alojamiento en hotel &#8220;Don Juan&#8221; en LLoret.<\/li>\n<li>Pensi\u00f3n :\n<ul>\n<li>Comida d\u00eda 1 en el hotel.<\/li>\n<li>Picnic en Carcassona.<\/li>\n<li>2 cenas y 2 desayunos en hotel.<\/li>\n<\/ul>\n<\/li>\n<\/ul><\/div>\n<\/p><\/div>\n","protected":false},"excerpt":{"rendered":"<p>D\u00eda: Viernes, 1 de noviembre Salida: 07:00 AM desde Valencia, Avda. de Arag\u00f3n. Programa:\u00a0 VIERNES 1 Tras varias paradas, llegada al hotel a comer. Por la tarde, visitas al pueblo medieval de Besal\u00fa y la enigm\u00e1tica Girona. Alojamiento y cena en el hotel. S\u00c1BADO 2 Tras el desayuno nos vamos a Carcassona. Visita a la [&hellip;]<\/p>\n","protected":false},"featured_media":3324,"comment_status":"open","ping_status":"closed","template":"","meta":[],"product_cat":[234],"product_tag":[107,250,248,253,108,251,252],"_links":{"self":[{"href":"https:\/\/albertogarel.es\/tuociosinfronteras\/wp-json\/wp\/v2\/product\/3323"}],"collection":[{"href":"https:\/\/albertogarel.es\/tuociosinfronteras\/wp-json\/wp\/v2\/product"}],"about":[{"href":"https:\/\/albertogarel.es\/tuociosinfronteras\/wp-json\/wp\/v2\/types\/product"}],"replies":[{"embeddable":true,"href":"https:\/\/albertogarel.es\/tuociosinfronteras\/wp-json\/wp\/v2\/comments?post=3323"}],"wp:featuredmedia":[{"embeddable":true,"href":"https:\/\/albertogarel.es\/tuociosinfronteras\/wp-json\/wp\/v2\/media\/3324"}],"wp:attachment":[{"href":"https:\/\/albertogarel.es\/tuociosinfronteras\/wp-json\/wp\/v2\/media?parent=3323"}],"wp:term":[{"taxonomy":"product_cat","embeddable":true,"href":"https:\/\/albertogarel.es\/tuociosinfronteras\/wp-json\/wp\/v2\/product_cat?post=3323"},{"taxonomy":"product_tag","embeddable":true,"href":"https:\/\/albertogarel.es\/tuociosinfronteras\/wp-json\/wp\/v2\/product_tag?post=3323"}],"curies":[{"name":"wp","href":"https:\/\/api.w.org\/{rel}","templated":true}]}}