{"id":3325,"date":"2019-09-01T11:54:38","date_gmt":"2019-09-01T09:54:38","guid":{"rendered":"http:\/\/tuociosinfronteras.es\/?post_type=product&#038;p=3325"},"modified":"2022-10-12T10:37:02","modified_gmt":"2022-10-12T08:37:02","slug":"viaje-a-la-alcarria","status":"publish","type":"product","link":"https:\/\/albertogarel.es\/tuociosinfronteras\/producto\/viaje-a-la-alcarria\/","title":{"rendered":"Viaje a la Alcarria<span class=\"fecha\">23\/11\/2119<\/span>"},"content":{"rendered":"\n<div class=\"container-fluid\">\n<h2><strong>D\u00eda:<\/strong> S\u00e1bado, 23 de noviembre<\/h2>\n<h3><strong>Salida:<\/strong>07:00 AM desde Valencia, Avda. de Arag\u00f3n.<\/h3>\n<div class=\"container\">\n<h4><strong>Programa:\u00a0<\/strong><\/h4>\n<h6>S\u00c1BADO 19<\/h6>\n<ul>\n<li>Tras parar a tomar un caf\u00e9 a mitad de camino, llegamos a la incre\u00edble Trillo, con sus fuentes r\u00edo y cascadas que cruzan el pueblo.<\/li>\n<li>Tras una horita nos vamos a Cifuentes pueblo medieval con plazas e iglesias majestuosas y a comer nos vamos a la amurallada Brihuega, con rincones maravillosos y unas cuevas moras que te impresionar\u00e1n. <\/li>\n<li>All\u00ed comemos en un magn\u00edfico restaurante y tras comprar alg\u00fan recuerdo nos vamos al castillo de Torija, en donde est\u00e1 instalado el museo viaje a la Alcarria de Camilo Jos\u00e9 Cela.<\/li>\n<li>A cenar y dormir nos vamos a un hotel, el Tryp Guadalajara. Espectacular y elegante.<\/li>\n<\/ul>\n<h6>DOMINGO 24<\/h6>\n<ul>\n<li>El domingo nos quedamos en Guadalajara para visitar el Palacio del Infantado, que es uno de los lugares emblem\u00e1ticos que ver en Guadalajara, el torre\u00f3n de Alvar Fa\u00f1ez, Pante\u00f3n de la Condesa&#8230; y una sorpresa minimalista en el convento de Carmelitas.<\/li>\n<li>Comemos en el restaurante de Guadalajara y regreso.<\/li>\n<\/ul>\n<h4><strong>Incluye:\u00a0<\/strong><\/h4>\n<ul>\n<li>Autob\u00fas de &#8220;autocares Torres&#8221;.<\/li>\n<li>Gu\u00eda acompa\u00f1ante<\/li>\n<li>Seguros obligatorios.<\/li>\n<li>Alojamiento en hotel Tryp Guadalajara.<\/li>\n<li>Incluye comida s\u00e1bado y domingo. Cena en Guadalajara.<\/li>\n<\/ul><\/div>\n<\/p><\/div>\n","protected":false},"excerpt":{"rendered":"<p>D\u00eda: S\u00e1bado, 23 de noviembre Salida:07:00 AM desde Valencia, Avda. de Arag\u00f3n. Programa:\u00a0 S\u00c1BADO 19 Tras parar a tomar un caf\u00e9 a mitad de camino, llegamos a la incre\u00edble Trillo, con sus fuentes r\u00edo y cascadas que cruzan el pueblo. Tras una horita nos vamos a Cifuentes pueblo medieval con plazas e iglesias majestuosas y [&hellip;]<\/p>\n","protected":false},"featured_media":3326,"comment_status":"open","ping_status":"closed","template":"","meta":[],"product_cat":[233],"product_tag":[254,256,257,255,258],"_links":{"self":[{"href":"https:\/\/albertogarel.es\/tuociosinfronteras\/wp-json\/wp\/v2\/product\/3325"}],"collection":[{"href":"https:\/\/albertogarel.es\/tuociosinfronteras\/wp-json\/wp\/v2\/product"}],"about":[{"href":"https:\/\/albertogarel.es\/tuociosinfronteras\/wp-json\/wp\/v2\/types\/product"}],"replies":[{"embeddable":true,"href":"https:\/\/albertogarel.es\/tuociosinfronteras\/wp-json\/wp\/v2\/comments?post=3325"}],"wp:featuredmedia":[{"embeddable":true,"href":"https:\/\/albertogarel.es\/tuociosinfronteras\/wp-json\/wp\/v2\/media\/3326"}],"wp:attachment":[{"href":"https:\/\/albertogarel.es\/tuociosinfronteras\/wp-json\/wp\/v2\/media?parent=3325"}],"wp:term":[{"taxonomy":"product_cat","embeddable":true,"href":"https:\/\/albertogarel.es\/tuociosinfronteras\/wp-json\/wp\/v2\/product_cat?post=3325"},{"taxonomy":"product_tag","embeddable":true,"href":"https:\/\/albertogarel.es\/tuociosinfronteras\/wp-json\/wp\/v2\/product_tag?post=3325"}],"curies":[{"name":"wp","href":"https:\/\/api.w.org\/{rel}","templated":true}]}}