{"id":3329,"date":"2019-09-01T12:22:08","date_gmt":"2019-09-01T10:22:08","guid":{"rendered":"http:\/\/tuociosinfronteras.es\/?post_type=product&#038;p=3329"},"modified":"2022-10-12T10:36:51","modified_gmt":"2022-10-12T08:36:51","slug":"las-alpujarras-y-granada","status":"publish","type":"product","link":"https:\/\/albertogarel.es\/tuociosinfronteras\/producto\/las-alpujarras-y-granada\/","title":{"rendered":"Las Alpujarras y Granada<span class=\"fecha\">06\/12\/2119<\/span>"},"content":{"rendered":"\n<div class=\"container-fluid\">\n<h2><strong>D\u00eda:<\/strong> Viernes, 6 de noviembre<\/h2>\n<h3><strong>Salida:<\/strong> 07:00 AM desde Valencia, Avda. de Arag\u00f3n.<\/h3>\n<div class=\"container\">\n<h4><strong>Programa:\u00a0<\/strong><\/h4>\n<h6>VIERNES 6<\/h6>\n<ul>\n<li>Tras breves paradas llegamos a las 13:30h. al Albaycin.<\/li>\n<li>comida en restaurante.<\/li>\n<li>Por la tarde visita a la catedral, paseo del Darro, tiendas, Zoco, casco antiguo.<\/li>\n<li>A cenar y a dormir nos vamos al hotel Reyes Zir\u00edes Albolote.<\/li>\n<\/ul>\n<h6>S\u00c1BADO 7<\/h6>\n<ul>\n<li>Tras el desayuno nos vamos hacer una excursi\u00f3n por las Alpujarras.<\/li>\n<li>Primero vamos a Pampaneira donde adem\u00e1s de degustaci\u00f3n de chocolates y productos t\u00edpicos visitaremos el precioso pueblo blanco.<\/li>\n<li>Luego nos vamos a Trevelez, cuna del jam\u00f3n y pueblo m\u00e1s alto de Espa\u00f1a. All\u00ed visitaremos un secadero de Jam\u00f3n y comeremos en fant\u00e1stico restaurante. <\/li>\n<li>Por la tarde visita al pueblo de Lanjar\u00f3n.<\/li>\n<li>Regreso al hotel, cena y alojamiento.<\/li>\n<li>Opcional ir a un espect\u00e1culo flamenco en las Cuevas de Sacromonte.<\/li>\n<h6>DOMINGO 8<\/h6>\n<ul>\n<li>Desayunamos y nos vamos a Granada.<\/li>\n<li>Llegaremos sobre las 10, as\u00ed que si quer\u00e9is reservar la entrada a los palacios Nazar\u00eds esa es la hora.<\/li>\n<li>los dem\u00e1s entraremos en la ciudad amurallada de la Alhambra y podremos caminar por su interior, as\u00ed como acceder al Palacio de Carlos V.<\/li>\n<li>En caso de alg\u00fan acontecimiento que nos permitiese la entrada (cosa muy rara) nos quedar\u00edamos en Granada y subir\u00edamos por la muralla de la Alhambra.<\/li>\n<li>A las 13:00h. nos vamos a Santa Fe donde se dictaron as capitulaciones de la toma de Granada.<\/li>\n<li>Comida en hotel y regreso.<\/li>\n<\/ul>\n<h4><strong>Incluye:\u00a0<\/strong><\/h4>\n<ul>\n<li>Autob\u00fas de &#8220;autocares Torres&#8221;<\/li>\n<li>Gu\u00eda acompa\u00f1ante.<\/li>\n<li>Seguros obligatorios.<\/li>\n<li>Alojamiento en hotel &#8220;Reyes Zir\u00edes&#8221;.<\/li>\n<li>2 desayunos \/ 2 comidas \/ 2 cenas<\/li>\n<li>No incluye entradas<\/li>\n<\/ul><\/div>\n<\/p><\/div>\n","protected":false},"excerpt":{"rendered":"<p>D\u00eda: Viernes, 6 de noviembre Salida: 07:00 AM desde Valencia, Avda. de Arag\u00f3n. Programa:\u00a0 VIERNES 6 Tras breves paradas llegamos a las 13:30h. al Albaycin. comida en restaurante. Por la tarde visita a la catedral, paseo del Darro, tiendas, Zoco, casco antiguo. A cenar y a dormir nos vamos al hotel Reyes Zir\u00edes Albolote. S\u00c1BADO [&hellip;]<\/p>\n","protected":false},"featured_media":3330,"comment_status":"open","ping_status":"closed","template":"","meta":[],"product_cat":[233],"product_tag":[261,259,262,143,263,211,260],"_links":{"self":[{"href":"https:\/\/albertogarel.es\/tuociosinfronteras\/wp-json\/wp\/v2\/product\/3329"}],"collection":[{"href":"https:\/\/albertogarel.es\/tuociosinfronteras\/wp-json\/wp\/v2\/product"}],"about":[{"href":"https:\/\/albertogarel.es\/tuociosinfronteras\/wp-json\/wp\/v2\/types\/product"}],"replies":[{"embeddable":true,"href":"https:\/\/albertogarel.es\/tuociosinfronteras\/wp-json\/wp\/v2\/comments?post=3329"}],"wp:featuredmedia":[{"embeddable":true,"href":"https:\/\/albertogarel.es\/tuociosinfronteras\/wp-json\/wp\/v2\/media\/3330"}],"wp:attachment":[{"href":"https:\/\/albertogarel.es\/tuociosinfronteras\/wp-json\/wp\/v2\/media?parent=3329"}],"wp:term":[{"taxonomy":"product_cat","embeddable":true,"href":"https:\/\/albertogarel.es\/tuociosinfronteras\/wp-json\/wp\/v2\/product_cat?post=3329"},{"taxonomy":"product_tag","embeddable":true,"href":"https:\/\/albertogarel.es\/tuociosinfronteras\/wp-json\/wp\/v2\/product_tag?post=3329"}],"curies":[{"name":"wp","href":"https:\/\/api.w.org\/{rel}","templated":true}]}}