{"id":3336,"date":"2019-09-01T13:51:19","date_gmt":"2019-09-01T11:51:19","guid":{"rendered":"http:\/\/tuociosinfronteras.es\/?post_type=product&#038;p=3336"},"modified":"2022-10-12T10:36:23","modified_gmt":"2022-10-12T08:36:23","slug":"aniversario-ocio-sin-fronteras-opcion-b15-11-2019","status":"publish","type":"product","link":"https:\/\/albertogarel.es\/tuociosinfronteras\/producto\/aniversario-ocio-sin-fronteras-opcion-b15-11-2019\/","title":{"rendered":"Aniversario Ocio sin fronteras &#8211; <strong>OPCI\u00d3N B<\/strong><span class=\"fecha\">15\/11\/2119<\/span>"},"content":{"rendered":"\n<div class=\"container-fluid\">\n<h2><strong>D\u00eda:<\/strong> S\u00e1bado, 15 de noviembre<\/h2>\n<h3><strong>Salida:<\/strong> 11:00h. AM desde Valencia, Avda. de Arag\u00f3n.<\/h3>\n<p><\/p>\n<h2>R\u00edete con nosotros en un fin de semana inolvidable.<\/h2>\n<div class=\"container\">\n<h4><strong>Programa:\u00a0<\/strong><\/h4>\n<ul>OPCI\u00d3N B<\/p>\n<ul>\n<li>Entrada el s\u00e1bado<\/li>\n<li>Salida el Domingo<\/li>\n<li>autob\u00fas 5\u20ac<\/li>\n<li>hotel Golf Playa<\/li>\n<\/ul>\n<\/ul>\n<h6>S\u00c1BADO 16<\/h6>\n<ul>\n<li>Por la tarde:\n<ul>\n<li>Juegos de first day.<\/li>\n<li>Gran hermano.<\/li>\n<li>Juego de las sillas.<\/li>\n<li>Gallinita ciega<\/li>\n<li>Baile<\/li>\n<li>Fiesta &#8220;Pirata&#8221; s\u00e1bado noche.<\/li>\n<\/ul>\n<\/li>\n<h6>DOMINGO 17<\/h6>\n<ul>\n<li>Vuelta el Domingo a las 16:00h.<\/li>\n<li>Autob\u00fas 5\u20ac desde hotel a Valencia. <\/li>\n<\/ul>\n<\/ul><\/div>\n<\/p><\/div>\n","protected":false},"excerpt":{"rendered":"<p>D\u00eda: S\u00e1bado, 15 de noviembre Salida: 11:00h. AM desde Valencia, Avda. de Arag\u00f3n. R\u00edete con nosotros en un fin de semana inolvidable. Programa:\u00a0 OPCI\u00d3N B Entrada el s\u00e1bado Salida el Domingo autob\u00fas 5\u20ac hotel Golf Playa S\u00c1BADO 16 Por la tarde: Juegos de first day. Gran hermano. Juego de las sillas. Gallinita ciega Baile Fiesta [&hellip;]<\/p>\n","protected":false},"featured_media":3333,"comment_status":"open","ping_status":"closed","template":"","meta":[],"product_cat":[231],"product_tag":[265,126,267,268],"_links":{"self":[{"href":"https:\/\/albertogarel.es\/tuociosinfronteras\/wp-json\/wp\/v2\/product\/3336"}],"collection":[{"href":"https:\/\/albertogarel.es\/tuociosinfronteras\/wp-json\/wp\/v2\/product"}],"about":[{"href":"https:\/\/albertogarel.es\/tuociosinfronteras\/wp-json\/wp\/v2\/types\/product"}],"replies":[{"embeddable":true,"href":"https:\/\/albertogarel.es\/tuociosinfronteras\/wp-json\/wp\/v2\/comments?post=3336"}],"wp:featuredmedia":[{"embeddable":true,"href":"https:\/\/albertogarel.es\/tuociosinfronteras\/wp-json\/wp\/v2\/media\/3333"}],"wp:attachment":[{"href":"https:\/\/albertogarel.es\/tuociosinfronteras\/wp-json\/wp\/v2\/media?parent=3336"}],"wp:term":[{"taxonomy":"product_cat","embeddable":true,"href":"https:\/\/albertogarel.es\/tuociosinfronteras\/wp-json\/wp\/v2\/product_cat?post=3336"},{"taxonomy":"product_tag","embeddable":true,"href":"https:\/\/albertogarel.es\/tuociosinfronteras\/wp-json\/wp\/v2\/product_tag?post=3336"}],"curies":[{"name":"wp","href":"https:\/\/api.w.org\/{rel}","templated":true}]}}