{"id":4233,"date":"2019-09-30T16:45:03","date_gmt":"2019-09-30T14:45:03","guid":{"rendered":"http:\/\/tuociosinfronteras.es\/?post_type=product&#038;p=4233"},"modified":"2022-10-12T10:36:09","modified_gmt":"2022-10-12T08:36:09","slug":"avila-y-toledo","status":"publish","type":"product","link":"https:\/\/albertogarel.es\/tuociosinfronteras\/producto\/avila-y-toledo\/","title":{"rendered":"\u00c1vila y Toledo<span class=\"fecha\">14\/12\/2119<\/span>"},"content":{"rendered":"<div class=\"container-fluid\">\n<h2><strong>D\u00eda:<\/strong> S\u00e1bado, 14 de diciembre<\/h2>\n<h3><strong>Salida:<\/strong>07:00 AM desde Valencia, Avda. de Arag\u00f3n.<\/h3>\n<div class=\"container\">\n<h4><strong>Programa:\u00a0<\/strong><\/h4>\n<h6>S\u00c1BADO 14<\/h6>\n<ul>\n<li>Llegamos a Toledo a las 11:30h.<\/li>\n<li>Recorrido guiado guiado de la ciudad.<\/li>\n<li>Comida en restaurante t\u00edpico toledano.<\/li>\n<li>Despu\u00e9s de comer, visita libre de la ciudad pudiendo entrar en museos, palacios, iglesias,etc.<\/li>\n<li>A las 19:30h. nos vamos a Talavera de la Reina, donde pernoctamos en el hotel Ebora.<\/li>\n<li>Cena y alojamiento.<\/li>\n<li>Posibilidad de salir a tomar una copa o ir a bailar y ver Talavera de noche e iluminada.<\/li>\n<\/ul>\n<h6>DOMINGO 15<\/h6>\n<ul>\n<li>Desayunamos y nos damos un breve paseo por la ciudad de la cer\u00e1mica.<\/li>\n<li>Luego nos vamos hacia \u00c1vila, llegamos sobre las 11:30h. y visita de la ciudad amurallada guiada.<\/li>\n<li>Comida libre y a las 16:00h. salimos hacia Valencia.<\/li>\n<li>Llegada a las 21:30h. aproximadamente.<\/li>\n<\/ul>\n<h4><strong>Incluye:\u00a0<\/strong><\/h4>\n<ul>\n<li>Autob\u00fas de &#8220;autocares Torres&#8221;.<\/li>\n<li>Gu\u00edas Zayan y Juanjo<\/li>\n<li>Comida en restaurante t\u00edpico de Toledo.<\/li>\n<li>Alojamiento, cena y desayuno en Hotel Ebora.<\/li>\n<li>Seguros obligatorios.<\/li>\n<\/ul><\/div>\n<\/div>\n","protected":false},"excerpt":{"rendered":"<p>D\u00eda: S\u00e1bado, 14 de diciembre Salida:07:00 AM desde Valencia, Avda. de Arag\u00f3n. Programa:\u00a0 S\u00c1BADO 14 Llegamos a Toledo a las 11:30h. Recorrido guiado guiado de la ciudad. Comida en restaurante t\u00edpico toledano. Despu\u00e9s de comer, visita libre de la ciudad pudiendo entrar en museos, palacios, iglesias,etc. A las 19:30h. nos vamos a Talavera de la [&hellip;]<\/p>\n","protected":false},"featured_media":4234,"comment_status":"open","ping_status":"closed","template":"","meta":[],"product_cat":[233],"product_tag":[],"_links":{"self":[{"href":"https:\/\/albertogarel.es\/tuociosinfronteras\/wp-json\/wp\/v2\/product\/4233"}],"collection":[{"href":"https:\/\/albertogarel.es\/tuociosinfronteras\/wp-json\/wp\/v2\/product"}],"about":[{"href":"https:\/\/albertogarel.es\/tuociosinfronteras\/wp-json\/wp\/v2\/types\/product"}],"replies":[{"embeddable":true,"href":"https:\/\/albertogarel.es\/tuociosinfronteras\/wp-json\/wp\/v2\/comments?post=4233"}],"wp:featuredmedia":[{"embeddable":true,"href":"https:\/\/albertogarel.es\/tuociosinfronteras\/wp-json\/wp\/v2\/media\/4234"}],"wp:attachment":[{"href":"https:\/\/albertogarel.es\/tuociosinfronteras\/wp-json\/wp\/v2\/media?parent=4233"}],"wp:term":[{"taxonomy":"product_cat","embeddable":true,"href":"https:\/\/albertogarel.es\/tuociosinfronteras\/wp-json\/wp\/v2\/product_cat?post=4233"},{"taxonomy":"product_tag","embeddable":true,"href":"https:\/\/albertogarel.es\/tuociosinfronteras\/wp-json\/wp\/v2\/product_tag?post=4233"}],"curies":[{"name":"wp","href":"https:\/\/api.w.org\/{rel}","templated":true}]}}