{"id":4235,"date":"2019-09-30T17:59:40","date_gmt":"2019-09-30T15:59:40","guid":{"rendered":"http:\/\/tuociosinfronteras.es\/?post_type=product&#038;p=4235"},"modified":"2022-10-12T10:35:48","modified_gmt":"2022-10-12T08:35:48","slug":"las-huellas-del-cid09-11-2019","status":"publish","type":"product","link":"https:\/\/albertogarel.es\/tuociosinfronteras\/producto\/las-huellas-del-cid09-11-2019\/","title":{"rendered":"Las Huellas del Cid<span class=\"fecha\">09\/11\/2119<\/span>"},"content":{"rendered":"<h3><span style=\"color: #ff6600;\">S\u00e1bado, 9 Marzo<\/span><\/h3>\n<ul>\n<li>Salida a las 8:00 AM desde Valencia, Plaza de espa\u00f1a(junto a estatua del Cid).<\/li>\n<li>Ponemos rumbo al Maestrazgo, donde Rodrigo y su mesnada dejaron interesantes huellas de su paso.<\/li>\n<li>Las investigamos y descubrimos en el castillo de Ares, en las callejuelas e iglesia de la Iglesuela, en las murallas y castillo templario de Cantavieja y tambi\u00e9n en el antiguo Castillo del Nido del \u00c1guila de Olocau.<\/li>\n<li>Por supuesto daremos un paseo maravilloso por la empedrada Mirambell.<\/li>\n<li>Tras estudiar y disfrutar de las huellas comeremos en el Mes\u00f3n del Rey, un magn\u00edfico restaurante de Olocau, comida t\u00edpica de la zona con olla del Maestrazgo, embutido o lo que t\u00fa prefieras.<\/li>\n<li>Emprenderemos el regreso a casa. Como regalo, al regreso, realizaremos una peque\u00f1a ofrenda de flores que recojamos a la figura del Cid.<\/li>\n<\/ul>\n","protected":false},"excerpt":{"rendered":"<ul>\n<li>Conoce a Rodrigo y su mesada.<\/li>\n<li>Conoce el siglo XI<\/li>\n<li>Excursi\u00f3n cultural, l\u00fadica y gastron\u00f3mica para todas las edades.<\/li>\n<li>Reserva ya tu plaza<\/li>\n<li>Precio especial para ni\u00f1os menores de 14 a\u00f1os.<\/li>\n<\/ul>\n","protected":false},"featured_media":4240,"comment_status":"open","ping_status":"closed","template":"","meta":[],"product_cat":[96],"product_tag":[274,272,270,273,275,271],"_links":{"self":[{"href":"https:\/\/albertogarel.es\/tuociosinfronteras\/wp-json\/wp\/v2\/product\/4235"}],"collection":[{"href":"https:\/\/albertogarel.es\/tuociosinfronteras\/wp-json\/wp\/v2\/product"}],"about":[{"href":"https:\/\/albertogarel.es\/tuociosinfronteras\/wp-json\/wp\/v2\/types\/product"}],"replies":[{"embeddable":true,"href":"https:\/\/albertogarel.es\/tuociosinfronteras\/wp-json\/wp\/v2\/comments?post=4235"}],"wp:featuredmedia":[{"embeddable":true,"href":"https:\/\/albertogarel.es\/tuociosinfronteras\/wp-json\/wp\/v2\/media\/4240"}],"wp:attachment":[{"href":"https:\/\/albertogarel.es\/tuociosinfronteras\/wp-json\/wp\/v2\/media?parent=4235"}],"wp:term":[{"taxonomy":"product_cat","embeddable":true,"href":"https:\/\/albertogarel.es\/tuociosinfronteras\/wp-json\/wp\/v2\/product_cat?post=4235"},{"taxonomy":"product_tag","embeddable":true,"href":"https:\/\/albertogarel.es\/tuociosinfronteras\/wp-json\/wp\/v2\/product_tag?post=4235"}],"curies":[{"name":"wp","href":"https:\/\/api.w.org\/{rel}","templated":true}]}}