{"id":4243,"date":"2019-09-30T18:39:29","date_gmt":"2019-09-30T16:39:29","guid":{"rendered":"http:\/\/tuociosinfronteras.es\/?post_type=product&#038;p=4243"},"modified":"2022-10-12T10:35:31","modified_gmt":"2022-10-12T08:35:31","slug":"avila-y-toledo22-12-2019","status":"publish","type":"product","link":"https:\/\/albertogarel.es\/tuociosinfronteras\/producto\/avila-y-toledo22-12-2019\/","title":{"rendered":"Huellas del Cid<span class=\"fecha\">22\/12\/2119<\/span>"},"content":{"rendered":"<h3><span style=\"color: #ff6600;\">S\u00e1bado, 22 Diciembre<\/span><\/h3>\n<ul>\n<li>Salida a las 8:00 AM desde Valencia, Av. Arag\u00f3n<\/li>\n<li>Descubrimos las huellas en el castillo y calles de Albarrac\u00edn.<\/li>\n<li>Pozo de Cella, Torres Mud\u00e9jares y Torico en Teruel. <\/li>\n<li>Bosques y naturaleza en Fuente Cerrada y castillo y plaza de Mora de Rubielos.<\/li>\n<li>Comida en restaurante en puente cerrada o libre de bocata.<\/li>\n<li>Llevaremos bebida y m\u00fasica.<\/li>\n<li>Lugar maravilloso entre la naturaleza.<\/li>\n<\/ul>\n<ul>\n<li>Incluye autob\u00fas<\/li>\n<li>Gu\u00edas y acompa\u00f1ante<\/li>\n<li>Seguros obligatorios.<\/li>\n<\/ul>\n","protected":false},"excerpt":{"rendered":"<p>S\u00e1bado, 22 Diciembre Salida a las 8:00 AM desde Valencia, Av. Arag\u00f3n Descubrimos las huellas en el castillo y calles de Albarrac\u00edn. Pozo de Cella, Torres Mud\u00e9jares y Torico en Teruel. Bosques y naturaleza en Fuente Cerrada y castillo y plaza de Mora de Rubielos. Comida en restaurante en puente cerrada o libre de bocata. [&hellip;]<\/p>\n","protected":false},"featured_media":4247,"comment_status":"open","ping_status":"closed","template":"","meta":[],"product_cat":[96],"product_tag":[277,278,276,279],"_links":{"self":[{"href":"https:\/\/albertogarel.es\/tuociosinfronteras\/wp-json\/wp\/v2\/product\/4243"}],"collection":[{"href":"https:\/\/albertogarel.es\/tuociosinfronteras\/wp-json\/wp\/v2\/product"}],"about":[{"href":"https:\/\/albertogarel.es\/tuociosinfronteras\/wp-json\/wp\/v2\/types\/product"}],"replies":[{"embeddable":true,"href":"https:\/\/albertogarel.es\/tuociosinfronteras\/wp-json\/wp\/v2\/comments?post=4243"}],"wp:featuredmedia":[{"embeddable":true,"href":"https:\/\/albertogarel.es\/tuociosinfronteras\/wp-json\/wp\/v2\/media\/4247"}],"wp:attachment":[{"href":"https:\/\/albertogarel.es\/tuociosinfronteras\/wp-json\/wp\/v2\/media?parent=4243"}],"wp:term":[{"taxonomy":"product_cat","embeddable":true,"href":"https:\/\/albertogarel.es\/tuociosinfronteras\/wp-json\/wp\/v2\/product_cat?post=4243"},{"taxonomy":"product_tag","embeddable":true,"href":"https:\/\/albertogarel.es\/tuociosinfronteras\/wp-json\/wp\/v2\/product_tag?post=4243"}],"curies":[{"name":"wp","href":"https:\/\/api.w.org\/{rel}","templated":true}]}}