{"id":4254,"date":"2019-09-30T22:31:42","date_gmt":"2019-09-30T20:31:42","guid":{"rendered":"http:\/\/tuociosinfronteras.es\/?post_type=product&#038;p=4254"},"modified":"2022-10-12T18:05:24","modified_gmt":"2022-10-12T16:05:24","slug":"el-primer-corte-de-la-miel12-10-2019","status":"publish","type":"product","link":"https:\/\/albertogarel.es\/tuociosinfronteras\/producto\/el-primer-corte-de-la-miel12-10-2019\/","title":{"rendered":"El primer corte de la miel<span class=\"fecha\">12\/10\/2119<\/span>"},"content":{"rendered":"<h3><span style=\"color: #ff6600;\">Domingo, 12 Octubre<\/span><\/h3>\n<ul>\n<li>Salida a las 9:00 AM desde Valencia, Av. Arag\u00f3n<\/li>\n<li>En Almansa parada de una hora para tomar caf\u00e9, almorzar y dar un breve paseo por el centro de la poblaci\u00f3n.<\/li>\n<li>Llegada a Ayora a las 11:45h.<\/li>\n<li>Tiempo libre para disfrutar de la feria de la miel.<\/li>\n<li>A las 18:00h regreso a Valencia.<\/li>\n<li>Llegada prevista a las 19:30h.<\/li>\n<\/ul>\n<h4><strong>Incluye:\u00a0<\/strong><\/h4>\n<ul>\n<li>Autob\u00fas<\/li>\n<li>Gu\u00eda<\/li>\n<li>Acompa\u00f1ante<\/li>\n<li>Seguros obligatorios<\/li>\n<\/ul>\n<hr>\n<h4>El primer corte de la miel<\/h4>\n<p>En octubre, Ayora celebra la feria \u201cEl Primer Corte de la Miel\u201d, un evento ap\u00edcola, gastron\u00f3mico, tur\u00edstico y<br \/>\n    cultural, que tiene como hilo conductor la miel, producto por excelencia de la poblaci\u00f3n, muy valorada por su<br \/>\n    calidad.<\/p>\n<p>\n    El recinto ferial permanece abierto en un amplio horario, estructurado en diferentes \u00e1reas: ap\u00edcola, gastron\u00f3mica,<br \/>\n    zona infantil, zona de artesan\u00eda, zona comercial y callejones decorados.<\/p>\n<p>    Los amantes de la miel podr\u00e1n deleitarse en la zona ap\u00edcola donde disfrutar\u00e1n de diferentes expositores ap\u00edcolas,<br \/>\n    todos ellos productores locales de miel que pondr\u00e1n a su disposici\u00f3n todos las variedades existentes de miel, as\u00ed<br \/>\n    como productos derivados de la misma (prop\u00f3leos, jalea real, dulces, cosm\u00e9tica&#8230;). Y encontrar\u00e1n en gran atractivo<br \/>\n    de la feria: la gran urna de cristal con colmenas en su interior donde los apicultores entrar\u00e1n y reproducir\u00e1n su<br \/>\n    trabajo desde que se instala la colmena hasta el momento de extracci\u00f3n de la miel, que posteriormente dar\u00e1n a<br \/>\n    degustar al p\u00fablico. Se realizan diversas demostraciones en vivo del Corte de la Miel todos los d\u00edas.<\/p>\n<p>    Los visitantes pueden degustar los productos t\u00edpicos de la zona y comarca en la zona gastron\u00f3mica. Se realizan<br \/>\n    visitas guiadas a los Bienes de Inter\u00e9s Cultural de la poblaci\u00f3n: Iglesia Ntra. Sra. de la Asunci\u00f3n, Castillo\u2026 y<br \/>\n    adentr\u00e1ndonos en la naturaleza podemos conocer las pinturas rupestres del Abrigo de Tortosilla, Patrimonio de la<br \/>\n    Humanidad, y el poblado \u00edbero de Castellar de Meca. Podr\u00e1n conocer la historia de Ayora a trav\u00e9s de los callejones<br \/>\n    tem\u00e1ticos y diferentes exposiciones culturales.<\/p>\n<p>    Los m\u00e1s peque\u00f1os disponen de una zona infantil y de entretenimiento, donde se realizar\u00e1n diversas actividades<br \/>\n    did\u00e1cticas que les ayudar\u00e1n a conocer los secretos de la apicultura\u2026 de este modo los m\u00e1s mayores podr\u00e1n visitar la<br \/>\n    feria, mientras los peque\u00f1os se divierten.<\/p>\n<p>    La programaci\u00f3n se completa con diversas actividades para todos los p\u00fablicos como exhibici\u00f3n de vuelo de aves<br \/>\n    rapaces, concurso de mieles y platos elaborados con miel, actuaciones musicales&#8230; <\/p>\n","protected":false},"excerpt":{"rendered":"<p>Domingo, 12 Octubre Salida a las 9:00 AM desde Valencia, Av. Arag\u00f3n En Almansa parada de una hora para tomar caf\u00e9, almorzar y dar un breve paseo por el centro de la poblaci\u00f3n. Llegada a Ayora a las 11:45h. Tiempo libre para disfrutar de la feria de la miel. A las 18:00h regreso a Valencia. [&hellip;]<\/p>\n","protected":false},"featured_media":4255,"comment_status":"open","ping_status":"closed","template":"","meta":[],"product_cat":[96],"product_tag":[281,282,280,185],"_links":{"self":[{"href":"https:\/\/albertogarel.es\/tuociosinfronteras\/wp-json\/wp\/v2\/product\/4254"}],"collection":[{"href":"https:\/\/albertogarel.es\/tuociosinfronteras\/wp-json\/wp\/v2\/product"}],"about":[{"href":"https:\/\/albertogarel.es\/tuociosinfronteras\/wp-json\/wp\/v2\/types\/product"}],"replies":[{"embeddable":true,"href":"https:\/\/albertogarel.es\/tuociosinfronteras\/wp-json\/wp\/v2\/comments?post=4254"}],"wp:featuredmedia":[{"embeddable":true,"href":"https:\/\/albertogarel.es\/tuociosinfronteras\/wp-json\/wp\/v2\/media\/4255"}],"wp:attachment":[{"href":"https:\/\/albertogarel.es\/tuociosinfronteras\/wp-json\/wp\/v2\/media?parent=4254"}],"wp:term":[{"taxonomy":"product_cat","embeddable":true,"href":"https:\/\/albertogarel.es\/tuociosinfronteras\/wp-json\/wp\/v2\/product_cat?post=4254"},{"taxonomy":"product_tag","embeddable":true,"href":"https:\/\/albertogarel.es\/tuociosinfronteras\/wp-json\/wp\/v2\/product_tag?post=4254"}],"curies":[{"name":"wp","href":"https:\/\/api.w.org\/{rel}","templated":true}]}}